{"id":3850,"date":"2023-07-20T12:13:13","date_gmt":"2023-07-20T10:13:13","guid":{"rendered":"https:\/\/www.villaggiosanpaolo.com\/umgebung\/"},"modified":"2025-03-25T11:08:57","modified_gmt":"2025-03-25T10:08:57","slug":"umgebung","status":"publish","type":"page","link":"https:\/\/www.villaggiosanpaolo.com\/de\/umgebung\/","title":{"rendered":"Umgebung"},"content":{"rendered":"<div  class=\"grids-section four-servces-boxes grids-is-advanced alignwide\" style=\"--_gs-gap-desktop:0px 0px;--_gs-m-desktop:0 0 0 0;--_gs-p-desktop:35px 0 0 0;--_gs-bg-desktop:transparent none;--_gs-bg-xp-desktop:0px;--_gs-zi-desktop:auto;--_gs-d-desktop:block;--_gs-mw-desktop:calc(100% - 0 - 0);--_gs-gap-tablet:0px 0px;--_gs-m-tablet:0 0 0 0;--_gs-p-tablet:35px 0 0 0;--_gs-bg-tablet:transparent none;--_gs-bg-xp-tablet:0px;--_gs-zi-tablet:auto;--_gs-d-tablet:block;--_gs-mw-tablet:calc(100% - 0 - 0);--_gs-gap-mobile:0px 0px;--_gs-m-mobile:0 0 0 0;--_gs-p-mobile:25px 0 0 0;--_gs-bg-mobile:transparent none;--_gs-bg-xp-mobile:0px;--_gs-zi-mobile:auto;--_gs-d-mobile:block;--_gs-mw-mobile:calc(100% - 0 - 0);--_gs-columns:12;--_gs-rows:6\"><div class=\"grids-s-w_i\">\n<div class=\"grids-area\" style=\"--_ga-column:1\/13;--_ga-row:1\/4;--_ga-m-desktop:0 0 0 0;--_ga-p-desktop:0 0 0 0;--_ga-bg-desktop:transparent none;--_ga-zi-desktop:auto;--_ga-d-desktop:flex;--_ga-mw-desktop:calc(100% - 0 - 0);--_ga-m-tablet:0 0 0 0;--_ga-p-tablet:0 0 0 0;--_ga-bg-tablet:transparent none;--_ga-zi-tablet:auto;--_ga-d-tablet:flex;--_ga-mw-tablet:calc(100% - 0 - 0);--_ga-m-mobile:0 0 0 0;--_ga-p-mobile:0 0 0 0;--_ga-bg-mobile:transparent none;--_ga-zi-mobile:auto;--_ga-d-mobile:flex;--_ga-mw-mobile:calc(100% - 0 - 0)\">\n\n<h2 class=\"wp-block-heading has-text-align-center\">Cavallino Treporti\n        <\/h2>\n\n\n\n<h3 class=\"wp-block-heading has-text-align-center\">Entdeckungsreise zwischen Geschichte und Natur\n        <\/h3>\n\n<\/div>\n\n<div class=\"grids-area service-box animated slideInUp\" style=\"--_ga-column:1\/5;--_ga-row:4\/7;--_ga-m-desktop:0 0 0 0;--_ga-p-desktop:0 0 0 0;--_ga-bg-desktop:transparent none;--_ga-zi-desktop:auto;--_ga-d-desktop:flex;--_ga-mw-desktop:calc(100% - 0 - 0);--_ga-m-tablet:0 0 0 0;--_ga-p-tablet:0 0 0 0;--_ga-bg-tablet:transparent none;--_ga-zi-tablet:auto;--_ga-d-tablet:flex;--_ga-mw-tablet:calc(100% - 0 - 0);--_ga-m-mobile:0 0 0 0;--_ga-p-mobile:0 0 0 0;--_ga-bg-mobile:transparent none;--_ga-zi-mobile:auto;--_ga-d-mobile:flex;--_ga-mw-mobile:calc(100% - 0 - 0)\">\n<div class=\"wp-block-image\">\n<figure class=\"aligncenter size-full\"><img decoding=\"async\" src=\"https:\/\/www.villaggiosanpaolo.com\/wp-content\/uploads\/2023\/06\/wired-outline-1533-castle.svg\" alt=\"\" class=\"wp-image-1519\"\/><\/figure>\n<\/div>\n\n\n<p class=\"has-text-align-center\">ZEUGNISSE DER VERGANGENHEIT ZUM NACHDENKEN \u00dcBER UNSERE GEGENWART\n        <\/p>\n\n<\/div>\n\n<div class=\"grids-area service-box animated slideInUp delay-100ms\" style=\"--_ga-column:5\/9;--_ga-row:4\/7;--_ga-m-desktop:0 0 0 0;--_ga-p-desktop:0 0 0 0;--_ga-bg-desktop:transparent none;--_ga-zi-desktop:auto;--_ga-d-desktop:flex;--_ga-mw-desktop:calc(100% - 0 - 0);--_ga-m-tablet:0 0 0 0;--_ga-p-tablet:0 0 0 0;--_ga-bg-tablet:transparent none;--_ga-zi-tablet:auto;--_ga-d-tablet:flex;--_ga-mw-tablet:calc(100% - 0 - 0);--_ga-m-mobile:0 0 0 0;--_ga-p-mobile:0 0 0 0;--_ga-bg-mobile:transparent none;--_ga-zi-mobile:auto;--_ga-d-mobile:flex;--_ga-mw-mobile:calc(100% - 0 - 0)\">\n<div class=\"wp-block-image\">\n<figure class=\"aligncenter size-full\"><img decoding=\"async\" src=\"https:\/\/www.villaggiosanpaolo.com\/wp-content\/uploads\/2023\/06\/wired-outline-858-bicycle-2.svg\" alt=\"\" class=\"wp-image-1521\"\/><\/figure>\n<\/div>\n\n\n<p class=\"has-text-align-center\">NACHHALTIGER TOURISMUS\n        <\/p>\n\n<\/div>\n\n<div class=\"grids-area service-box animated slideInUp delay-200ms\" style=\"--_ga-column:9\/13;--_ga-row:4\/7;--_ga-m-desktop:0 0 0 0;--_ga-p-desktop:0 0 0 0;--_ga-bg-desktop:transparent none;--_ga-zi-desktop:auto;--_ga-d-desktop:flex;--_ga-mw-desktop:calc(100% - 0 - 0);--_ga-m-tablet:0 0 0 0;--_ga-p-tablet:0 0 0 0;--_ga-bg-tablet:transparent none;--_ga-zi-tablet:auto;--_ga-d-tablet:flex;--_ga-mw-tablet:calc(100% - 0 - 0);--_ga-m-mobile:0 0 0 0;--_ga-p-mobile:0 0 0 0;--_ga-bg-mobile:transparent none;--_ga-zi-mobile:auto;--_ga-d-mobile:flex;--_ga-mw-mobile:calc(100% - 0 - 0)\">\n<div class=\"wp-block-image\">\n<figure class=\"aligncenter size-full\"><img decoding=\"async\" src=\"https:\/\/www.villaggiosanpaolo.com\/wp-content\/uploads\/2023\/06\/wired-outline-805-sunset.svg\" alt=\"\" class=\"wp-image-1523\"\/><\/figure>\n<\/div>\n\n\n<p class=\"has-text-align-center\">EIN LAGUNEN-\u00d6KOSYSTEM DAS DEN HIMMEL UND DAS MEER WIDERSPIEGELT\n        <\/p>\n\n<\/div>\n<\/div><\/div>\n\n<div  id=\"viadeiforti\" class=\"grids-section swiper-cards-row grids-is-advanced alignwide\" style=\"--_gs-gap-desktop:0px 0px;--_gs-m-desktop:0 0 0 0;--_gs-p-desktop:0 0 0 0;--_gs-bg-desktop:transparent none;--_gs-bg-xp-desktop:0px;--_gs-zi-desktop:auto;--_gs-d-desktop:block;--_gs-mw-desktop:calc(100% - 0 - 0);--_gs-gap-tablet:0px 0px;--_gs-m-tablet:0 0 0 0;--_gs-p-tablet:0 0 0 0;--_gs-bg-tablet:transparent none;--_gs-bg-xp-tablet:0px;--_gs-zi-tablet:auto;--_gs-d-tablet:block;--_gs-mw-tablet:calc(100% - 0 - 0);--_gs-gap-mobile:0px 0px;--_gs-m-mobile:0 0 0 0;--_gs-p-mobile:0 0 0 0;--_gs-bg-mobile:transparent none;--_gs-bg-xp-mobile:0px;--_gs-zi-mobile:auto;--_gs-d-mobile:block;--_gs-mw-mobile:calc(100% - 0 - 0);--_gs-columns:12;--_gs-rows:6\"><div class=\"grids-s-w_i\">\n<div class=\"grids-area animated slideInLeft\" style=\"--_ga-column:1\/7;--_ga-row:1\/7;--_ga-va:center;--_ga-m-desktop:0 0 0 0;--_ga-p-desktop:0 0 0 0;--_ga-bg-desktop:transparent none;--_ga-zi-desktop:auto;--_ga-d-desktop:flex;--_ga-mw-desktop:calc(100% - 0 - 0);--_ga-m-tablet:0 0 0 0;--_ga-p-tablet:0 0 0 0;--_ga-bg-tablet:transparent none;--_ga-zi-tablet:auto;--_ga-d-tablet:flex;--_ga-mw-tablet:calc(100% - 0 - 0);--_ga-m-mobile:0 0 0 0;--_ga-p-mobile:0 0 0 0;--_ga-bg-mobile:transparent none;--_ga-zi-mobile:auto;--_ga-d-mobile:flex;--_ga-mw-mobile:calc(100% - 0 - 0)\">\n\n    <div class=\"pages-cards-container pages-cards-0\" id=\"pageCards_2\">\n        <div class=\"slider\">\n            <div class=\"swiper-wrapper\">\n                                                        <div class=\"pages-cards-single swiper-slide\">\n                        \n                            <figure class=\"full-width\">\n                                <img decoding=\"async\" src=\"https:\/\/www.villaggiosanpaolo.com\/wp-content\/uploads\/2023\/06\/villagio-san-paolo-cavallino-territorio-02.jpg\" title=\"Paesaggio naturale incontaminato, serenit\u00e0 garantita.\" alt=\"\" \/>\n                            <\/figure>\n                            <span><\/span>\n\n                                            <\/div>\n                            <\/div>\n        <\/div>\n        \n            <\/div>\n\n<script type=\"text\/javascript\">\n    jQuery(document).ready(function () {\n        var pageCards_2 = new Swiper ('#pageCards_2 .slider', {\n            slidesPerView: 1,\n\t\t\tloop: true,\n            centeredSlides: true,\n            centeredSlidesBounds: true,\n            pagination: {\n                el: '#pageCards_2 .slider-list-navigation .swiper-pagination',\n                clickable: true\n            },\n\t\t\tnavigation: {\n                nextEl: '#pageCards_2 .slider-list-navigation .swiper-button-next',\n\t\t\t\tprevEl: '#pageCards_2 .slider-list-navigation .swiper-button-prev'\n\t\t\t}\n        });\n    });\n<\/script>\n\n<\/div>\n\n<div class=\"grids-area animated slideInRight\" style=\"--_ga-column:7\/13;--_ga-row:1\/7;--_ga-va:center;--_ga-m-desktop:0 0 0 0;--_ga-p-desktop:0 0 0 0;--_ga-bg-desktop:transparent none;--_ga-zi-desktop:auto;--_ga-d-desktop:flex;--_ga-mw-desktop:calc(100% - 0 - 0);--_ga-m-tablet:0 0 0 0;--_ga-p-tablet:0 0 0 0;--_ga-bg-tablet:transparent none;--_ga-zi-tablet:auto;--_ga-d-tablet:flex;--_ga-mw-tablet:calc(100% - 0 - 0);--_ga-m-mobile:0 0 0 0;--_ga-p-mobile:0 0 0 0;--_ga-bg-mobile:transparent none;--_ga-zi-mobile:auto;--_ga-d-mobile:flex;--_ga-mw-mobile:calc(100% - 0 - 0)\">\n\n<h3 class=\"wp-block-heading petal-top\">Ein Spaziergang durch die Geschichte: die Via dei Forti\n        <\/h3>\n\n\n\n<p>Ein <a href=\"https:\/\/www.viadeiforti.it\/it\/\" target=\"_blank\" rel=\"noreferrer noopener\">Museumskomplex<\/a> unter <strong>freiem Himmel<\/strong> erweckt die <strong>Festungsanlagen<\/strong> und Batterien, die das Gebiet der Lagune von Venedig in der Zeit von <strong>1845 bis 1920<\/strong> verteidigten, zu ihrem alten Glanz.\n        <\/p>\n\n\n\n<p>Eine Zeitreise durch die Geschichte, die sich in die wundersch\u00f6ne Landschaft der Lagune einf\u00fcgt und die auch ein wertvolles Zeugnis f\u00fcr unser Dorf darstellt.\n         <\/p>\n\n\n\n<p>Die <strong>Batteria Radaelli<\/strong> ist ein <strong>kleines Museum<\/strong>, das sich direkt im Feriendorf San Paolo befindet und gelegentlich zum Schauplatz einzigartiger kulinarischer Veranstaltungen wird.\n        <\/p>\n\n\n\n<div class=\"wp-block-buttons is-layout-flex wp-block-buttons-is-layout-flex\">\n<div class=\"wp-block-button\"><a class=\"wp-block-button__link wp-element-button\" href=\"https:\/\/www.villaggiosanpaolo.com\/de\/das-museum\/\">Entdecken Sie das Museum\n        <\/a><\/div>\n<\/div>\n\n<\/div>\n<\/div><\/div>\n\n<div  id=\"cicloturismo\" class=\"grids-section center-box-row grids-is-advanced alignwide\" style=\"--_gs-gap-desktop:0px 0px;--_gs-m-desktop:0 0 0 0;--_gs-p-desktop:0 0 0 0;--_gs-bg-desktop:transparent url(https:\/\/www.villaggiosanpaolo.com\/wp-content\/uploads\/2023\/06\/villagio-san-paolo-cavallino-territorio-01.jpg) no-repeat 50% 50%  \/ cover;--_gs-bg-xp-desktop:0px;--_gs-zi-desktop:auto;--_gs-d-desktop:block;--_gs-mw-desktop:calc(100% - 0 - 0);--_gs-gap-tablet:0px 0px;--_gs-m-tablet:0 0 0 0;--_gs-p-tablet:0 0 0 0;--_gs-bg-tablet:transparent url(https:\/\/www.villaggiosanpaolo.com\/wp-content\/uploads\/2023\/06\/villagio-san-paolo-cavallino-territorio-01.jpg) no-repeat 50% 50%  \/ cover;--_gs-bg-xp-tablet:0px;--_gs-zi-tablet:auto;--_gs-d-tablet:block;--_gs-mw-tablet:calc(100% - 0 - 0);--_gs-gap-mobile:0px 0px;--_gs-m-mobile:0 0 0 0;--_gs-p-mobile:0 0 0 0;--_gs-bg-mobile:transparent url(https:\/\/www.villaggiosanpaolo.com\/wp-content\/uploads\/2023\/06\/villagio-san-paolo-cavallino-territorio-01.jpg) no-repeat 50% 50%  \/ cover;--_gs-bg-xp-mobile:0px;--_gs-zi-mobile:auto;--_gs-d-mobile:block;--_gs-mw-mobile:calc(100% - 0 - 0);--_gs-columns:12;--_gs-rows:6\"><div class=\"grids-s-w_i\">\n<div class=\"grids-area animated slideInUp\" style=\"--_ga-column:1\/13;--_ga-row:1\/7;--_ga-m-desktop:0 0 0 0;--_ga-p-desktop:0 0 0 0;--_ga-bg-desktop:transparent none;--_ga-zi-desktop:auto;--_ga-d-desktop:flex;--_ga-mw-desktop:calc(100% - 0 - 0);--_ga-m-tablet:0 0 0 0;--_ga-p-tablet:0 0 0 0;--_ga-bg-tablet:transparent none;--_ga-zi-tablet:auto;--_ga-d-tablet:flex;--_ga-mw-tablet:calc(100% - 0 - 0);--_ga-m-mobile:0 0 0 0;--_ga-p-mobile:0 0 0 0;--_ga-bg-mobile:transparent none;--_ga-zi-mobile:auto;--_ga-d-mobile:flex;--_ga-mw-mobile:calc(100% - 0 - 0)\">\n\n<span class=\"label\">EINE ATEMBERAUBENDE TOUR\n        <\/span>\n\n\n\n<h2 class=\"wp-block-heading has-text-align-center petal-before\">Fahrradtourismus in Cavallino Treporti\n        <\/h2>\n\n\n\n<p class=\"has-text-align-center\">Der Ferienpark Cavallino-Treporti bietet <strong>unglaubliche Ausblicke<\/strong> und angenehme und <strong>sichere Radwege<\/strong>.\n        <\/p>\n\n\n\n<p class=\"has-text-align-center\">Entdecken Sie die historischen D\u00f6rfer und Festungsanlagen oder erholen Sie sich auf dem brandneuen Rad- und Fu\u00dfg\u00e4ngerweg \u00fcber der Lagune bei einer unvergesslichen Fahrradtour. <strong>Sie k\u00f6nnen Ihr Fahrrad direkt im Villaggio ausleihen<\/strong>.\n        <\/p>\n\n<\/div>\n<\/div><\/div>\n\n<div  id=\"liopiccolo\" class=\"grids-section swiper-cards-row grids-is-advanced alignwide\" style=\"--_gs-gap-desktop:0px 0px;--_gs-m-desktop:0 0 0 0;--_gs-p-desktop:0 0 0 0;--_gs-bg-desktop:#e8f1ea none;--_gs-bg-xp-desktop:0px;--_gs-zi-desktop:auto;--_gs-d-desktop:block;--_gs-mw-desktop:calc(100% - 0 - 0);--_gs-gap-tablet:0px 0px;--_gs-m-tablet:0 0 0 0;--_gs-p-tablet:0 0 0 0;--_gs-bg-tablet:#e8f1ea none;--_gs-bg-xp-tablet:0px;--_gs-zi-tablet:auto;--_gs-d-tablet:block;--_gs-mw-tablet:calc(100% - 0 - 0);--_gs-gap-mobile:0px 0px;--_gs-m-mobile:0 0 0 0;--_gs-p-mobile:0 0 0 0;--_gs-bg-mobile:#e8f1ea none;--_gs-bg-xp-mobile:0px;--_gs-zi-mobile:auto;--_gs-d-mobile:block;--_gs-mw-mobile:calc(100% - 0 - 0);--_gs-columns:12;--_gs-rows:6\"><div class=\"grids-s-w_i\">\n<div class=\"grids-area animated slideInLeft \" style=\"--_ga-column:1\/7;--_ga-row:1\/7;--_ga-va:center;--_ga-m-desktop:0 0 0 0;--_ga-p-desktop:0 0 0 0;--_ga-bg-desktop:transparent none;--_ga-zi-desktop:auto;--_ga-d-desktop:flex;--_ga-mw-desktop:calc(100% - 0 - 0);--_ga-m-tablet:0 0 0 0;--_ga-p-tablet:0 0 0 0;--_ga-bg-tablet:transparent none;--_ga-zi-tablet:auto;--_ga-d-tablet:flex;--_ga-mw-tablet:calc(100% - 0 - 0);--_ga-m-mobile:0 0 0 0;--_ga-p-mobile:0 0 0 0;--_ga-bg-mobile:transparent none;--_ga-zi-mobile:auto;--_ga-d-mobile:flex;--_ga-mw-mobile:calc(100% - 0 - 0)\">\n\n<h3 class=\"wp-block-heading petal-top\">\u00dcber dem Wasser schwebende Landstriche: die Natur von Lio Piccolo\n        <\/h3>\n\n\n\n<p>Lio Piccolo ist ein wahres Mikro-\u00d6kosystem, das atemberaubende Einblicke in die Natur bietet. <strong>Inseln<\/strong>, <strong>Lagunen<\/strong>, <strong>Sandb\u00e4nke<\/strong> folgen einander in einem endlosen Wechsel von Perspektiven und Landschaften.\n         Dank des dichten Radwegenetzes und des fehlenden Verkehrs ist es der ideale Ort f\u00fcr gem\u00fctliche <strong>Spazierg\u00e4nge<\/strong> oder entspannende <strong>Fahrradtouren<\/strong>.\n        <\/p>\n\n\n\n<p>Ein friedlicher Ort zum Leben und Durchatmen.\n         Besonders eindrucksvoll ist ein Ausflug zu diesem einzigartigen Ort im <strong>Fr\u00fchling<\/strong>, wenn <strong>Flora<\/strong> und <strong>Fauna<\/strong> erwachen, oder im <strong>Herbst<\/strong>, wenn sich die kalten Monate ank\u00fcndigen, die Temperaturen milder sind und das <strong>Sommerchaos<\/strong> nur noch eine ferne Erinnerung ist.\n        <\/p>\n\n<\/div>\n\n<div class=\"grids-area animated slideInRight\" style=\"--_ga-column:7\/13;--_ga-row:1\/7;--_ga-va:center;--_ga-m-desktop:0 0 0 0;--_ga-p-desktop:0 0 0 0;--_ga-bg-desktop:transparent none;--_ga-zi-desktop:auto;--_ga-d-desktop:flex;--_ga-mw-desktop:calc(100% - 0 - 0);--_ga-m-tablet:0 0 0 0;--_ga-p-tablet:0 0 0 0;--_ga-bg-tablet:transparent none;--_ga-zi-tablet:auto;--_ga-d-tablet:flex;--_ga-mw-tablet:calc(100% - 0 - 0);--_ga-m-mobile:0 0 0 0;--_ga-p-mobile:0 0 0 0;--_ga-bg-mobile:transparent none;--_ga-zi-mobile:auto;--_ga-d-mobile:flex;--_ga-mw-mobile:calc(100% - 0 - 0)\">\n\n    <div class=\"pages-cards-container pages-cards-1\" id=\"pageCards_3\">\n        <div class=\"slider\">\n            <div class=\"swiper-wrapper\">\n                                                        <div class=\"pages-cards-single swiper-slide\">\n                        \n                            <figure class=\"full-width\">\n                                <img decoding=\"async\" src=\"https:\/\/www.villaggiosanpaolo.com\/wp-content\/uploads\/2023\/06\/villagio-san-paolo-cavallino-territorio-03.jpg\" title=\"Natura incontaminata, paesaggi mozzafiato\" alt=\"\" \/>\n                            <\/figure>\n                            <span><\/span>\n\n                                            <\/div>\n                            <\/div>\n        <\/div>\n        \n            <\/div>\n\n<script type=\"text\/javascript\">\n    jQuery(document).ready(function () {\n        var pageCards_3 = new Swiper ('#pageCards_3 .slider', {\n            slidesPerView: 1,\n\t\t\tloop: true,\n            centeredSlides: true,\n            centeredSlidesBounds: true,\n            pagination: {\n                el: '#pageCards_3 .slider-list-navigation .swiper-pagination',\n                clickable: true\n            },\n\t\t\tnavigation: {\n                nextEl: '#pageCards_3 .slider-list-navigation .swiper-button-next',\n\t\t\t\tprevEl: '#pageCards_3 .slider-list-navigation .swiper-button-prev'\n\t\t\t}\n        });\n    });\n<\/script>\n\n<\/div>\n<\/div><\/div>\n\n<div  class=\"grids-section trasparent-box-row grids-is-advanced alignwide\" style=\"--_gs-gap-desktop:0px 0px;--_gs-m-desktop:0 0 0 0;--_gs-p-desktop:0 0 0 0;--_gs-bg-desktop:transparent url(https:\/\/www.villaggiosanpaolo.com\/wp-content\/uploads\/2023\/06\/villagio-san-paolo-cavallino-territorio-banner-01.jpg) no-repeat 50% 50%  \/ cover;--_gs-bg-xp-desktop:0px;--_gs-zi-desktop:auto;--_gs-d-desktop:block;--_gs-mw-desktop:calc(100% - 0 - 0);--_gs-gap-tablet:0px 0px;--_gs-m-tablet:0 0 0 0;--_gs-p-tablet:0 0 0 0;--_gs-bg-tablet:transparent url(https:\/\/www.villaggiosanpaolo.com\/wp-content\/uploads\/2023\/06\/villagio-san-paolo-cavallino-territorio-banner-01.jpg) no-repeat 50% 50%  \/ cover;--_gs-bg-xp-tablet:0px;--_gs-zi-tablet:auto;--_gs-d-tablet:block;--_gs-mw-tablet:calc(100% - 0 - 0);--_gs-gap-mobile:0px 0px;--_gs-m-mobile:0 0 0 0;--_gs-p-mobile:0 0 0 0;--_gs-bg-mobile:transparent url(https:\/\/www.villaggiosanpaolo.com\/wp-content\/uploads\/2023\/06\/villagio-san-paolo-cavallino-territorio-banner-01.jpg) no-repeat 50% 50%  \/ cover;--_gs-bg-xp-mobile:0px;--_gs-zi-mobile:auto;--_gs-d-mobile:block;--_gs-mw-mobile:calc(100% - 0 - 0);--_gs-columns:12;--_gs-rows:6\"><div class=\"grids-s-w_i\">\n<div class=\"grids-area animated slideInUp\" style=\"--_ga-column:1\/13;--_ga-row:1\/7;--_ga-m-desktop:0 0 0 0;--_ga-p-desktop:0 0 0 0;--_ga-bg-desktop:transparent none;--_ga-zi-desktop:auto;--_ga-d-desktop:flex;--_ga-mw-desktop:calc(100% - 0 - 0);--_ga-m-tablet:0 0 0 0;--_ga-p-tablet:0 0 0 0;--_ga-bg-tablet:transparent none;--_ga-zi-tablet:auto;--_ga-d-tablet:flex;--_ga-mw-tablet:calc(100% - 0 - 0);--_ga-m-mobile:0 0 0 0;--_ga-p-mobile:0 0 0 0;--_ga-bg-mobile:transparent none;--_ga-zi-mobile:auto;--_ga-d-mobile:flex;--_ga-mw-mobile:calc(100% - 0 - 0)\">\n\n<h2 class=\"wp-block-heading has-text-align-center\">Regional Einkaufen\n        <\/h2>\n\n\n\n<p class=\"has-text-align-center\">Ein Bummel zwischen den St\u00e4nden, um lokale Produkte oder ein paar Sommerkleider zu kaufen, lohnt sich dank der w\u00f6chentlich stattfindenden M\u00e4rkte an der K\u00fcste immer:\n        <\/p>\n\n\n\n<p class=\"has-text-align-center\">jeden <strong>Dienstag<\/strong> von <strong>7.30 Uhr<\/strong> bis <strong>15.00 Uhr<\/strong>, Via Equilia, Cavallino; <br>jeden <strong>Mittwoch<\/strong> von <strong>8.00 Uhr<\/strong> bis <strong>13.00 Uhr<\/strong>, Bauernmarkt, Piazza Papa Giovanni Paolo II, Ca&#8217;Savio; <br>jeden <strong>Donnerstag<\/strong> von <strong>8:00 Uhr<\/strong> bis <strong>15:00 Uhr<\/strong>, Piazza S.S. Trinit\u00e0, Treporti.<\/p>\n\n<\/div>\n<\/div><\/div>\n\n<div  id=\"museo\" class=\"grids-section center-box-row grids-is-advanced alignwide\" style=\"--_gs-gap-desktop:0px 0px;--_gs-m-desktop:0 0 0 0;--_gs-p-desktop:0 0 0 0;--_gs-bg-desktop:transparent url(https:\/\/www.villaggiosanpaolo.com\/wp-content\/uploads\/2023\/06\/villagio-san-paolo-cavallino-territorio-banner-02.jpg) no-repeat 50% 50%  \/ cover;--_gs-bg-xp-desktop:0px;--_gs-zi-desktop:auto;--_gs-d-desktop:block;--_gs-mw-desktop:calc(100% - 0 - 0);--_gs-gap-tablet:0px 0px;--_gs-m-tablet:0 0 0 0;--_gs-p-tablet:0 0 0 0;--_gs-bg-tablet:transparent url(https:\/\/www.villaggiosanpaolo.com\/wp-content\/uploads\/2023\/06\/villagio-san-paolo-cavallino-territorio-banner-02.jpg) no-repeat 50% 50%  \/ cover;--_gs-bg-xp-tablet:0px;--_gs-zi-tablet:auto;--_gs-d-tablet:block;--_gs-mw-tablet:calc(100% - 0 - 0);--_gs-gap-mobile:0px 0px;--_gs-m-mobile:0 0 0 0;--_gs-p-mobile:0 0 0 0;--_gs-bg-mobile:transparent url(https:\/\/www.villaggiosanpaolo.com\/wp-content\/uploads\/2023\/06\/villagio-san-paolo-cavallino-territorio-banner-02.jpg) no-repeat 50% 50%  \/ cover;--_gs-bg-xp-mobile:0px;--_gs-zi-mobile:auto;--_gs-d-mobile:block;--_gs-mw-mobile:calc(100% - 0 - 0);--_gs-columns:12;--_gs-rows:6\"><div class=\"grids-s-w_i\">\n<div class=\"grids-area animated slideInUp\" style=\"--_ga-column:1\/13;--_ga-row:1\/7;--_ga-m-desktop:0 0 0 0;--_ga-p-desktop:0 0 0 0;--_ga-bg-desktop:transparent none;--_ga-zi-desktop:auto;--_ga-d-desktop:flex;--_ga-mw-desktop:calc(100% - 0 - 0);--_ga-m-tablet:0 0 0 0;--_ga-p-tablet:0 0 0 0;--_ga-bg-tablet:transparent none;--_ga-zi-tablet:auto;--_ga-d-tablet:flex;--_ga-mw-tablet:calc(100% - 0 - 0);--_ga-m-mobile:0 0 0 0;--_ga-p-mobile:0 0 0 0;--_ga-bg-mobile:transparent none;--_ga-zi-mobile:auto;--_ga-d-mobile:flex;--_ga-mw-mobile:calc(100% - 0 - 0)\">\n\n<span class=\"label\">DIE UNBER\u00dcHRTE NATUR DER LAGUNE\n        <\/span>\n\n\n\n<h2 class=\"wp-block-heading has-text-align-center petal-before\">Nicht nur Venedig: die tausend Gesichter der Lagune\n        <\/h2>\n\n\n\n<p><strong>Punta Sabbioni<\/strong> ist die \u00e4u\u00dferste Spitze der Halbinsel von Cavallino-Treporti, die vom Villaggio aus leicht zu erreichen ist und von der aus Sie <strong>Venedig<\/strong> in nur <strong>30 Minuten<\/strong> mit dem Boot erreichen k\u00f6nnen.\n         Diese magische Stadt vom Wasser aus zu erreichen, ist ein einzigartiges Schauspiel.\n         <\/p>\n\n\n\n<p>Aber es ist ebenso unglaublich, die zahlreichen Juwelen zu entdecken, die die Lagune von Venedig zu bieten hat: die Farben von <strong>Burano<\/strong>, die Geschichte von <strong>Torcello<\/strong>, den Charme der Kreationen von Murano und die unber\u00fchrte Natur von <strong>Sant&#8217;Erasmo<\/strong>.\n         Sie m\u00fcssen sich nur noch entscheiden, was Sie heute entdecken wollen.\n         Erleben Sie Venedig und seine Inseln das ganze Jahr \u00fcber, den <strong>Karneval<\/strong> und die <strong>venezianischen Traditionen<\/strong>!\n        <\/p>\n\n<\/div>\n<\/div><\/div>","protected":false},"excerpt":{"rendered":"","protected":false},"author":1,"featured_media":3036,"parent":0,"menu_order":0,"comment_status":"closed","ping_status":"closed","template":"","meta":{"_acf_changed":false,"_seopress_robots_primary_cat":"","_seopress_titles_title":"Cavallino Treporti, eine Region, die entdeckt werden will %%sep%% %%sitetitle%%\n        ","_seopress_titles_desc":"Mit seiner besonderen Lage zwischen dem Meer und der venezianischen Lagune bietet dieses Fleckchen Paradies eine F\u00fclle an nat\u00fcrlichen, kulturellen und gastronomischen Sch\u00f6nheiten, die es zu einem unverzichtbaren Reiseziel machen\n        ","_seopress_robots_index":"","advgb_blocks_editor_width":"","advgb_blocks_columns_visual_guide":"","footnotes":""},"class_list":["post-3850","page","type-page","status-publish","has-post-thumbnail","hentry","entry"],"acf":[],"coauthors":[],"author_meta":{"author_link":"https:\/\/www.villaggiosanpaolo.com\/de\/author\/ales-ckgmi8c90\/","display_name":"ales-ckgmi8c90"},"relative_dates":{"created":"Posted 3\u00a0Jahren ago","modified":"Updated 1\u00a0Jahr ago"},"absolute_dates":{"created":"Posted on Juli 20, 2023","modified":"Updated on M\u00e4rz 25, 2025"},"absolute_dates_time":{"created":"Posted on Juli 20, 2023 12:13 p.m.","modified":"Updated on M\u00e4rz 25, 2025 11:08 a.m."},"featured_img_caption":"","featured_img":"https:\/\/www.villaggiosanpaolo.com\/wp-content\/uploads\/2023\/06\/villagio-san-paolo-cavallino-territorio-banner-1568x784.jpg","series_order":"","_links":{"self":[{"href":"https:\/\/www.villaggiosanpaolo.com\/de\/wp-json\/wp\/v2\/pages\/3850","targetHints":{"allow":["GET"]}}],"collection":[{"href":"https:\/\/www.villaggiosanpaolo.com\/de\/wp-json\/wp\/v2\/pages"}],"about":[{"href":"https:\/\/www.villaggiosanpaolo.com\/de\/wp-json\/wp\/v2\/types\/page"}],"author":[{"embeddable":true,"href":"https:\/\/www.villaggiosanpaolo.com\/de\/wp-json\/wp\/v2\/users\/1"}],"replies":[{"embeddable":true,"href":"https:\/\/www.villaggiosanpaolo.com\/de\/wp-json\/wp\/v2\/comments?post=3850"}],"version-history":[{"count":2,"href":"https:\/\/www.villaggiosanpaolo.com\/de\/wp-json\/wp\/v2\/pages\/3850\/revisions"}],"predecessor-version":[{"id":5817,"href":"https:\/\/www.villaggiosanpaolo.com\/de\/wp-json\/wp\/v2\/pages\/3850\/revisions\/5817"}],"wp:featuredmedia":[{"embeddable":true,"href":"https:\/\/www.villaggiosanpaolo.com\/de\/wp-json\/wp\/v2\/media\/3036"}],"wp:attachment":[{"href":"https:\/\/www.villaggiosanpaolo.com\/de\/wp-json\/wp\/v2\/media?parent=3850"}],"curies":[{"name":"wp","href":"https:\/\/api.w.org\/{rel}","templated":true}]}}