{"id":3888,"date":"2023-07-20T12:13:17","date_gmt":"2023-07-20T10:13:17","guid":{"rendered":"https:\/\/www.villaggiosanpaolo.com\/barrierefreiheit\/"},"modified":"2025-04-10T09:24:51","modified_gmt":"2025-04-10T07:24:51","slug":"barrierefreiheit","status":"publish","type":"page","link":"https:\/\/www.villaggiosanpaolo.com\/de\/barrierefreiheit\/","title":{"rendered":"Barrierefreiheit"},"content":{"rendered":"<div  class=\"grids-section four-servces-boxes grids-is-advanced alignwide\" style=\"--_gs-gap-desktop:0px 0px;--_gs-m-desktop:0 0 -100px 0;--_gs-p-desktop:0 0 0 0;--_gs-bg-desktop:transparent none;--_gs-bg-xp-desktop:0px;--_gs-zi-desktop:auto;--_gs-d-desktop:block;--_gs-mw-desktop:calc(100% - 0 - 0);--_gs-gap-tablet:0px 0px;--_gs-m-tablet:0 0 -100px 0;--_gs-p-tablet:0 0 0 0;--_gs-bg-tablet:transparent none;--_gs-bg-xp-tablet:0px;--_gs-zi-tablet:auto;--_gs-d-tablet:block;--_gs-mw-tablet:calc(100% - 0 - 0);--_gs-gap-mobile:0px 0px;--_gs-m-mobile:0 0 -100px 0;--_gs-p-mobile:0 0 0 0;--_gs-bg-mobile:transparent none;--_gs-bg-xp-mobile:0px;--_gs-zi-mobile:auto;--_gs-d-mobile:block;--_gs-mw-mobile:calc(100% - 0 - 0);--_gs-columns:12;--_gs-rows:6\"><div class=\"grids-s-w_i\">\n<div class=\"grids-area\" style=\"--_ga-column:1\/13;--_ga-row:1\/4;--_ga-m-desktop:0 0 0 0;--_ga-p-desktop:0 0 0 0;--_ga-bg-desktop:transparent none;--_ga-zi-desktop:auto;--_ga-d-desktop:flex;--_ga-mw-desktop:calc(100% - 0 - 0);--_ga-m-tablet:0 0 0 0;--_ga-p-tablet:0 0 0 0;--_ga-bg-tablet:transparent none;--_ga-zi-tablet:auto;--_ga-d-tablet:flex;--_ga-mw-tablet:calc(100% - 0 - 0);--_ga-m-mobile:0 0 0 0;--_ga-p-mobile:0 0 0 0;--_ga-bg-mobile:transparent none;--_ga-zi-mobile:auto;--_ga-d-mobile:flex;--_ga-mw-mobile:calc(100% - 0 - 0)\">\n\n<h2 class=\"wp-block-heading has-text-align-center\">Ein Feriendorf ohne Barrieren in Cavallino-Treporti\n        <\/h2>\n\n\n\n<h3 class=\"wp-block-heading has-text-align-center\">Ein Feriendorf f\u00fcr alle\n        <\/h3>\n\n\n\n<p class=\"has-text-align-center\">Das Villaggio San Paolo hei\u00dft alle Besucher willkommen, auch G\u00e4ste mit <strong>besonderen Bed\u00fcrfnissen<\/strong>! Dank seiner Ausrichtung auf <strong>Barrierefreiheit<\/strong> garantiert das Villaggio allen G\u00e4sten einen <strong>ruhigen<\/strong> und <strong>behindertengerechten Urlaub<\/strong>.\n        <\/p>\n\n<\/div>\n<\/div><\/div>\n\n<div  class=\"grids-section trasparent-box-row grids-is-advanced alignwide\" style=\"--_gs-gap-desktop:0px 0px;--_gs-m-desktop:0 0 0 0;--_gs-p-desktop:0 0 0 0;--_gs-bg-desktop:transparent url(https:\/\/www.villaggiosanpaolo.com\/wp-content\/uploads\/2023\/05\/villagio-san-paolo-cavallino-bungalow-delladriatico-05.jpg) no-repeat 50% 50%  \/ cover;--_gs-bg-xp-desktop:0px;--_gs-zi-desktop:auto;--_gs-d-desktop:block;--_gs-mw-desktop:calc(100% - 0 - 0);--_gs-gap-tablet:0px 0px;--_gs-m-tablet:0 0 0 0;--_gs-p-tablet:0 0 0 0;--_gs-bg-tablet:transparent url(https:\/\/www.villaggiosanpaolo.com\/wp-content\/uploads\/2023\/05\/villagio-san-paolo-cavallino-bungalow-delladriatico-05.jpg) no-repeat 50% 50%  \/ cover;--_gs-bg-xp-tablet:0px;--_gs-zi-tablet:auto;--_gs-d-tablet:block;--_gs-mw-tablet:calc(100% - 0 - 0);--_gs-gap-mobile:0px 0px;--_gs-m-mobile:0 0 0 0;--_gs-p-mobile:0 0 0 0;--_gs-bg-mobile:transparent url(https:\/\/www.villaggiosanpaolo.com\/wp-content\/uploads\/2023\/05\/villagio-san-paolo-cavallino-bungalow-delladriatico-05.jpg) no-repeat 50% 50%  \/ cover;--_gs-bg-xp-mobile:0px;--_gs-zi-mobile:auto;--_gs-d-mobile:block;--_gs-mw-mobile:calc(100% - 0 - 0);--_gs-columns:12;--_gs-rows:6\"><div class=\"grids-s-w_i\">\n<div class=\"grids-area animated slideInUp\" style=\"--_ga-column:1\/13;--_ga-row:1\/7;--_ga-m-desktop:0 0 0 0;--_ga-p-desktop:0 0 0 0;--_ga-bg-desktop:transparent none;--_ga-zi-desktop:auto;--_ga-d-desktop:flex;--_ga-mw-desktop:calc(100% - 0 - 0);--_ga-m-tablet:0 0 0 0;--_ga-p-tablet:0 0 0 0;--_ga-bg-tablet:transparent none;--_ga-zi-tablet:auto;--_ga-d-tablet:flex;--_ga-mw-tablet:calc(100% - 0 - 0);--_ga-m-mobile:0 0 0 0;--_ga-p-mobile:0 0 0 0;--_ga-bg-mobile:transparent none;--_ga-zi-mobile:auto;--_ga-d-mobile:flex;--_ga-mw-mobile:calc(100% - 0 - 0)\">\n\n<h2 class=\"wp-block-heading has-text-align-center\">Barrierefreie Unterk\u00fcnfte.\n        <\/h2>\n\n\n\n<h3 class=\"wp-block-heading has-text-align-center\">30 % der Unterk\u00fcnfte sind barrierefrei\n        <\/h3>\n\n\n\n<p class=\"has-text-align-center\">Viele unserer Unterk\u00fcnfte und alle Hotelzimmer sind f\u00fcr Menschen mit <strong>Behinderungen<\/strong> und <strong>eingeschr\u00e4nkter Mobilit\u00e4t<\/strong> <strong>leicht zug\u00e4nglich<\/strong>.\n         Das gesamte Villaggio San Paolo ist darauf ausgerichtet, <strong>unbeschwerte<\/strong> und <strong>erholsame<\/strong> Tage zu verbringen, damit jeder die unausl\u00f6schliche Erinnerung an einen inklusiven Urlaub beh\u00e4lt.\n        <\/p>\n\n<\/div>\n<\/div><\/div>\n\n<div  class=\"grids-section swiper-cards-row grids-is-advanced alignwide\" style=\"--_gs-gap-desktop:0px 0px;--_gs-m-desktop:0 0 0 0;--_gs-p-desktop:0 0 0 0;--_gs-bg-desktop:#e8f1ea none;--_gs-bg-xp-desktop:0px;--_gs-zi-desktop:auto;--_gs-d-desktop:block;--_gs-mw-desktop:calc(100% - 0 - 0);--_gs-gap-tablet:0px 0px;--_gs-m-tablet:0 0 0 0;--_gs-p-tablet:0 0 0 0;--_gs-bg-tablet:#e8f1ea none;--_gs-bg-xp-tablet:0px;--_gs-zi-tablet:auto;--_gs-d-tablet:block;--_gs-mw-tablet:calc(100% - 0 - 0);--_gs-gap-mobile:0px 0px;--_gs-m-mobile:0 0 0 0;--_gs-p-mobile:0 0 0 0;--_gs-bg-mobile:#e8f1ea none;--_gs-bg-xp-mobile:0px;--_gs-zi-mobile:auto;--_gs-d-mobile:block;--_gs-mw-mobile:calc(100% - 0 - 0);--_gs-columns:12;--_gs-rows:6\"><div class=\"grids-s-w_i\">\n<div class=\"grids-area animated slideInLeft \" style=\"--_ga-column:1\/7;--_ga-row:1\/7;--_ga-va:center;--_ga-m-desktop:0 0 0 0;--_ga-p-desktop:0 0 0 0;--_ga-bg-desktop:transparent none;--_ga-zi-desktop:auto;--_ga-d-desktop:flex;--_ga-mw-desktop:calc(100% - 0 - 0);--_ga-m-tablet:0 0 0 0;--_ga-p-tablet:0 0 0 0;--_ga-bg-tablet:transparent none;--_ga-zi-tablet:auto;--_ga-d-tablet:flex;--_ga-mw-tablet:calc(100% - 0 - 0);--_ga-m-mobile:0 0 0 0;--_ga-p-mobile:0 0 0 0;--_ga-bg-mobile:transparent none;--_ga-zi-mobile:auto;--_ga-d-mobile:flex;--_ga-mw-mobile:calc(100% - 0 - 0)\">\n\n<h3 class=\"wp-block-heading petal-top\">Ein Strand f\u00fcr alle\n        <\/h3>\n\n\n\n<p>Die <strong>Hilfsmittel<\/strong> und <strong>Ausr\u00fcstungen<\/strong> f\u00fcr den Zugang zum Strand und ins Wasser erm\u00f6glichen es jedem, die Freiheit, die Sch\u00f6nheit und die wohltuende Kraft des Meeres zu genie\u00dfen.\n        <\/p>\n\n\n\n<p>Die <strong>Strandpl\u00e4tze<\/strong> sind auch mit Rollst\u00fchlen, Kinderwagen oder Rollatoren <strong>leicht<\/strong> <strong>zu erreichen<\/strong>, und die komfortablen Sanit\u00e4ranlagen mit Duschen direkt am Strand sorgen f\u00fcr Komfort und Unbeschwertheit an Ihren Strandtagen.\n        <\/p>\n\n<\/div>\n\n<div class=\"grids-area animated slideInRight\" style=\"--_ga-column:7\/13;--_ga-row:1\/7;--_ga-va:center;--_ga-m-desktop:0 0 0 0;--_ga-p-desktop:0 0 0 0;--_ga-bg-desktop:transparent none;--_ga-zi-desktop:auto;--_ga-d-desktop:flex;--_ga-mw-desktop:calc(100% - 0 - 0);--_ga-m-tablet:0 0 0 0;--_ga-p-tablet:0 0 0 0;--_ga-bg-tablet:transparent none;--_ga-zi-tablet:auto;--_ga-d-tablet:flex;--_ga-mw-tablet:calc(100% - 0 - 0);--_ga-m-mobile:0 0 0 0;--_ga-p-mobile:0 0 0 0;--_ga-bg-mobile:transparent none;--_ga-zi-mobile:auto;--_ga-d-mobile:flex;--_ga-mw-mobile:calc(100% - 0 - 0)\">\n\n    <div class=\"pages-cards-container pages-cards-1\" id=\"pageCards_2\">\n        <div class=\"slider\">\n            <div class=\"swiper-wrapper\">\n                                                        <div class=\"pages-cards-single swiper-slide\">\n                        \n                            <figure class=\"full-width\">\n                                <img decoding=\"async\" src=\"https:\/\/www.villaggiosanpaolo.com\/wp-content\/uploads\/2024\/03\/Ausili-in-spiaggia.jpg\" title=\"Ausili-in-spiaggia\" alt=\"\" \/>\n                            <\/figure>\n                            <span><\/span>\n\n                                            <\/div>\n                            <\/div>\n        <\/div>\n        \n            <\/div>\n\n<script type=\"text\/javascript\">\n    jQuery(document).ready(function () {\n        var pageCards_2 = new Swiper ('#pageCards_2 .slider', {\n            slidesPerView: 1,\n\t\t\tloop: true,\n            centeredSlides: true,\n            centeredSlidesBounds: true,\n            pagination: {\n                el: '#pageCards_2 .slider-list-navigation .swiper-pagination',\n                clickable: true\n            },\n\t\t\tnavigation: {\n                nextEl: '#pageCards_2 .slider-list-navigation .swiper-button-next',\n\t\t\t\tprevEl: '#pageCards_2 .slider-list-navigation .swiper-button-prev'\n\t\t\t}\n        });\n    });\n<\/script>\n\n<\/div>\n<\/div><\/div>\n\n<div  class=\"grids-section four-servces-boxes grids-is-advanced alignwide\" style=\"--_gs-gap-desktop:0px 0px;--_gs-m-desktop:0 0 0 0;--_gs-p-desktop:35px 0 0 0;--_gs-bg-desktop:transparent none;--_gs-bg-xp-desktop:0px;--_gs-zi-desktop:auto;--_gs-d-desktop:block;--_gs-mw-desktop:calc(100% - 0 - 0);--_gs-gap-tablet:0px 0px;--_gs-m-tablet:0 0 0 0;--_gs-p-tablet:35px 0 0 0;--_gs-bg-tablet:transparent none;--_gs-bg-xp-tablet:0px;--_gs-zi-tablet:auto;--_gs-d-tablet:block;--_gs-mw-tablet:calc(100% - 0 - 0);--_gs-gap-mobile:0px 0px;--_gs-m-mobile:0 0 0 0;--_gs-p-mobile:25px 0 0 0;--_gs-bg-mobile:transparent none;--_gs-bg-xp-mobile:0px;--_gs-zi-mobile:auto;--_gs-d-mobile:block;--_gs-mw-mobile:calc(100% - 0 - 0);--_gs-columns:12;--_gs-rows:6\"><div class=\"grids-s-w_i\">\n<div class=\"grids-area\" style=\"--_ga-column:1\/13;--_ga-row:1\/4;--_ga-m-desktop:0 0 0 0;--_ga-p-desktop:0 0 0 0;--_ga-bg-desktop:transparent none;--_ga-zi-desktop:auto;--_ga-d-desktop:flex;--_ga-mw-desktop:calc(100% - 0 - 0);--_ga-m-tablet:0 0 0 0;--_ga-p-tablet:0 0 0 0;--_ga-bg-tablet:transparent none;--_ga-zi-tablet:auto;--_ga-d-tablet:flex;--_ga-mw-tablet:calc(100% - 0 - 0);--_ga-m-mobile:0 0 0 0;--_ga-p-mobile:0 0 0 0;--_ga-bg-mobile:transparent none;--_ga-zi-mobile:auto;--_ga-d-mobile:flex;--_ga-mw-mobile:calc(100% - 0 - 0)\">\n\n<h2 class=\"wp-block-heading has-text-align-center\">Barrierefreiheit am Strand\n        <\/h2>\n\n\n\n<p class=\"has-text-align-center\">Gastfreundschaft im Villaggio San Paolo bedeutet nicht nur, dass wir unseren G\u00e4sten mit k\u00f6rperlichen Einschr\u00e4nkungen spezielle Hilfsmittel und Dienstleistungen zur Verf\u00fcgung stellen.\n         Es bedeutet, dass wir unsere Herzen f\u00fcr eine Urlaubsvision \u00f6ffnen, die <strong>den Menschen in den Mittelpunkt stellt<\/strong> und es uns erm\u00f6glicht, einzigartige Erfahrungen der <strong>Integration<\/strong> zu erleben, nach dem Motto <strong>\u201eWir bleiben anders\u201c<\/strong>.\n        <\/p>\n\n<\/div>\n\n<div class=\"grids-area service-box animated slideInUp\" style=\"--_ga-column:1\/4;--_ga-row:4\/7;--_ga-m-desktop:0 0 0 0;--_ga-p-desktop:0 0 0 0;--_ga-bg-desktop:transparent none;--_ga-zi-desktop:auto;--_ga-d-desktop:flex;--_ga-mw-desktop:calc(100% - 0 - 0);--_ga-m-tablet:0 0 0 0;--_ga-p-tablet:0 0 0 0;--_ga-bg-tablet:transparent none;--_ga-zi-tablet:auto;--_ga-d-tablet:flex;--_ga-mw-tablet:calc(100% - 0 - 0);--_ga-m-mobile:0 0 0 0;--_ga-p-mobile:0 0 0 0;--_ga-bg-mobile:transparent none;--_ga-zi-mobile:auto;--_ga-d-mobile:flex;--_ga-mw-mobile:calc(100% - 0 - 0)\">\n<div class=\"wp-block-image\">\n<figure class=\"aligncenter size-full\"><img decoding=\"async\" src=\"https:\/\/www.villaggiosanpaolo.com\/wp-content\/uploads\/2023\/05\/carozzina.svg\" alt=\"\" class=\"wp-image-1437\"\/><\/figure>\n<\/div>\n\n\n<p class=\"has-text-align-center\">ROLLST\u00dcHLE UND ARBEITSSESSEL\n        <\/p>\n\n<\/div>\n\n<div class=\"grids-area service-box animated slideInUp delay-100ms\" style=\"--_ga-column:4\/7;--_ga-row:4\/7;--_ga-m-desktop:0 0 0 0;--_ga-p-desktop:0 0 0 0;--_ga-bg-desktop:transparent none;--_ga-zi-desktop:auto;--_ga-d-desktop:flex;--_ga-mw-desktop:calc(100% - 0 - 0);--_ga-m-tablet:0 0 0 0;--_ga-p-tablet:0 0 0 0;--_ga-bg-tablet:transparent none;--_ga-zi-tablet:auto;--_ga-d-tablet:flex;--_ga-mw-tablet:calc(100% - 0 - 0);--_ga-m-mobile:0 0 0 0;--_ga-p-mobile:0 0 0 0;--_ga-bg-mobile:transparent none;--_ga-zi-mobile:auto;--_ga-d-mobile:flex;--_ga-mw-mobile:calc(100% - 0 - 0)\">\n<div class=\"wp-block-image\">\n<figure class=\"aligncenter size-full\"><img decoding=\"async\" src=\"https:\/\/www.villaggiosanpaolo.com\/wp-content\/uploads\/2023\/05\/passerella.svg\" alt=\"\" class=\"wp-image-1439\"\/><\/figure>\n<\/div>\n\n\n<p class=\"has-text-align-center\">LAUFSTEGE\n        <\/p>\n\n<\/div>\n\n<div class=\"grids-area service-box animated slideInUp delay-200ms\" style=\"--_ga-column:7\/10;--_ga-row:4\/7;--_ga-m-desktop:0 0 0 0;--_ga-p-desktop:0 0 0 0;--_ga-bg-desktop:transparent none;--_ga-zi-desktop:auto;--_ga-d-desktop:flex;--_ga-mw-desktop:calc(100% - 0 - 0);--_ga-m-tablet:0 0 0 0;--_ga-p-tablet:0 0 0 0;--_ga-bg-tablet:transparent none;--_ga-zi-tablet:auto;--_ga-d-tablet:flex;--_ga-mw-tablet:calc(100% - 0 - 0);--_ga-m-mobile:0 0 0 0;--_ga-p-mobile:0 0 0 0;--_ga-bg-mobile:transparent none;--_ga-zi-mobile:auto;--_ga-d-mobile:flex;--_ga-mw-mobile:calc(100% - 0 - 0)\">\n<div class=\"wp-block-image\">\n<figure class=\"aligncenter size-full\"><img decoding=\"async\" src=\"https:\/\/www.villaggiosanpaolo.com\/wp-content\/uploads\/2023\/05\/shower.svg\" alt=\"\" class=\"wp-image-1441\"\/><\/figure>\n<\/div>\n\n\n<p class=\"has-text-align-center\">B\u00c4DER MIT DUSCHEN AM STRAND\n        <\/p>\n\n<\/div>\n\n<div class=\"grids-area service-box animated slideInUp delay-500ms\" style=\"--_ga-column:10\/13;--_ga-row:4\/7;--_ga-m-desktop:0 0 0 0;--_ga-p-desktop:0 0 0 0;--_ga-bg-desktop:transparent none;--_ga-zi-desktop:auto;--_ga-d-desktop:flex;--_ga-mw-desktop:calc(100% - 0 - 0);--_ga-m-tablet:0 0 0 0;--_ga-p-tablet:0 0 0 0;--_ga-bg-tablet:transparent none;--_ga-zi-tablet:auto;--_ga-d-tablet:flex;--_ga-mw-tablet:calc(100% - 0 - 0);--_ga-m-mobile:0 0 0 0;--_ga-p-mobile:0 0 0 0;--_ga-bg-mobile:transparent none;--_ga-zi-mobile:auto;--_ga-d-mobile:flex;--_ga-mw-mobile:calc(100% - 0 - 0)\">\n<div class=\"wp-block-image\">\n<figure class=\"aligncenter size-full\"><img decoding=\"async\" src=\"https:\/\/www.villaggiosanpaolo.com\/wp-content\/uploads\/2023\/05\/lettino.svg\" alt=\"\" class=\"wp-image-1443\"\/><\/figure>\n<\/div>\n\n\n<p class=\"has-text-align-center\">ERH\u00d6HTE LIEGEN UND BARRIEREFREIE PL\u00c4TZE\n        <\/p>\n\n<\/div>\n<\/div><\/div>\n\n<div  class=\"grids-section trasparent-box-row grids-is-advanced alignwide\" style=\"--_gs-gap-desktop:0px 0px;--_gs-m-desktop:0 0 0 0;--_gs-p-desktop:0 0 0 0;--_gs-bg-desktop:transparent none;--_gs-bg-xp-desktop:0px;--_gs-zi-desktop:auto;--_gs-d-desktop:block;--_gs-mw-desktop:calc(100% - 0 - 0);--_gs-gap-tablet:0px 0px;--_gs-m-tablet:0 0 0 0;--_gs-p-tablet:0 0 0 0;--_gs-bg-tablet:transparent none;--_gs-bg-xp-tablet:0px;--_gs-zi-tablet:auto;--_gs-d-tablet:block;--_gs-mw-tablet:calc(100% - 0 - 0);--_gs-gap-mobile:0px 0px;--_gs-m-mobile:0 0 0 0;--_gs-p-mobile:0 0 0 0;--_gs-bg-mobile:transparent none;--_gs-bg-xp-mobile:0px;--_gs-zi-mobile:auto;--_gs-d-mobile:block;--_gs-mw-mobile:calc(100% - 0 - 0);--_gs-columns:12;--_gs-rows:6\"><div class=\"grids-s-w_i\">\n<div class=\"grids-area animated slideInUp\" style=\"--_ga-column:1\/13;--_ga-row:1\/7;--_ga-m-desktop:0 0 0 0;--_ga-p-desktop:0 0 0 0;--_ga-bg-desktop:transparent none;--_ga-zi-desktop:auto;--_ga-d-desktop:flex;--_ga-mw-desktop:calc(100% - 0 - 0);--_ga-m-tablet:0 0 0 0;--_ga-p-tablet:0 0 0 0;--_ga-bg-tablet:transparent none;--_ga-zi-tablet:auto;--_ga-d-tablet:flex;--_ga-mw-tablet:calc(100% - 0 - 0);--_ga-m-mobile:0 0 0 0;--_ga-p-mobile:0 0 0 0;--_ga-bg-mobile:transparent none;--_ga-zi-mobile:auto;--_ga-d-mobile:flex;--_ga-mw-mobile:calc(100% - 0 - 0)\">\n\n<h2 class=\"wp-block-heading has-text-align-center\">Andere Services\n        <\/h2>\n\n\n\n<p class=\"has-text-align-center\">Die Mitarbeiter des Villaggio San Paolo stehen Besuchern mit <strong>besonderen Bed\u00fcrfnissen<\/strong> jederzeit zur Seite, um ihnen einen <strong>angenehmen<\/strong> und <strong>sicheren<\/strong> Urlaub zu erm\u00f6glichen.\n        <\/p>\n\n<\/div>\n<\/div><\/div>\n\n<div  class=\"grids-section swiper-cards-row grids-is-advanced alignwide\" style=\"--_gs-gap-desktop:0px 0px;--_gs-m-desktop:0 0 0 0;--_gs-p-desktop:0 0 0 0;--_gs-bg-desktop:transparent none;--_gs-bg-xp-desktop:0px;--_gs-zi-desktop:auto;--_gs-d-desktop:block;--_gs-mw-desktop:calc(100% - 0 - 0);--_gs-gap-tablet:0px 0px;--_gs-m-tablet:0 0 0 0;--_gs-p-tablet:0 0 0 0;--_gs-bg-tablet:transparent none;--_gs-bg-xp-tablet:0px;--_gs-zi-tablet:auto;--_gs-d-tablet:block;--_gs-mw-tablet:calc(100% - 0 - 0);--_gs-gap-mobile:0px 0px;--_gs-m-mobile:0 0 0 0;--_gs-p-mobile:0 0 0 0;--_gs-bg-mobile:transparent none;--_gs-bg-xp-mobile:0px;--_gs-zi-mobile:auto;--_gs-d-mobile:block;--_gs-mw-mobile:calc(100% - 0 - 0);--_gs-columns:12;--_gs-rows:6\"><div class=\"grids-s-w_i\">\n<div class=\"grids-area animated slideInRight\" style=\"--_ga-column:7\/13;--_ga-row:1\/7;--_ga-va:center;--_ga-m-desktop:0 0 0 0;--_ga-p-desktop:0 0 0 0;--_ga-bg-desktop:transparent none;--_ga-zi-desktop:auto;--_ga-d-desktop:flex;--_ga-mw-desktop:calc(100% - 0 - 0);--_ga-m-tablet:0 0 0 0;--_ga-p-tablet:0 0 0 0;--_ga-bg-tablet:transparent none;--_ga-zi-tablet:auto;--_ga-d-tablet:flex;--_ga-mw-tablet:calc(100% - 0 - 0);--_ga-m-mobile:0 0 0 0;--_ga-p-mobile:0 0 0 0;--_ga-bg-mobile:transparent none;--_ga-zi-mobile:auto;--_ga-d-mobile:flex;--_ga-mw-mobile:calc(100% - 0 - 0)\">\n\n<h3 class=\"wp-block-heading petal-top\">Shuttle\n        <\/h3>\n\n\n\n<p>Es ist behindertengerecht und erm\u00f6glicht eine einfache Erkundung des nahe gelegenen Ferienortes Cavallino-Treporti.\n         Der Shuttle ist f\u00fcr die Bef\u00f6rderung von Personen mit Mobilit\u00e4tseinschr\u00e4nkungen ausgestattet, und das Personal des Feriendorfs steht den Fahrg\u00e4sten stets zur Seite.\n        <\/p>\n\n<\/div>\n\n<div class=\"grids-area animated slideInLeft\" style=\"--_ga-column:1\/7;--_ga-row:1\/7;--_ga-va:center;--_ga-m-desktop:0 0 0 0;--_ga-p-desktop:0 0 0 0;--_ga-bg-desktop:transparent none;--_ga-zi-desktop:auto;--_ga-d-desktop:flex;--_ga-mw-desktop:calc(100% - 0 - 0);--_ga-m-tablet:0 0 0 0;--_ga-p-tablet:0 0 0 0;--_ga-bg-tablet:transparent none;--_ga-zi-tablet:auto;--_ga-d-tablet:flex;--_ga-mw-tablet:calc(100% - 0 - 0);--_ga-m-mobile:0 0 0 0;--_ga-p-mobile:0 0 0 0;--_ga-bg-mobile:transparent none;--_ga-zi-mobile:auto;--_ga-d-mobile:flex;--_ga-mw-mobile:calc(100% - 0 - 0)\">\n\n    <div class=\"pages-cards-container pages-cards-0\" id=\"pageCards_3\">\n        <div class=\"slider\">\n            <div class=\"swiper-wrapper\">\n                                                        <div class=\"pages-cards-single swiper-slide\">\n                        \n                            <figure class=\"full-width\">\n                                <img decoding=\"async\" src=\"https:\/\/www.villaggiosanpaolo.com\/wp-content\/uploads\/2023\/06\/villagio-san-paolo-cavallino-accessibilita-01.jpg\" title=\"Inclusione e accessibilit\u00e0 per tutti\" alt=\"\" \/>\n                            <\/figure>\n                            <span><\/span>\n\n                                            <\/div>\n                            <\/div>\n        <\/div>\n        \n            <\/div>\n\n<script type=\"text\/javascript\">\n    jQuery(document).ready(function () {\n        var pageCards_3 = new Swiper ('#pageCards_3 .slider', {\n            slidesPerView: 1,\n\t\t\tloop: true,\n            centeredSlides: true,\n            centeredSlidesBounds: true,\n            pagination: {\n                el: '#pageCards_3 .slider-list-navigation .swiper-pagination',\n                clickable: true\n            },\n\t\t\tnavigation: {\n                nextEl: '#pageCards_3 .slider-list-navigation .swiper-button-next',\n\t\t\t\tprevEl: '#pageCards_3 .slider-list-navigation .swiper-button-prev'\n\t\t\t}\n        });\n    });\n<\/script>\n\n<\/div>\n<\/div><\/div>\n\n<div  class=\"grids-section swiper-cards-row grids-is-advanced alignwide\" style=\"--_gs-gap-desktop:0px 0px;--_gs-m-desktop:0 0 0 0;--_gs-p-desktop:0 0 0 0;--_gs-bg-desktop:transparent none;--_gs-bg-xp-desktop:0px;--_gs-zi-desktop:auto;--_gs-d-desktop:block;--_gs-mw-desktop:calc(100% - 0 - 0);--_gs-gap-tablet:0px 0px;--_gs-m-tablet:0 0 0 0;--_gs-p-tablet:0 0 0 0;--_gs-bg-tablet:transparent none;--_gs-bg-xp-tablet:0px;--_gs-zi-tablet:auto;--_gs-d-tablet:block;--_gs-mw-tablet:calc(100% - 0 - 0);--_gs-gap-mobile:0px 0px;--_gs-m-mobile:0 0 0 0;--_gs-p-mobile:0 0 0 0;--_gs-bg-mobile:transparent none;--_gs-bg-xp-mobile:0px;--_gs-zi-mobile:auto;--_gs-d-mobile:block;--_gs-mw-mobile:calc(100% - 0 - 0);--_gs-columns:12;--_gs-rows:6\"><div class=\"grids-s-w_i\">\n<div class=\"grids-area animated slideInRight\" style=\"--_ga-column:1\/7;--_ga-row:1\/7;--_ga-va:center;--_ga-m-desktop:0 0 0 0;--_ga-p-desktop:0 0 0 0;--_ga-bg-desktop:transparent none;--_ga-zi-desktop:auto;--_ga-d-desktop:flex;--_ga-mw-desktop:calc(100% - 0 - 0);--_ga-m-tablet:0 0 0 0;--_ga-p-tablet:0 0 0 0;--_ga-bg-tablet:transparent none;--_ga-zi-tablet:auto;--_ga-d-tablet:flex;--_ga-mw-tablet:calc(100% - 0 - 0);--_ga-m-mobile:0 0 0 0;--_ga-p-mobile:0 0 0 0;--_ga-bg-mobile:transparent none;--_ga-zi-mobile:auto;--_ga-d-mobile:flex;--_ga-mw-mobile:calc(100% - 0 - 0)\">\n\n<h3 class=\"wp-block-heading petal-top\">Krankenstation<\/h3>\n\n\n\n<p>W\u00e4hrend der Sommersaison ist eine Krankenschwester zu den folgenden Zeiten anwesend:<br>Montag bis Samstag von 9:00 bis 12:00 Uhr und von 17:00 bis 19:00 Uhr<br>Sonntag von 9:00 Uhr bis 12:00 Uhr<\/p>\n\n<\/div>\n\n<div class=\"grids-area animated slideInLeft\" style=\"--_ga-column:7\/13;--_ga-row:1\/7;--_ga-va:center;--_ga-m-desktop:0 0 0 0;--_ga-p-desktop:0 0 0 0;--_ga-bg-desktop:transparent none;--_ga-zi-desktop:auto;--_ga-d-desktop:flex;--_ga-mw-desktop:calc(100% - 0 - 0);--_ga-m-tablet:0 0 0 0;--_ga-p-tablet:0 0 0 0;--_ga-bg-tablet:transparent none;--_ga-zi-tablet:auto;--_ga-d-tablet:flex;--_ga-mw-tablet:calc(100% - 0 - 0);--_ga-m-mobile:0 0 0 0;--_ga-p-mobile:0 0 0 0;--_ga-bg-mobile:transparent none;--_ga-zi-mobile:auto;--_ga-d-mobile:flex;--_ga-mw-mobile:calc(100% - 0 - 0)\">\n\n    <div class=\"pages-cards-container pages-cards-3\" id=\"pageCards_4\">\n        <div class=\"slider\">\n            <div class=\"swiper-wrapper\">\n                                                        <div class=\"pages-cards-single swiper-slide\">\n                        \n                            <figure class=\"full-width\">\n                                <img decoding=\"async\" src=\"https:\/\/www.villaggiosanpaolo.com\/wp-content\/uploads\/2023\/06\/villagio-san-paolo-cavallino-accessibilita-03.jpg\" title=\"Inclusione: servizi accessibili per tutti.\" alt=\"\" \/>\n                            <\/figure>\n                            <span><\/span>\n\n                                            <\/div>\n                            <\/div>\n        <\/div>\n        \n            <\/div>\n\n<script type=\"text\/javascript\">\n    jQuery(document).ready(function () {\n        var pageCards_4 = new Swiper ('#pageCards_4 .slider', {\n            slidesPerView: 1,\n\t\t\tloop: true,\n            centeredSlides: true,\n            centeredSlidesBounds: true,\n            pagination: {\n                el: '#pageCards_4 .slider-list-navigation .swiper-pagination',\n                clickable: true\n            },\n\t\t\tnavigation: {\n                nextEl: '#pageCards_4 .slider-list-navigation .swiper-button-next',\n\t\t\t\tprevEl: '#pageCards_4 .slider-list-navigation .swiper-button-prev'\n\t\t\t}\n        });\n    });\n<\/script>\n\n<\/div>\n<\/div><\/div>","protected":false},"excerpt":{"rendered":"","protected":false},"author":1,"featured_media":4970,"parent":0,"menu_order":0,"comment_status":"closed","ping_status":"closed","template":"","meta":{"_acf_changed":false,"_seopress_robots_primary_cat":"","_seopress_titles_title":"Ein Feriendorf ohne Barrieren in Cavallino-Treporti %%sep%% %%sitetitle%%\n        ","_seopress_titles_desc":"Ausgestatteter Strand und behindertengerechte Unterk\u00fcnfte: Das Villaggio San Paolo bem\u00fcht sich, einen gelungenen Urlaub f\u00fcr alle zu garantieren.\n        \n\n","_seopress_robots_index":"","advgb_blocks_editor_width":"","advgb_blocks_columns_visual_guide":"","footnotes":""},"class_list":["post-3888","page","type-page","status-publish","has-post-thumbnail","hentry","entry"],"acf":[],"coauthors":[],"author_meta":{"author_link":"https:\/\/www.villaggiosanpaolo.com\/de\/author\/ales-ckgmi8c90\/","display_name":"ales-ckgmi8c90"},"relative_dates":{"created":"Posted 3\u00a0Jahren ago","modified":"Updated 1\u00a0Jahr ago"},"absolute_dates":{"created":"Posted on Juli 20, 2023","modified":"Updated on April 10, 2025"},"absolute_dates_time":{"created":"Posted on Juli 20, 2023 12:13 p.m.","modified":"Updated on April 10, 2025 9:24 a.m."},"featured_img_caption":"","featured_img":"https:\/\/www.villaggiosanpaolo.com\/wp-content\/uploads\/2024\/03\/villagio-san-paolo-cavallino-accessibilita.jpg","series_order":"","_links":{"self":[{"href":"https:\/\/www.villaggiosanpaolo.com\/de\/wp-json\/wp\/v2\/pages\/3888","targetHints":{"allow":["GET"]}}],"collection":[{"href":"https:\/\/www.villaggiosanpaolo.com\/de\/wp-json\/wp\/v2\/pages"}],"about":[{"href":"https:\/\/www.villaggiosanpaolo.com\/de\/wp-json\/wp\/v2\/types\/page"}],"author":[{"embeddable":true,"href":"https:\/\/www.villaggiosanpaolo.com\/de\/wp-json\/wp\/v2\/users\/1"}],"replies":[{"embeddable":true,"href":"https:\/\/www.villaggiosanpaolo.com\/de\/wp-json\/wp\/v2\/comments?post=3888"}],"version-history":[{"count":6,"href":"https:\/\/www.villaggiosanpaolo.com\/de\/wp-json\/wp\/v2\/pages\/3888\/revisions"}],"predecessor-version":[{"id":5914,"href":"https:\/\/www.villaggiosanpaolo.com\/de\/wp-json\/wp\/v2\/pages\/3888\/revisions\/5914"}],"wp:featuredmedia":[{"embeddable":true,"href":"https:\/\/www.villaggiosanpaolo.com\/de\/wp-json\/wp\/v2\/media\/4970"}],"wp:attachment":[{"href":"https:\/\/www.villaggiosanpaolo.com\/de\/wp-json\/wp\/v2\/media?parent=3888"}],"curies":[{"name":"wp","href":"https:\/\/api.w.org\/{rel}","templated":true}]}}