{"id":3907,"date":"2023-07-20T12:13:20","date_gmt":"2023-07-20T10:13:20","guid":{"rendered":"https:\/\/www.villaggiosanpaolo.com\/camping\/"},"modified":"2023-07-20T12:13:24","modified_gmt":"2023-07-20T10:13:24","slug":"camping","status":"publish","type":"page","link":"https:\/\/www.villaggiosanpaolo.com\/de\/camping\/","title":{"rendered":"Camping"},"content":{"rendered":"<div  class=\"grids-section four-servces-boxes grids-is-advanced alignwide\" style=\"--_gs-gap-desktop:0px 0px;--_gs-m-desktop:0 0 0 0;--_gs-p-desktop:0 0 0 0;--_gs-bg-desktop:transparent none;--_gs-bg-xp-desktop:0px;--_gs-zi-desktop:auto;--_gs-d-desktop:block;--_gs-mw-desktop:calc(100% - 0 - 0);--_gs-gap-tablet:0px 0px;--_gs-m-tablet:0 0 0 0;--_gs-p-tablet:0 0 0 0;--_gs-bg-tablet:transparent none;--_gs-bg-xp-tablet:0px;--_gs-zi-tablet:auto;--_gs-d-tablet:block;--_gs-mw-tablet:calc(100% - 0 - 0);--_gs-gap-mobile:0px 0px;--_gs-m-mobile:0 0 0 0;--_gs-p-mobile:0 0 0 0;--_gs-bg-mobile:transparent none;--_gs-bg-xp-mobile:0px;--_gs-zi-mobile:auto;--_gs-d-mobile:block;--_gs-mw-mobile:calc(100% - 0 - 0);--_gs-columns:12;--_gs-rows:6\"><div class=\"grids-s-w_i\">\n<div class=\"grids-area\" style=\"--_ga-column:1\/13;--_ga-row:1\/7;--_ga-m-desktop:0 0 0 0;--_ga-p-desktop:0 0 0 0;--_ga-bg-desktop:transparent none;--_ga-zi-desktop:auto;--_ga-d-desktop:flex;--_ga-mw-desktop:calc(100% - 0 - 0);--_ga-m-tablet:0 0 0 0;--_ga-p-tablet:0 0 0 0;--_ga-bg-tablet:transparent none;--_ga-zi-tablet:auto;--_ga-d-tablet:flex;--_ga-mw-tablet:calc(100% - 0 - 0);--_ga-m-mobile:0 0 0 0;--_ga-p-mobile:0 0 0 0;--_ga-bg-mobile:transparent none;--_ga-zi-mobile:auto;--_ga-d-mobile:flex;--_ga-mw-mobile:calc(100% - 0 - 0)\">\n\n<h1 class=\"wp-block-heading has-text-align-center advgb-dyn-6804c9db\">Camping\n        <\/h1>\n\n\n\n<h2 class=\"wp-block-heading has-text-align-center advgb-dyn-005f67d3\">W\u00e4hlen Sie Ihren idealen Stellplatz\n        <\/h2>\n\n\n\n<p class=\"has-text-align-center\">Stellpl\u00e4tze f\u00fcr <strong>Wohnmobile<\/strong> und <strong>Wohnwagen<\/strong> mit eigenem Garten und allen notwendigen Einrichtungen.\n         Camping im Villaggio San Paolo ist ein wahrer Traum.\n        <\/p>\n\n\n\n<p class=\"has-text-align-center\">Die Stellpl\u00e4tze f\u00fcr <strong>Wohnmobile<\/strong> und <strong>Wohnwagen<\/strong> im Villaggio San Paolo sind die ideale L\u00f6sung f\u00fcr einen Campingurlaub am Strand von Cavallino-Treporti, vor allem in den weniger belebten Zeiten, um die Naturlandschaften der K\u00fcste und die Sch\u00f6nheit des nahen Venedig zu entdecken.\n        <\/p>\n\n<\/div>\n<\/div><\/div><div  id=\"bungalow\" class=\"grids-section grids-is-advanced alignwide\" style=\"--_gs-gap-desktop:0px 0px;--_gs-m-desktop:0 0 0 0;--_gs-p-desktop:0 0 0 0;--_gs-bg-desktop:transparent none;--_gs-bg-xp-desktop:0px;--_gs-zi-desktop:auto;--_gs-d-desktop:block;--_gs-mw-desktop:calc(100% - 0 - 0);--_gs-gap-tablet:0px 0px;--_gs-m-tablet:0 0 0 0;--_gs-p-tablet:0 0 0 0;--_gs-bg-tablet:transparent none;--_gs-bg-xp-tablet:0px;--_gs-zi-tablet:auto;--_gs-d-tablet:block;--_gs-mw-tablet:calc(100% - 0 - 0);--_gs-gap-mobile:0px 0px;--_gs-m-mobile:0 0 0 0;--_gs-p-mobile:0 0 0 0;--_gs-bg-mobile:transparent none;--_gs-bg-xp-mobile:0px;--_gs-zi-mobile:auto;--_gs-d-mobile:block;--_gs-mw-mobile:calc(100% - 0 - 0);--_gs-columns:12;--_gs-rows:6\"><div class=\"grids-s-w_i\">\n<div class=\"grids-area\" style=\"--_ga-column:1\/13;--_ga-row:1\/7;--_ga-m-desktop:0 0 0 0;--_ga-p-desktop:0 0 0 0;--_ga-bg-desktop:transparent none;--_ga-zi-desktop:auto;--_ga-d-desktop:flex;--_ga-mw-desktop:calc(100% - 0 - 0);--_ga-m-tablet:0 0 0 0;--_ga-p-tablet:0 0 0 0;--_ga-bg-tablet:transparent none;--_ga-zi-tablet:auto;--_ga-d-tablet:flex;--_ga-mw-tablet:calc(100% - 0 - 0);--_ga-m-mobile:0 0 0 0;--_ga-p-mobile:0 0 0 0;--_ga-bg-mobile:transparent none;--_ga-zi-mobile:auto;--_ga-d-mobile:flex;--_ga-mw-mobile:calc(100% - 0 - 0)\">\n\n<h2 class=\"wp-block-heading\">Die Stellpl\u00e4tze\n        <\/h2>\n\n\n\n<div class=\"accommodations-list-container\" style=\"--accommodations-list-container-columns: 3\">\n\t\t\t\t\t<div class=\"accommodations-list-container-single \" onclick=\"location.href='https:\/\/www.villaggiosanpaolo.com\/de\/accommodation\/piazzola-camper-relax\/'\">\n\t\t\t\t\t\t\t\t\n\t\t\t\t\t\t\t\t\t<a href=\"https:\/\/www.villaggiosanpaolo.com\/de\/accommodation\/piazzola-camper-relax\/\" class=\"accommodations-list-container-single-img\" title=\"Piazzola Camper Relax\">\n\t\t\t\t\t\t<figure class=\"full-width\">\n\t\t\t\t\t\t\t<img decoding=\"async\" src=\"https:\/\/www.villaggiosanpaolo.com\/wp-content\/uploads\/2023\/05\/villagio-san-paolo-cavallino-area-camper-banner.jpg\" \/>\n\t\t\t\t\t\t<\/figure>\n\t\t\t\t\t<\/a>\n\t\t\t\t\t\t\t\t\n\t\t\t\t<div class=\"accommodations-list-container-single-title\">\n\t\t\t\t\t<span>BARRIEREFREI        <\/span>\n\t\t\t\t\t<h3>Piazzola Camper Relax<\/h3>\n\t\t\t\t<\/div>\n\n\t\t\t\t<div class=\"accommodations-list-container-single-features\">\n\t\t\t\t\t\t\t\t\t\t\t<span class=\"feature-box feature-box-occupancy\">\n\t\t\t\t\t\t\t<i class=\"fa-regular fa-user-group\"><\/i>\n\t\t\t\t\t\t\t1-8\t\t\t\t\t\t<\/span>\n\t\t\t\t\t\n\t\t\t\t\t\t\t\t\t<\/div>\n\t\t\t\t\n\t\t\t\t<div class=\"accommodations-list-container-single-short-description\">\n\t\t\t\t\t<p>Gro\u00dfz\u00fcgige Stellpl\u00e4tze im Gr\u00fcnen<\/p>\n\t\t\t\t<\/div>\n\n\t\t\t\t<a href=\"https:\/\/www.villaggiosanpaolo.com\/de\/accommodation\/piazzola-camper-relax\/\" title=\"Piazzola Camper Relax\" class=\"btn btn-center accommodations-list-container-single-button\">\n\t\t\t\t\tSiehe Details\t\t\t\t<\/a>\n\t\t\t<\/div>\n\t\t\t\t\t\t<div class=\"accommodations-list-container-single \" onclick=\"location.href='https:\/\/www.villaggiosanpaolo.com\/de\/accommodation\/piazzola-camper-green\/'\">\n\t\t\t\t\t\t\t\t\n\t\t\t\t\t\t\t\t\t<a href=\"https:\/\/www.villaggiosanpaolo.com\/de\/accommodation\/piazzola-camper-green\/\" class=\"accommodations-list-container-single-img\" title=\"Piazzola Camper Green\">\n\t\t\t\t\t\t<figure class=\"full-width\">\n\t\t\t\t\t\t\t<img decoding=\"async\" src=\"https:\/\/www.villaggiosanpaolo.com\/wp-content\/uploads\/2023\/05\/villagio-san-paolo-cavallino-area-camper-banner-01.jpg\" \/>\n\t\t\t\t\t\t<\/figure>\n\t\t\t\t\t<\/a>\n\t\t\t\t\t\t\t\t\n\t\t\t\t<div class=\"accommodations-list-container-single-title\">\n\t\t\t\t\t<span>BARRIEREFREI\n        <\/span>\n\t\t\t\t\t<h3>Piazzola Camper Green<\/h3>\n\t\t\t\t<\/div>\n\n\t\t\t\t<div class=\"accommodations-list-container-single-features\">\n\t\t\t\t\t\n\t\t\t\t\t\t\t\t\t<\/div>\n\t\t\t\t\n\t\t\t\t<div class=\"accommodations-list-container-single-short-description\">\n\t\t\t\t\t<p>Gro\u00dfz\u00fcgige Stellpl\u00e4tze mit eigenem Garten<\/p>\n\t\t\t\t<\/div>\n\n\t\t\t\t<a href=\"https:\/\/www.villaggiosanpaolo.com\/de\/accommodation\/piazzola-camper-green\/\" title=\"Piazzola Camper Green\" class=\"btn btn-center accommodations-list-container-single-button\">\n\t\t\t\t\tSiehe Details\t\t\t\t<\/a>\n\t\t\t<\/div>\n\t\t\t\t\t\t<div class=\"accommodations-list-container-single \" onclick=\"location.href='https:\/\/www.villaggiosanpaolo.com\/de\/accommodation\/piazzola-camper-inclusive\/'\">\n\t\t\t\t\t\t\t\t\n\t\t\t\t\t\t\t\t\t<a href=\"https:\/\/www.villaggiosanpaolo.com\/de\/accommodation\/piazzola-camper-inclusive\/\" class=\"accommodations-list-container-single-img\" title=\"Piazzola Camper Inclusive\">\n\t\t\t\t\t\t<figure class=\"full-width\">\n\t\t\t\t\t\t\t<img decoding=\"async\" src=\"https:\/\/www.villaggiosanpaolo.com\/wp-content\/uploads\/2023\/05\/villagio-san-paolo-cavallino-area-camper-banner-02.jpg\" \/>\n\t\t\t\t\t\t<\/figure>\n\t\t\t\t\t<\/a>\n\t\t\t\t\t\t\t\t\n\t\t\t\t<div class=\"accommodations-list-container-single-title\">\n\t\t\t\t\t<span>BARRIEREFREI\n        <\/span>\n\t\t\t\t\t<h3>Piazzola Camper Inclusive<\/h3>\n\t\t\t\t<\/div>\n\n\t\t\t\t<div class=\"accommodations-list-container-single-features\">\n\t\t\t\t\t\n\t\t\t\t\t\t\t\t\t<\/div>\n\t\t\t\t\n\t\t\t\t<div class=\"accommodations-list-container-single-short-description\">\n\t\t\t\t\t<p>Gro\u00dfz\u00fcgige Stellpl\u00e4tze mit Strandzugang<\/p>\n\t\t\t\t<\/div>\n\n\t\t\t\t<a href=\"https:\/\/www.villaggiosanpaolo.com\/de\/accommodation\/piazzola-camper-inclusive\/\" title=\"Piazzola Camper Inclusive\" class=\"btn btn-center accommodations-list-container-single-button\">\n\t\t\t\t\tSiehe Details\t\t\t\t<\/a>\n\t\t\t<\/div>\n\t\t\t\n\t<\/div>\n\n\n\n<\/div>\n<\/div><\/div>","protected":false},"excerpt":{"rendered":"","protected":false},"author":1,"featured_media":2907,"parent":0,"menu_order":0,"comment_status":"closed","ping_status":"closed","template":"","meta":{"_acf_changed":false,"_seopress_robots_primary_cat":"","_seopress_titles_title":"%%post_title%% %%sep%% %%sitetitle%%\n        ","_seopress_titles_desc":"Die Stellpl\u00e4tze f\u00fcr Wohnmobile und Wohnwagen im Villaggio San Paolo sind die ideale L\u00f6sung f\u00fcr einen Campingurlaub am Strand von Cavallino-Treporti, vor allem in den weniger belebten Zeiten, um die Naturlandschaften der K\u00fcste und die Sch\u00f6nheit des nahen Venedig zu entdecken.\n        ","_seopress_robots_index":"","advgb_blocks_editor_width":"","advgb_blocks_columns_visual_guide":"","footnotes":""},"class_list":["post-3907","page","type-page","status-publish","has-post-thumbnail","hentry","entry"],"acf":[],"coauthors":[],"author_meta":{"author_link":"https:\/\/www.villaggiosanpaolo.com\/de\/author\/ales-ckgmi8c90\/","display_name":"ales-ckgmi8c90"},"relative_dates":{"created":"Posted 3\u00a0Jahren ago","modified":"Updated 3\u00a0Jahren ago"},"absolute_dates":{"created":"Posted on Juli 20, 2023","modified":"Updated on Juli 20, 2023"},"absolute_dates_time":{"created":"Posted on Juli 20, 2023 12:13 p.m.","modified":"Updated on Juli 20, 2023 12:13 p.m."},"featured_img_caption":"","featured_img":"https:\/\/www.villaggiosanpaolo.com\/wp-content\/uploads\/2023\/05\/villagio-san-paolo-cavallino-area-camper-banner-1568x784.jpg","series_order":"","_links":{"self":[{"href":"https:\/\/www.villaggiosanpaolo.com\/de\/wp-json\/wp\/v2\/pages\/3907","targetHints":{"allow":["GET"]}}],"collection":[{"href":"https:\/\/www.villaggiosanpaolo.com\/de\/wp-json\/wp\/v2\/pages"}],"about":[{"href":"https:\/\/www.villaggiosanpaolo.com\/de\/wp-json\/wp\/v2\/types\/page"}],"author":[{"embeddable":true,"href":"https:\/\/www.villaggiosanpaolo.com\/de\/wp-json\/wp\/v2\/users\/1"}],"replies":[{"embeddable":true,"href":"https:\/\/www.villaggiosanpaolo.com\/de\/wp-json\/wp\/v2\/comments?post=3907"}],"version-history":[{"count":1,"href":"https:\/\/www.villaggiosanpaolo.com\/de\/wp-json\/wp\/v2\/pages\/3907\/revisions"}],"predecessor-version":[{"id":3908,"href":"https:\/\/www.villaggiosanpaolo.com\/de\/wp-json\/wp\/v2\/pages\/3907\/revisions\/3908"}],"wp:featuredmedia":[{"embeddable":true,"href":"https:\/\/www.villaggiosanpaolo.com\/de\/wp-json\/wp\/v2\/media\/2907"}],"wp:attachment":[{"href":"https:\/\/www.villaggiosanpaolo.com\/de\/wp-json\/wp\/v2\/media?parent=3907"}],"curies":[{"name":"wp","href":"https:\/\/api.w.org\/{rel}","templated":true}]}}