{"id":3745,"date":"2023-07-20T12:13:00","date_gmt":"2023-07-20T10:13:00","guid":{"rendered":"https:\/\/www.villaggiosanpaolo.com\/donnees-societaires\/"},"modified":"2024-11-29T12:12:53","modified_gmt":"2024-11-29T11:12:53","slug":"donnees-societaires","status":"publish","type":"page","link":"https:\/\/www.villaggiosanpaolo.com\/fr\/donnees-societaires\/","title":{"rendered":"Donn\u00e9es soci\u00e9taires"},"content":{"rendered":"<div  class=\"grids-section grids-is-advanced alignfull\" style=\"--_gs-gap-desktop:0px 0px;--_gs-m-desktop:0 0 0 0;--_gs-p-desktop:0 0 0 0;--_gs-bg-desktop:transparent none;--_gs-bg-xp-desktop:0px;--_gs-zi-desktop:auto;--_gs-d-desktop:block;--_gs-mw-desktop:calc(100% - 0 - 0);--_gs-gap-tablet:0px 0px;--_gs-m-tablet:0 0 0 0;--_gs-p-tablet:0 0 0 0;--_gs-bg-tablet:transparent none;--_gs-bg-xp-tablet:0px;--_gs-zi-tablet:auto;--_gs-d-tablet:block;--_gs-mw-tablet:calc(100% - 0 - 0);--_gs-gap-mobile:0px 0px;--_gs-m-mobile:0 0 0 0;--_gs-p-mobile:0 0 0 0;--_gs-bg-mobile:transparent none;--_gs-bg-xp-mobile:0px;--_gs-zi-mobile:auto;--_gs-d-mobile:block;--_gs-mw-mobile:calc(100% - 0 - 0);--_gs-columns:12;--_gs-rows:6\"><div class=\"grids-s-w_i\">\n<div class=\"grids-area\" style=\"--_ga-column:2\/12;--_ga-row:1\/7;--_ga-m-desktop:0 0 0 0;--_ga-p-desktop:0 0 0 0;--_ga-bg-desktop:transparent none;--_ga-zi-desktop:auto;--_ga-d-desktop:flex;--_ga-mw-desktop:calc(100% - 0 - 0);--_ga-m-tablet:0 0 0 0;--_ga-p-tablet:0 0 0 0;--_ga-bg-tablet:transparent none;--_ga-zi-tablet:auto;--_ga-d-tablet:flex;--_ga-mw-tablet:calc(100% - 0 - 0);--_ga-m-mobile:0 0 0 0;--_ga-p-mobile:0 0 0 0;--_ga-bg-mobile:transparent none;--_ga-zi-mobile:auto;--_ga-d-mobile:flex;--_ga-mw-mobile:calc(100% - 0 - 0)\">\n\n<p>O.D.A.R. Villaggio S.Paolo\n<br\/>\nVia Carlo Alberto Radaelli, 7\n<br\/>\n30013 Cavallino-Treporti (VE) Italy\n<br\/>\nT\u00e9l\u00a0: <a href=\"tel:%5Bget_site_parameter%20first=\" contacts=\"\" second=\"phone\">+39 041 968049<\/a>\n<br\/>Courriel\u00a0:   <a href=\"mailto:[get_site_parameter first=\" contacts=\"\" second=\"email\">info@villaggiosanpaolo.com<\/a><\/p>\n\n\n\n<div style=\"height:15px\" aria-hidden=\"true\" class=\"wp-block-spacer\"><\/div>\n\n\n\nVillaggio San Paolo\n<br\/>\nPiazza Piloni 11\n<br\/>\n32100 Belluno BL Italy\n<br\/><br\/>\nNum\u00e9ro de TVA\u00a0:  00702680257\n<br\/>\nCIN: IT027044B7Q4B6B9FE\n<br>\nR.E.A.\u00a0:  REA BL-68789\n\n<\/div>\n<\/div><\/div>","protected":false},"excerpt":{"rendered":"","protected":false},"author":1,"featured_media":3069,"parent":0,"menu_order":0,"comment_status":"closed","ping_status":"closed","template":"","meta":{"_acf_changed":false,"_seopress_robots_primary_cat":"","_seopress_titles_title":"","_seopress_titles_desc":"","_seopress_robots_index":"","advgb_blocks_editor_width":"","advgb_blocks_columns_visual_guide":"","footnotes":""},"class_list":["post-3745","page","type-page","status-publish","has-post-thumbnail","hentry","entry"],"acf":[],"coauthors":[],"author_meta":{"author_link":"https:\/\/www.villaggiosanpaolo.com\/fr\/author\/ales-ckgmi8c90\/","display_name":"ales-ckgmi8c90"},"relative_dates":{"created":"Publi\u00e9 3 ans il y a","modified":"Mis \u00e0 jour 1 an il y a"},"absolute_dates":{"created":"Publi\u00e9 le juillet 20, 2023","modified":"Mise \u00e0 jour le novembre 29, 2024"},"absolute_dates_time":{"created":"Publi\u00e9 le juillet 20, 2023 12:13 pm","modified":"Mise \u00e0 jour le novembre 29, 2024 12:12 pm"},"featured_img_caption":"","featured_img":"https:\/\/www.villaggiosanpaolo.com\/wp-content\/uploads\/2023\/06\/villagio-san-paolo-cavallino-drone-banner-1568x784.jpg","series_order":"","_links":{"self":[{"href":"https:\/\/www.villaggiosanpaolo.com\/fr\/wp-json\/wp\/v2\/pages\/3745","targetHints":{"allow":["GET"]}}],"collection":[{"href":"https:\/\/www.villaggiosanpaolo.com\/fr\/wp-json\/wp\/v2\/pages"}],"about":[{"href":"https:\/\/www.villaggiosanpaolo.com\/fr\/wp-json\/wp\/v2\/types\/page"}],"author":[{"embeddable":true,"href":"https:\/\/www.villaggiosanpaolo.com\/fr\/wp-json\/wp\/v2\/users\/1"}],"replies":[{"embeddable":true,"href":"https:\/\/www.villaggiosanpaolo.com\/fr\/wp-json\/wp\/v2\/comments?post=3745"}],"version-history":[{"count":2,"href":"https:\/\/www.villaggiosanpaolo.com\/fr\/wp-json\/wp\/v2\/pages\/3745\/revisions"}],"predecessor-version":[{"id":5532,"href":"https:\/\/www.villaggiosanpaolo.com\/fr\/wp-json\/wp\/v2\/pages\/3745\/revisions\/5532"}],"wp:featuredmedia":[{"embeddable":true,"href":"https:\/\/www.villaggiosanpaolo.com\/fr\/wp-json\/wp\/v2\/media\/3069"}],"wp:attachment":[{"href":"https:\/\/www.villaggiosanpaolo.com\/fr\/wp-json\/wp\/v2\/media?parent=3745"}],"curies":[{"name":"wp","href":"https:\/\/api.w.org\/{rel}","templated":true}]}}