{"id":3756,"date":"2023-07-20T12:13:01","date_gmt":"2023-07-20T10:13:01","guid":{"rendered":"https:\/\/www.villaggiosanpaolo.com\/offres-et-facilites\/"},"modified":"2026-03-17T11:38:07","modified_gmt":"2026-03-17T10:38:07","slug":"offres-et-facilites","status":"publish","type":"page","link":"https:\/\/www.villaggiosanpaolo.com\/fr\/offres-et-facilites\/","title":{"rendered":"Offres et facilit\u00e9s"},"content":{"rendered":"<div  class=\"grids-section grids-is-advanced alignwide\" style=\"--_gs-gap-desktop:0px 0px;--_gs-m-desktop:0 0 0 0;--_gs-p-desktop:0 0 0 0;--_gs-bg-desktop:transparent none;--_gs-bg-xp-desktop:0px;--_gs-zi-desktop:auto;--_gs-d-desktop:block;--_gs-mw-desktop:calc(100% - 0 - 0);--_gs-gap-tablet:0px 0px;--_gs-m-tablet:0 0 0 0;--_gs-p-tablet:0 0 0 0;--_gs-bg-tablet:transparent none;--_gs-bg-xp-tablet:0px;--_gs-zi-tablet:auto;--_gs-d-tablet:block;--_gs-mw-tablet:calc(100% - 0 - 0);--_gs-gap-mobile:0px 0px;--_gs-m-mobile:0 0 0 0;--_gs-p-mobile:0 0 0 0;--_gs-bg-mobile:transparent none;--_gs-bg-xp-mobile:0px;--_gs-zi-mobile:auto;--_gs-d-mobile:block;--_gs-mw-mobile:calc(100% - 0 - 0);--_gs-columns:12;--_gs-rows:6\"><div class=\"grids-s-w_i\">\n<div class=\"grids-area\" style=\"--_ga-column:1\/13;--_ga-row:1\/7;--_ga-m-desktop:0 0 0 0;--_ga-p-desktop:0 0 0 0;--_ga-bg-desktop:transparent none;--_ga-zi-desktop:auto;--_ga-d-desktop:flex;--_ga-mw-desktop:calc(100% - 0 - 0);--_ga-m-tablet:0 0 0 0;--_ga-p-tablet:0 0 0 0;--_ga-bg-tablet:transparent none;--_ga-zi-tablet:auto;--_ga-d-tablet:flex;--_ga-mw-tablet:calc(100% - 0 - 0);--_ga-m-mobile:0 0 0 0;--_ga-p-mobile:0 0 0 0;--_ga-bg-mobile:transparent none;--_ga-zi-mobile:auto;--_ga-d-mobile:flex;--_ga-mw-mobile:calc(100% - 0 - 0)\">\n\n<h2 class=\"wp-block-heading has-text-align-center\">Offres et facilit\u00e9s <\/h2>\n\n\n\n<p class=\"has-text-align-center\">Ne manquez pas l&rsquo;occasion de profiter de vacances inoubliables au Villaggio San Paolo\u00a0! Des promotions et des avantages sont \u00e0 d\u00e9couvrir\u00a0! Vous trouverez ci-dessous nos <strong>meilleures offres d&rsquo;<a href=\"#alloggi\">h\u00e9bergement<\/a><\/strong>, de <strong><a href=\"#camere-hotel\" data-type=\"internal\" data-id=\"#camere-hotel\">chambres Bellavista<\/a> <\/strong>et d&rsquo;<strong><a href=\"#piazzole\" data-type=\"internal\" data-id=\"#piazzole\">emplacements<\/a><\/strong>.<\/p>\n\n\n\n<p class=\"has-text-align-center\"><\/p>\n\n\n\n<div style=\"height:15px\" aria-hidden=\"true\" class=\"wp-block-spacer\"><\/div>\n\n\n\n<div class=\"wp-block-buttons is-content-justification-center is-layout-flex wp-container-core-buttons-is-layout-16018d1d wp-block-buttons-is-layout-flex\">\n<div class=\"wp-block-button\"><a class=\"wp-block-button__link wp-element-button\" href=\"#bungalow \">H\u00c9BERGEMENTS <\/a><\/div>\n\n\n\n<div class=\"wp-block-button\"><a class=\"wp-block-button__link wp-element-button\" href=\"#camere-hotel \">CHAMBRES<\/a><\/div>\n\n\n\n<div class=\"wp-block-button\"><a class=\"wp-block-button__link wp-element-button\" href=\"#piazzole \">EMPLACEMENTS <\/a><\/div>\n<\/div>\n\n<\/div>\n<\/div><\/div>\n\n\n<div style=\"height:100px\" aria-hidden=\"true\" class=\"wp-block-spacer\"><\/div>\n\n\n<div  id=\"alloggi\" class=\"grids-section grids-is-advanced alignwide\" style=\"--_gs-gap-desktop:0px 0px;--_gs-m-desktop:0 0 0 0;--_gs-p-desktop:0 0 0 0;--_gs-bg-desktop:transparent none;--_gs-bg-xp-desktop:0px;--_gs-zi-desktop:auto;--_gs-d-desktop:block;--_gs-mw-desktop:calc(100% - 0 - 0);--_gs-gap-tablet:0px 0px;--_gs-m-tablet:0 0 0 0;--_gs-p-tablet:0 0 0 0;--_gs-bg-tablet:transparent none;--_gs-bg-xp-tablet:0px;--_gs-zi-tablet:auto;--_gs-d-tablet:block;--_gs-mw-tablet:calc(100% - 0 - 0);--_gs-gap-mobile:0px 0px;--_gs-m-mobile:0 0 0 0;--_gs-p-mobile:0 0 0 0;--_gs-bg-mobile:transparent none;--_gs-bg-xp-mobile:0px;--_gs-zi-mobile:auto;--_gs-d-mobile:block;--_gs-mw-mobile:calc(100% - 0 - 0);--_gs-columns:12;--_gs-rows:6\"><div class=\"grids-s-w_i\">\n<div class=\"grids-area\" style=\"--_ga-column:1\/13;--_ga-row:1\/7;--_ga-m-desktop:0 0 0 0;--_ga-p-desktop:0 0 0 0;--_ga-bg-desktop:transparent none;--_ga-zi-desktop:auto;--_ga-d-desktop:flex;--_ga-mw-desktop:calc(100% - 0 - 0);--_ga-m-tablet:0 0 0 0;--_ga-p-tablet:0 0 0 0;--_ga-bg-tablet:transparent none;--_ga-zi-tablet:auto;--_ga-d-tablet:flex;--_ga-mw-tablet:calc(100% - 0 - 0);--_ga-m-mobile:0 0 0 0;--_ga-p-mobile:0 0 0 0;--_ga-bg-mobile:transparent none;--_ga-zi-mobile:auto;--_ga-d-mobile:flex;--_ga-mw-mobile:calc(100% - 0 - 0)\">\n\n<h2 class=\"wp-block-heading\" id=\"alloggi\">Offres r\u00e9serv\u00e9es aux h\u00e9bergements <\/h2>\n\n\n\n<div class=\"offers-list-container\" style=\"--offers-list-container-columns: 3\">\n\t\t\t\t<div class=\"offers-list-container-single \" onclick=\"location.href='https:\/\/www.villaggiosanpaolo.com\/fr\/offer\/1412\/'\">\n\t\t\t\t<a href=\"https:\/\/www.villaggiosanpaolo.com\/fr\/offer\/1412\/\" class=\"offers-list-container-single-img\" title=\"4=3\">\n\t\t\t\t\t\t\t\t\t\t\t<figure class=\"full-width\">\n\t\t\t\t\t\t\t<img decoding=\"async\" src=\"https:\/\/www.villaggiosanpaolo.com\/wp-content\/uploads\/2023\/03\/sito-promozioni-2-scaled.jpg\" \/>\n\t\t\t\t\t\t<\/figure>\n\t\t\t\t\t\n\t\t\t\t\t\t\t\t\t<\/a>\n\t\t\t\t\n\t\t\t\t<h3>4=3<\/h3>\n\n\t\t\t\t<div class=\"offers-list-container-single-short-description\">\n\t\t\t\t\t<p>Du 23\/03 au 30\/05<br \/>\nDormez 4, payez 3!<\/p>\n\t\t\t\t<\/div>\n\n\t\t\t\t<a href=\"https:\/\/www.villaggiosanpaolo.com\/fr\/offer\/1412\/\" title=\"4=3\" class=\"btn btn-center offers-list-container-single-button\">\n\t\t\t\t\tD\u00e9couvrir plus\t\t\t\t<\/a>\n\t\t\t<\/div>\n\t\t\t\t\t\t<div class=\"offers-list-container-single \" onclick=\"location.href='https:\/\/www.villaggiosanpaolo.com\/fr\/offer\/76\/'\">\n\t\t\t\t<a href=\"https:\/\/www.villaggiosanpaolo.com\/fr\/offer\/76\/\" class=\"offers-list-container-single-img\" title=\"7=6\">\n\t\t\t\t\t\t\t\t\t\t\t<figure class=\"full-width\">\n\t\t\t\t\t\t\t<img decoding=\"async\" src=\"https:\/\/www.villaggiosanpaolo.com\/wp-content\/uploads\/2023\/03\/sito-promozioni-9-scaled.jpg\" \/>\n\t\t\t\t\t\t<\/figure>\n\t\t\t\t\t\n\t\t\t\t\t\t\t\t\t<\/a>\n\t\t\t\t\n\t\t\t\t<h3>7=6<\/h3>\n\n\t\t\t\t<div class=\"offers-list-container-single-short-description\">\n\t\t\t\t\t<p>Du 23\/03 au 30\/05<br \/>\nDormez 7, payez 6!<\/p>\n\t\t\t\t<\/div>\n\n\t\t\t\t<a href=\"https:\/\/www.villaggiosanpaolo.com\/fr\/offer\/76\/\" title=\"7=6\" class=\"btn btn-center offers-list-container-single-button\">\n\t\t\t\t\tD\u00e9couvrir plus\t\t\t\t<\/a>\n\t\t\t<\/div>\n\t\t\t\t\t\t<div class=\"offers-list-container-single \" onclick=\"location.href='https:\/\/www.villaggiosanpaolo.com\/fr\/offer\/doux-septembre\/'\">\n\t\t\t\t<a href=\"https:\/\/www.villaggiosanpaolo.com\/fr\/offer\/doux-septembre\/\" class=\"offers-list-container-single-img\" title=\"Doux septembre\">\n\t\t\t\t\t\t\t\t\t\t\t<figure class=\"full-width\">\n\t\t\t\t\t\t\t<img decoding=\"async\" src=\"https:\/\/www.villaggiosanpaolo.com\/wp-content\/uploads\/2023\/03\/sito-promozioni-10-scaled.jpg\" \/>\n\t\t\t\t\t\t<\/figure>\n\t\t\t\t\t\n\t\t\t\t\t\t\t\t\t<\/a>\n\t\t\t\t\n\t\t\t\t<h3>Doux septembre<\/h3>\n\n\t\t\t\t<div class=\"offers-list-container-single-short-description\">\n\t\t\t\t\t<p>Du 05\/09 au 29\/09<br \/>\n10\u00a0% de r\u00e9duction sur l&rsquo;h\u00e9bergement et une place de plage gratuite <\/p>\n\t\t\t\t<\/div>\n\n\t\t\t\t<a href=\"https:\/\/www.villaggiosanpaolo.com\/fr\/offer\/doux-septembre\/\" title=\"Doux septembre\" class=\"btn btn-center offers-list-container-single-button\">\n\t\t\t\t\tD\u00e9couvrir plus\t\t\t\t<\/a>\n\t\t\t<\/div>\n\t\t\t\n\t<\/div>\n\n\n\n<\/div>\n<\/div><\/div>\n\n\n<div style=\"height:60px\" aria-hidden=\"true\" class=\"wp-block-spacer\"><\/div>\n\n\n<div  id=\"camere-hotel\" class=\"grids-section grids-is-advanced alignwide\" style=\"--_gs-gap-desktop:0px 0px;--_gs-m-desktop:0 0 0 0;--_gs-p-desktop:0 0 0 0;--_gs-bg-desktop:transparent none;--_gs-bg-xp-desktop:0px;--_gs-zi-desktop:auto;--_gs-d-desktop:block;--_gs-mw-desktop:calc(100% - 0 - 0);--_gs-gap-tablet:0px 0px;--_gs-m-tablet:0 0 0 0;--_gs-p-tablet:0 0 0 0;--_gs-bg-tablet:transparent none;--_gs-bg-xp-tablet:0px;--_gs-zi-tablet:auto;--_gs-d-tablet:block;--_gs-mw-tablet:calc(100% - 0 - 0);--_gs-gap-mobile:0px 0px;--_gs-m-mobile:0 0 0 0;--_gs-p-mobile:0 0 0 0;--_gs-bg-mobile:transparent none;--_gs-bg-xp-mobile:0px;--_gs-zi-mobile:auto;--_gs-d-mobile:block;--_gs-mw-mobile:calc(100% - 0 - 0);--_gs-columns:12;--_gs-rows:6\"><div class=\"grids-s-w_i\">\n<div class=\"grids-area\" style=\"--_ga-column:1\/13;--_ga-row:1\/7;--_ga-m-desktop:0 0 0 0;--_ga-p-desktop:0 0 0 0;--_ga-bg-desktop:transparent none;--_ga-zi-desktop:auto;--_ga-d-desktop:flex;--_ga-mw-desktop:calc(100% - 0 - 0);--_ga-m-tablet:0 0 0 0;--_ga-p-tablet:0 0 0 0;--_ga-bg-tablet:transparent none;--_ga-zi-tablet:auto;--_ga-d-tablet:flex;--_ga-mw-tablet:calc(100% - 0 - 0);--_ga-m-mobile:0 0 0 0;--_ga-p-mobile:0 0 0 0;--_ga-bg-mobile:transparent none;--_ga-zi-mobile:auto;--_ga-d-mobile:flex;--_ga-mw-mobile:calc(100% - 0 - 0)\">\n\n<h2 class=\"wp-block-heading\">Offres r\u00e9serv\u00e9es aux chambres Bellavista<\/h2>\n\n\n\n<div class=\"offers-list-container\" style=\"--offers-list-container-columns: 3\">\n\t\n\t<\/div>\n\n\n\n<\/div>\n<\/div><\/div>\n\n\n<div style=\"height:60px\" aria-hidden=\"true\" class=\"wp-block-spacer\"><\/div>\n\n\n<div  id=\"piazzole\" class=\"grids-section grids-is-advanced alignwide\" style=\"--_gs-gap-desktop:0px 0px;--_gs-m-desktop:0 0 0 0;--_gs-p-desktop:0 0 0 0;--_gs-bg-desktop:transparent none;--_gs-bg-xp-desktop:0px;--_gs-zi-desktop:auto;--_gs-d-desktop:block;--_gs-mw-desktop:calc(100% - 0 - 0);--_gs-gap-tablet:0px 0px;--_gs-m-tablet:0 0 0 0;--_gs-p-tablet:0 0 0 0;--_gs-bg-tablet:transparent none;--_gs-bg-xp-tablet:0px;--_gs-zi-tablet:auto;--_gs-d-tablet:block;--_gs-mw-tablet:calc(100% - 0 - 0);--_gs-gap-mobile:0px 0px;--_gs-m-mobile:0 0 0 0;--_gs-p-mobile:0 0 0 0;--_gs-bg-mobile:transparent none;--_gs-bg-xp-mobile:0px;--_gs-zi-mobile:auto;--_gs-d-mobile:block;--_gs-mw-mobile:calc(100% - 0 - 0);--_gs-columns:12;--_gs-rows:6\"><div class=\"grids-s-w_i\">\n<div class=\"grids-area\" style=\"--_ga-column:1\/13;--_ga-row:1\/7;--_ga-m-desktop:0 0 0 0;--_ga-p-desktop:0 0 0 0;--_ga-bg-desktop:transparent none;--_ga-zi-desktop:auto;--_ga-d-desktop:flex;--_ga-mw-desktop:calc(100% - 0 - 0);--_ga-m-tablet:0 0 0 0;--_ga-p-tablet:0 0 0 0;--_ga-bg-tablet:transparent none;--_ga-zi-tablet:auto;--_ga-d-tablet:flex;--_ga-mw-tablet:calc(100% - 0 - 0);--_ga-m-mobile:0 0 0 0;--_ga-p-mobile:0 0 0 0;--_ga-bg-mobile:transparent none;--_ga-zi-mobile:auto;--_ga-d-mobile:flex;--_ga-mw-mobile:calc(100% - 0 - 0)\">\n\n<h2 class=\"wp-block-heading\">Offres r\u00e9serv\u00e9es aux emplacements <\/h2>\n\n\n\n<div class=\"offers-list-container\" style=\"--offers-list-container-columns: 3\">\n\t\t\t\t<div class=\"offers-list-container-single \" onclick=\"location.href='https:\/\/www.villaggiosanpaolo.com\/fr\/offer\/week-end-emplacements\/'\">\n\t\t\t\t<a href=\"https:\/\/www.villaggiosanpaolo.com\/fr\/offer\/week-end-emplacements\/\" class=\"offers-list-container-single-img\" title=\"Week-end\">\n\t\t\t\t\t\t\t\t\t\t\t<figure class=\"full-width\">\n\t\t\t\t\t\t\t<img decoding=\"async\" src=\"https:\/\/www.villaggiosanpaolo.com\/wp-content\/uploads\/2023\/05\/villagio-san-paolo-cavallino-area-camper-banner.jpg\" \/>\n\t\t\t\t\t\t<\/figure>\n\t\t\t\t\t\n\t\t\t\t\t\t\t\t\t<\/a>\n\t\t\t\t\n\t\t\t\t<h3>Week-end<\/h3>\n\n\t\t\t\t<div class=\"offers-list-container-single-short-description\">\n\t\t\t\t\t<p>D\u00e9part tardif gratuit <\/p>\n\t\t\t\t<\/div>\n\n\t\t\t\t<a href=\"https:\/\/www.villaggiosanpaolo.com\/fr\/offer\/week-end-emplacements\/\" title=\"Week-end\" class=\"btn btn-center offers-list-container-single-button\">\n\t\t\t\t\tD\u00e9couvrir plus\t\t\t\t<\/a>\n\t\t\t<\/div>\n\t\t\t\t\t\t<div class=\"offers-list-container-single \" onclick=\"location.href='https:\/\/www.villaggiosanpaolo.com\/fr\/offer\/long-stay\/'\">\n\t\t\t\t<a href=\"https:\/\/www.villaggiosanpaolo.com\/fr\/offer\/long-stay\/\" class=\"offers-list-container-single-img\" title=\"Long stay\">\n\t\t\t\t\t\t\t\t\t\t\t<figure class=\"full-width\">\n\t\t\t\t\t\t\t<img decoding=\"async\" src=\"https:\/\/www.villaggiosanpaolo.com\/wp-content\/uploads\/2023\/05\/villagio-san-paolo-cavallino-area-camper-banner-02.jpg\" \/>\n\t\t\t\t\t\t<\/figure>\n\t\t\t\t\t\n\t\t\t\t\t\t\t\t\t<\/a>\n\t\t\t\t\n\t\t\t\t<h3>Long stay<\/h3>\n\n\t\t\t\t<div class=\"offers-list-container-single-short-description\">\n\t\t\t\t\t<p>Jusqu&rsquo;\u00e0 10&nbsp;% de r\u00e9duction sur les emplacements <\/p>\n\t\t\t\t<\/div>\n\n\t\t\t\t<a href=\"https:\/\/www.villaggiosanpaolo.com\/fr\/offer\/long-stay\/\" title=\"Long stay\" class=\"btn btn-center offers-list-container-single-button\">\n\t\t\t\t\tD\u00e9couvrir plus\t\t\t\t<\/a>\n\t\t\t<\/div>\n\t\t\t\n\t<\/div>\n\n\n\n<\/div>\n<\/div><\/div>\n\n\n<div style=\"height:60px\" aria-hidden=\"true\" class=\"wp-block-spacer\"><\/div>\n\n\n<div  class=\"grids-section grids-is-advanced alignwide\" style=\"--_gs-gap-desktop:0px 0px;--_gs-m-desktop:0 0 0 0;--_gs-p-desktop:0 0 0 0;--_gs-bg-desktop:transparent none;--_gs-bg-xp-desktop:0px;--_gs-zi-desktop:auto;--_gs-d-desktop:block;--_gs-mw-desktop:calc(100% - 0 - 0);--_gs-gap-tablet:0px 0px;--_gs-m-tablet:0 0 0 0;--_gs-p-tablet:0 0 0 0;--_gs-bg-tablet:transparent none;--_gs-bg-xp-tablet:0px;--_gs-zi-tablet:auto;--_gs-d-tablet:block;--_gs-mw-tablet:calc(100% - 0 - 0);--_gs-gap-mobile:0px 0px;--_gs-m-mobile:0 0 0 0;--_gs-p-mobile:0 0 0 0;--_gs-bg-mobile:transparent none;--_gs-bg-xp-mobile:0px;--_gs-zi-mobile:auto;--_gs-d-mobile:block;--_gs-mw-mobile:calc(100% - 0 - 0);--_gs-columns:12;--_gs-rows:6\"><div class=\"grids-s-w_i\">\n<div class=\"grids-area\" style=\"--_ga-column:1\/13;--_ga-row:1\/7;--_ga-m-desktop:0 0 0 0;--_ga-p-desktop:0 0 0 0;--_ga-bg-desktop:transparent none;--_ga-zi-desktop:auto;--_ga-d-desktop:flex;--_ga-mw-desktop:calc(100% - 0 - 0);--_ga-m-tablet:0 0 0 0;--_ga-p-tablet:0 0 0 0;--_ga-bg-tablet:transparent none;--_ga-zi-tablet:auto;--_ga-d-tablet:flex;--_ga-mw-tablet:calc(100% - 0 - 0);--_ga-m-mobile:0 0 0 0;--_ga-p-mobile:0 0 0 0;--_ga-bg-mobile:transparent none;--_ga-zi-mobile:auto;--_ga-d-mobile:flex;--_ga-mw-mobile:calc(100% - 0 - 0)\">\n\n<h2 class=\"wp-block-heading has-text-align-center\">Pour d\u00e9couvrir les facilit\u00e9s <\/h2>\n\n\n\n<div class=\"wp-block-buttons is-content-justification-center is-layout-flex wp-container-core-buttons-is-layout-16018d1d wp-block-buttons-is-layout-flex\">\n<div class=\"wp-block-button\"><a class=\"wp-block-button__link has-text-align-center wp-element-button\" href=\"https:\/\/www.villaggiosanpaolo.com\/fr\/facilites\/\">EN SAVOIR PLUS <\/a><\/div>\n<\/div>\n\n<\/div>\n<\/div><\/div>","protected":false},"excerpt":{"rendered":"","protected":false},"author":1,"featured_media":4679,"parent":0,"menu_order":0,"comment_status":"closed","ping_status":"closed","template":"","meta":{"_acf_changed":false,"_seopress_robots_primary_cat":"","_seopress_titles_title":"%%post_title%% %%sep%% %%sitetitle%% ","_seopress_titles_desc":"Les offres sp\u00e9ciales \u00e9num\u00e9r\u00e9es ne peuvent \u00eatre combin\u00e9es entre elles (ni avec les facilit\u00e9s ISEE), ni avec d'autres initiatives promotionnelles. ","_seopress_robots_index":"","advgb_blocks_editor_width":"","advgb_blocks_columns_visual_guide":"","footnotes":""},"class_list":["post-3756","page","type-page","status-publish","has-post-thumbnail","hentry","entry"],"acf":[],"coauthors":[],"author_meta":{"author_link":"https:\/\/www.villaggiosanpaolo.com\/fr\/author\/ales-ckgmi8c90\/","display_name":"ales-ckgmi8c90"},"relative_dates":{"created":"Publi\u00e9 3 ans il y a","modified":"Mis \u00e0 jour 1 mois il y a"},"absolute_dates":{"created":"Publi\u00e9 le juillet 20, 2023","modified":"Mise \u00e0 jour le mars 17, 2026"},"absolute_dates_time":{"created":"Publi\u00e9 le juillet 20, 2023 12:13 pm","modified":"Mise \u00e0 jour le mars 17, 2026 11:38 am"},"featured_img_caption":"","featured_img":"https:\/\/www.villaggiosanpaolo.com\/wp-content\/uploads\/2023\/12\/DJI_0379-1568x1045.jpg","series_order":"","_links":{"self":[{"href":"https:\/\/www.villaggiosanpaolo.com\/fr\/wp-json\/wp\/v2\/pages\/3756","targetHints":{"allow":["GET"]}}],"collection":[{"href":"https:\/\/www.villaggiosanpaolo.com\/fr\/wp-json\/wp\/v2\/pages"}],"about":[{"href":"https:\/\/www.villaggiosanpaolo.com\/fr\/wp-json\/wp\/v2\/types\/page"}],"author":[{"embeddable":true,"href":"https:\/\/www.villaggiosanpaolo.com\/fr\/wp-json\/wp\/v2\/users\/1"}],"replies":[{"embeddable":true,"href":"https:\/\/www.villaggiosanpaolo.com\/fr\/wp-json\/wp\/v2\/comments?post=3756"}],"version-history":[{"count":6,"href":"https:\/\/www.villaggiosanpaolo.com\/fr\/wp-json\/wp\/v2\/pages\/3756\/revisions"}],"predecessor-version":[{"id":6996,"href":"https:\/\/www.villaggiosanpaolo.com\/fr\/wp-json\/wp\/v2\/pages\/3756\/revisions\/6996"}],"wp:featuredmedia":[{"embeddable":true,"href":"https:\/\/www.villaggiosanpaolo.com\/fr\/wp-json\/wp\/v2\/media\/4679"}],"wp:attachment":[{"href":"https:\/\/www.villaggiosanpaolo.com\/fr\/wp-json\/wp\/v2\/media?parent=3756"}],"curies":[{"name":"wp","href":"https:\/\/api.w.org\/{rel}","templated":true}]}}