{"id":3777,"date":"2023-07-20T12:13:04","date_gmt":"2023-07-20T10:13:04","guid":{"rendered":"https:\/\/www.villaggiosanpaolo.com\/plage\/"},"modified":"2026-01-14T17:07:54","modified_gmt":"2026-01-14T16:07:54","slug":"plage","status":"publish","type":"page","link":"https:\/\/www.villaggiosanpaolo.com\/fr\/plage\/","title":{"rendered":"Plage"},"content":{"rendered":"<div  class=\"grids-section four-servces-boxes grids-is-advanced alignwide\" style=\"--_gs-gap-desktop:0px 0px;--_gs-m-desktop:0 0 0 0;--_gs-p-desktop:0 0 0 0;--_gs-bg-desktop:transparent none;--_gs-bg-xp-desktop:0px;--_gs-zi-desktop:auto;--_gs-d-desktop:block;--_gs-mw-desktop:calc(100% - 0 - 0);--_gs-gap-tablet:0px 0px;--_gs-m-tablet:0 0 0 0;--_gs-p-tablet:0 0 0 0;--_gs-bg-tablet:transparent none;--_gs-bg-xp-tablet:0px;--_gs-zi-tablet:auto;--_gs-d-tablet:block;--_gs-mw-tablet:calc(100% - 0 - 0);--_gs-gap-mobile:0px 0px;--_gs-m-mobile:0 0 0 0;--_gs-p-mobile:0 0 0 0;--_gs-bg-mobile:transparent none;--_gs-bg-xp-mobile:0px;--_gs-zi-mobile:auto;--_gs-d-mobile:block;--_gs-mw-mobile:calc(100% - 0 - 0);--_gs-columns:12;--_gs-rows:6\"><div class=\"grids-s-w_i\">\n<div class=\"grids-area\" style=\"--_ga-column:1\/13;--_ga-row:1\/7;--_ga-m-desktop:0 0 0 0;--_ga-p-desktop:0 0 0 0;--_ga-bg-desktop:transparent none;--_ga-zi-desktop:auto;--_ga-d-desktop:flex;--_ga-mw-desktop:calc(100% - 0 - 0);--_ga-m-tablet:0 0 0 0;--_ga-p-tablet:0 0 0 0;--_ga-bg-tablet:transparent none;--_ga-zi-tablet:auto;--_ga-d-tablet:flex;--_ga-mw-tablet:calc(100% - 0 - 0);--_ga-m-mobile:0 0 0 0;--_ga-p-mobile:0 0 0 0;--_ga-bg-mobile:transparent none;--_ga-zi-mobile:auto;--_ga-d-mobile:flex;--_ga-mw-mobile:calc(100% - 0 - 0)\">\n\n<h2 class=\"wp-block-heading has-text-align-center\">550&nbsp;m de plage priv\u00e9e \u00e9quip\u00e9e <\/h2>\n\n\n\n<h3 class=\"wp-block-heading has-text-align-center\">Laissez-vous bercer par les vagues <\/h3>\n\n\n\n<p class=\"has-text-align-center\">Le Villaggio San Paolo donne sur une <strong>longue plage dor\u00e9e<\/strong> de sable fin, baign\u00e9e par la mer de <strong>Cavallino-Treporti<\/strong>.  Les enfants ont la libert\u00e9 de jouer en toute s\u00e9curit\u00e9, tandis que les adultes peuvent profiter de la tranquillit\u00e9 <strong>d&rsquo;un rivage familial<\/strong>. <\/p>\n\n<\/div>\n<\/div><\/div>\n\n<div  class=\"grids-section swiper-cards-row grids-is-advanced alignwide\" style=\"--_gs-gap-desktop:0px 0px;--_gs-m-desktop:0 0 0 0;--_gs-p-desktop:0 0 0 0;--_gs-bg-desktop:transparent none;--_gs-bg-xp-desktop:0px;--_gs-zi-desktop:auto;--_gs-d-desktop:block;--_gs-mw-desktop:calc(100% - 0 - 0);--_gs-gap-tablet:0px 0px;--_gs-m-tablet:0 0 0 0;--_gs-p-tablet:0 0 0 0;--_gs-bg-tablet:transparent none;--_gs-bg-xp-tablet:0px;--_gs-zi-tablet:auto;--_gs-d-tablet:block;--_gs-mw-tablet:calc(100% - 0 - 0);--_gs-gap-mobile:0px 0px;--_gs-m-mobile:0 0 0 0;--_gs-p-mobile:0 0 0 0;--_gs-bg-mobile:transparent none;--_gs-bg-xp-mobile:0px;--_gs-zi-mobile:auto;--_gs-d-mobile:block;--_gs-mw-mobile:calc(100% - 0 - 0);--_gs-columns:12;--_gs-rows:6\"><div class=\"grids-s-w_i\">\n<div class=\"grids-area animated slideInLeft\" style=\"--_ga-column:1\/7;--_ga-row:1\/7;--_ga-va:center;--_ga-m-desktop:0 0 0 0;--_ga-p-desktop:0 0 0 0;--_ga-bg-desktop:transparent none;--_ga-zi-desktop:auto;--_ga-d-desktop:flex;--_ga-mw-desktop:calc(100% - 0 - 0);--_ga-m-tablet:0 0 0 0;--_ga-p-tablet:0 0 0 0;--_ga-bg-tablet:transparent none;--_ga-zi-tablet:auto;--_ga-d-tablet:flex;--_ga-mw-tablet:calc(100% - 0 - 0);--_ga-m-mobile:0 0 0 0;--_ga-p-mobile:0 0 0 0;--_ga-bg-mobile:transparent none;--_ga-zi-mobile:auto;--_ga-d-mobile:flex;--_ga-mw-mobile:calc(100% - 0 - 0)\">\n\n    <div class=\"pages-cards-container pages-cards-0\" id=\"pageCards_3\">\n        <div class=\"slider\">\n            <div class=\"swiper-wrapper\">\n                                                        <div class=\"pages-cards-single swiper-slide\">\n                        \n                            <figure class=\"full-width\">\n                                <img decoding=\"async\" src=\"https:\/\/www.villaggiosanpaolo.com\/wp-content\/uploads\/2023\/05\/villaggio-san-paolo-cavallino-spiaggia-01.jpg\" title=\"La spiaggia dorata del Villaggio San Paolo a Cavallino\" alt=\"\" \/>\n                            <\/figure>\n                            <span><\/span>\n\n                                            <\/div>\n                                                        <div class=\"pages-cards-single swiper-slide\">\n                        \n                            <figure class=\"full-width\">\n                                <img decoding=\"async\" src=\"https:\/\/www.villaggiosanpaolo.com\/wp-content\/uploads\/2023\/05\/villaggio-san-paolo-cavallino-spiaggia-02.jpg\" title=\"villaggio-san-paolo-cavallino-spiaggia-02\" alt=\"\" \/>\n                            <\/figure>\n                            <span><\/span>\n\n                                            <\/div>\n                                                        <div class=\"pages-cards-single swiper-slide\">\n                        \n                            <figure class=\"full-width\">\n                                <img decoding=\"async\" src=\"https:\/\/www.villaggiosanpaolo.com\/wp-content\/uploads\/2023\/05\/villaggio-san-paolo-cavallino-spiaggia-03.jpg\" title=\"villaggio-san-paolo-cavallino-spiaggia-03\" alt=\"\" \/>\n                            <\/figure>\n                            <span><\/span>\n\n                                            <\/div>\n                                                        <div class=\"pages-cards-single swiper-slide\">\n                        \n                            <figure class=\"full-width\">\n                                <img decoding=\"async\" src=\"https:\/\/www.villaggiosanpaolo.com\/wp-content\/uploads\/2023\/05\/villaggio-san-paolo-cavallino-spiaggia-04.jpg\" title=\"villaggio-san-paolo-cavallino-spiaggia-04\" alt=\"\" \/>\n                            <\/figure>\n                            <span><\/span>\n\n                                            <\/div>\n                            <\/div>\n        <\/div>\n        \n                    <div class=\"slider-list-navigation\">\n                <div class=\"swiper-button-prev\"><\/div>\n                <div class=\"swiper-pagination\"><\/div>\n                <div class=\"swiper-button-next\"><\/div>\n            <\/div>\n            <\/div>\n\n<script type=\"text\/javascript\">\n    jQuery(document).ready(function () {\n        var pageCards_3 = new Swiper ('#pageCards_3 .slider', {\n            slidesPerView: 1,\n\t\t\tloop: true,\n            centeredSlides: true,\n            centeredSlidesBounds: true,\n            pagination: {\n                el: '#pageCards_3 .slider-list-navigation .swiper-pagination',\n                clickable: true\n            },\n\t\t\tnavigation: {\n                nextEl: '#pageCards_3 .slider-list-navigation .swiper-button-next',\n\t\t\t\tprevEl: '#pageCards_3 .slider-list-navigation .swiper-button-prev'\n\t\t\t}\n        });\n    });\n<\/script>\n\n<\/div>\n\n<div class=\"grids-area animated slideInRight\" style=\"--_ga-column:7\/13;--_ga-row:1\/7;--_ga-va:center;--_ga-m-desktop:0 0 0 0;--_ga-p-desktop:0 0 0 0;--_ga-bg-desktop:transparent none;--_ga-zi-desktop:auto;--_ga-d-desktop:flex;--_ga-mw-desktop:calc(100% - 0 - 0);--_ga-m-tablet:0 0 0 0;--_ga-p-tablet:0 0 0 0;--_ga-bg-tablet:transparent none;--_ga-zi-tablet:auto;--_ga-d-tablet:flex;--_ga-mw-tablet:calc(100% - 0 - 0);--_ga-m-mobile:0 0 0 0;--_ga-p-mobile:0 0 0 0;--_ga-bg-mobile:transparent none;--_ga-zi-mobile:auto;--_ga-d-mobile:flex;--_ga-mw-mobile:calc(100% - 0 - 0)\">\n\n<h3 class=\"wp-block-heading petal-top\">Toute l&rsquo;intimit\u00e9 que vous souhaitez <\/h3>\n\n\n\n<p>Nos stations sont \u00e9quip\u00e9es de <strong>parasols et de chaises longues<\/strong> et permettent \u00e0 chacun de jouir de son intimit\u00e9.  Vous profiterez de la <strong>tranquillit\u00e9<\/strong> et du <strong>calme<\/strong> qu&rsquo;offre la mer, avec de <strong>grands espaces<\/strong> con\u00e7us pour les groupes et les familles nombreuses. <\/p>\n\n<\/div>\n<\/div><\/div>\n\n<div  class=\"grids-section trasparent-box-row grids-is-advanced alignwide\" style=\"--_gs-gap-desktop:0px 0px;--_gs-m-desktop:0 0 0 0;--_gs-p-desktop:0 0 0 0;--_gs-bg-desktop:transparent url(https:\/\/www.villaggiosanpaolo.com\/wp-content\/uploads\/2023\/05\/villaggio-san-paolo-cavallino-spiaggia-banner-02.jpg) no-repeat 50% 50%  \/ cover;--_gs-bg-xp-desktop:0px;--_gs-zi-desktop:auto;--_gs-d-desktop:block;--_gs-mw-desktop:calc(100% - 0 - 0);--_gs-gap-tablet:0px 0px;--_gs-m-tablet:0 0 0 0;--_gs-p-tablet:0 0 0 0;--_gs-bg-tablet:transparent url(https:\/\/www.villaggiosanpaolo.com\/wp-content\/uploads\/2023\/05\/villaggio-san-paolo-cavallino-spiaggia-banner-02.jpg) no-repeat 50% 50%  \/ cover;--_gs-bg-xp-tablet:0px;--_gs-zi-tablet:auto;--_gs-d-tablet:block;--_gs-mw-tablet:calc(100% - 0 - 0);--_gs-gap-mobile:0px 0px;--_gs-m-mobile:0 0 0 0;--_gs-p-mobile:0 0 0 0;--_gs-bg-mobile:transparent url(https:\/\/www.villaggiosanpaolo.com\/wp-content\/uploads\/2023\/05\/villaggio-san-paolo-cavallino-spiaggia-banner-02.jpg) no-repeat 50% 50%  \/ cover;--_gs-bg-xp-mobile:0px;--_gs-zi-mobile:auto;--_gs-d-mobile:block;--_gs-mw-mobile:calc(100% - 0 - 0);--_gs-columns:12;--_gs-rows:6\"><div class=\"grids-s-w_i\">\n<div class=\"grids-area animated slideInUp\" style=\"--_ga-column:1\/13;--_ga-row:1\/7;--_ga-m-desktop:0 0 0 0;--_ga-p-desktop:0 0 0 0;--_ga-bg-desktop:transparent none;--_ga-zi-desktop:auto;--_ga-d-desktop:flex;--_ga-mw-desktop:calc(100% - 0 - 0);--_ga-m-tablet:0 0 0 0;--_ga-p-tablet:0 0 0 0;--_ga-bg-tablet:transparent none;--_ga-zi-tablet:auto;--_ga-d-tablet:flex;--_ga-mw-tablet:calc(100% - 0 - 0);--_ga-m-mobile:0 0 0 0;--_ga-p-mobile:0 0 0 0;--_ga-bg-mobile:transparent none;--_ga-zi-mobile:auto;--_ga-d-mobile:flex;--_ga-mw-mobile:calc(100% - 0 - 0)\">\n\n<h2 class=\"wp-block-heading has-text-align-center\">Une plage pour tous <\/h2>\n\n\n\n<h3 class=\"wp-block-heading has-text-align-center\">S\u00e9curit\u00e9 et accessibilit\u00e9&nbsp;: nos ma\u00eetres mots <\/h3>\n\n\n\n<p class=\"has-text-align-center\">LLes <strong>passerelles<\/strong> pratiques menant aux stations permettent \u00e9galement aux personnes handicap\u00e9es ou rencontrant des difficult\u00e9s motrices de profiter de la plage en tout confort et \u00e0 toutes les familles de profiter pleinement de la mer.  <strong>Des \u00e9quipements et des aides pour acc\u00e9der \u00e0 la plage et entrer dans l&rsquo;eau<\/strong> permettent \u00e0 chacun de vivre la mer en toute libert\u00e9, d&rsquo;en savourer les joies et le bien-\u00eatre. <\/p>\n\n\n\n<div class=\"wp-block-buttons is-layout-flex wp-block-buttons-is-layout-flex\">\n<div class=\"wp-block-button aligncenter is-style-outline is-style-outline--2\"><a class=\"wp-block-button__link wp-element-button\" href=\"https:\/\/www.villaggiosanpaolo.com\/fr\/accessibilite\/\">EN SAVOIR PLUS <\/a><\/div>\n<\/div>\n\n<\/div>\n<\/div><\/div>\n\n<div  id=\"servizi\" class=\"grids-section four-servces-boxes grids-is-advanced alignwide\" style=\"--_gs-gap-desktop:0px 0px;--_gs-m-desktop:0 0 0 0;--_gs-p-desktop:35px 0 0 0;--_gs-bg-desktop:transparent none;--_gs-bg-xp-desktop:0px;--_gs-zi-desktop:auto;--_gs-d-desktop:block;--_gs-mw-desktop:calc(100% - 0 - 0);--_gs-gap-tablet:0px 0px;--_gs-m-tablet:0 0 0 0;--_gs-p-tablet:35px 0 0 0;--_gs-bg-tablet:transparent none;--_gs-bg-xp-tablet:0px;--_gs-zi-tablet:auto;--_gs-d-tablet:block;--_gs-mw-tablet:calc(100% - 0 - 0);--_gs-gap-mobile:0px 0px;--_gs-m-mobile:0 0 0 0;--_gs-p-mobile:25px 0 0 0;--_gs-bg-mobile:transparent none;--_gs-bg-xp-mobile:0px;--_gs-zi-mobile:auto;--_gs-d-mobile:block;--_gs-mw-mobile:calc(100% - 0 - 0);--_gs-columns:12;--_gs-rows:6\"><div class=\"grids-s-w_i\">\n<div class=\"grids-area\" style=\"--_ga-column:1\/13;--_ga-row:1\/4;--_ga-m-desktop:0 0 0 0;--_ga-p-desktop:0 0 0 0;--_ga-bg-desktop:transparent none;--_ga-zi-desktop:auto;--_ga-d-desktop:flex;--_ga-mw-desktop:calc(100% - 0 - 0);--_ga-m-tablet:0 0 0 0;--_ga-p-tablet:0 0 0 0;--_ga-bg-tablet:transparent none;--_ga-zi-tablet:auto;--_ga-d-tablet:flex;--_ga-mw-tablet:calc(100% - 0 - 0);--_ga-m-mobile:0 0 0 0;--_ga-p-mobile:0 0 0 0;--_ga-bg-mobile:transparent none;--_ga-zi-mobile:auto;--_ga-d-mobile:flex;--_ga-mw-mobile:calc(100% - 0 - 0)\">\n\n<h2 class=\"wp-block-heading has-text-align-center\">Tous les services de notre plage priv\u00e9e <\/h2>\n\n\n\n<p class=\"has-text-align-center\">Gr\u00e2ce \u00e0 tous ces services, la plage du Villaggio San Paolo est une destination id\u00e9ale pour passer une journ\u00e9e de d\u00e9tente et d&rsquo;amusement, en profitant du soleil et de la mer en toute tranquillit\u00e9. <\/p>\n\n\n\n<div class=\"wp-block-buttons is-content-justification-center is-layout-flex wp-container-core-buttons-is-layout-16018d1d wp-block-buttons-is-layout-flex\">\n<div class=\"wp-block-button\"><a class=\"wp-block-button__link wp-element-button\" href=\"https:\/\/www.villaggiosanpaolo.com\/fr\/prix\/#servizi-extra\">LISTE DE TARIFS POUR LA PLAGE <\/a><\/div>\n<\/div>\n\n<\/div>\n\n<div class=\"grids-area service-box animated slideInUp\" style=\"--_ga-column:1\/3;--_ga-row:4\/7;--_ga-m-desktop:0 0 0 0;--_ga-p-desktop:0 0 0 0;--_ga-bg-desktop:transparent none;--_ga-zi-desktop:auto;--_ga-d-desktop:flex;--_ga-mw-desktop:calc(100% - 0 - 0);--_ga-m-tablet:0 0 0 0;--_ga-p-tablet:0 0 0 0;--_ga-bg-tablet:transparent none;--_ga-zi-tablet:auto;--_ga-d-tablet:flex;--_ga-mw-tablet:calc(100% - 0 - 0);--_ga-m-mobile:0 0 0 0;--_ga-p-mobile:0 0 0 0;--_ga-bg-mobile:transparent none;--_ga-zi-mobile:auto;--_ga-d-mobile:flex;--_ga-mw-mobile:calc(100% - 0 - 0)\">\n<div class=\"wp-block-image\">\n<figure class=\"aligncenter size-full\"><img decoding=\"async\" src=\"https:\/\/www.villaggiosanpaolo.com\/wp-content\/uploads\/2023\/05\/wired-outline-651-disabled-person.svg\" alt=\"\" class=\"wp-image-916\"\/><\/figure>\n<\/div>\n\n\n<p class=\"has-text-align-center\">AIDES \u00c0 L&rsquo;ACC\u00c8S \u00c0 L&rsquo;EAU POUR LES PERSONNES HANDICAP\u00c9ES <\/p>\n\n<\/div>\n\n<div class=\"grids-area service-box animated slideInUp delay-100ms\" style=\"--_ga-column:3\/5;--_ga-row:4\/7;--_ga-m-desktop:0 0 0 0;--_ga-p-desktop:0 0 0 0;--_ga-bg-desktop:transparent none;--_ga-zi-desktop:auto;--_ga-d-desktop:flex;--_ga-mw-desktop:calc(100% - 0 - 0);--_ga-m-tablet:0 0 0 0;--_ga-p-tablet:0 0 0 0;--_ga-bg-tablet:transparent none;--_ga-zi-tablet:auto;--_ga-d-tablet:flex;--_ga-mw-tablet:calc(100% - 0 - 0);--_ga-m-mobile:0 0 0 0;--_ga-p-mobile:0 0 0 0;--_ga-bg-mobile:transparent none;--_ga-zi-mobile:auto;--_ga-d-mobile:flex;--_ga-mw-mobile:calc(100% - 0 - 0)\">\n<div class=\"wp-block-image\">\n<figure class=\"aligncenter size-full\"><img decoding=\"async\" src=\"https:\/\/www.villaggiosanpaolo.com\/wp-content\/uploads\/2023\/04\/wheelchair-san-paolo.svg\" alt=\"\" class=\"wp-image-502\"\/><\/figure>\n<\/div>\n\n\n<p class=\"has-text-align-center\">DES PASSERELLES CONFORTABLES POUR LES FAUTEUILS ROULANTS ET LES POUSSETTES <\/p>\n\n\n\n<span class=\"label\">TOURISME INCLUSIF <br\/>SOCIALE VENETO depuis 2017 <\/span>\n\n<\/div>\n\n<div class=\"grids-area service-box animated slideInUp delay-200ms\" style=\"--_ga-column:5\/7;--_ga-row:4\/7;--_ga-m-desktop:0 0 0 0;--_ga-p-desktop:0 0 0 0;--_ga-bg-desktop:transparent none;--_ga-zi-desktop:auto;--_ga-d-desktop:flex;--_ga-mw-desktop:calc(100% - 0 - 0);--_ga-m-tablet:0 0 0 0;--_ga-p-tablet:0 0 0 0;--_ga-bg-tablet:transparent none;--_ga-zi-tablet:auto;--_ga-d-tablet:flex;--_ga-mw-tablet:calc(100% - 0 - 0);--_ga-m-mobile:0 0 0 0;--_ga-p-mobile:0 0 0 0;--_ga-bg-mobile:transparent none;--_ga-zi-mobile:auto;--_ga-d-mobile:flex;--_ga-mw-mobile:calc(100% - 0 - 0)\">\n<div class=\"wp-block-image\">\n<figure class=\"aligncenter size-full\"><img decoding=\"async\" src=\"https:\/\/www.villaggiosanpaolo.com\/wp-content\/uploads\/2023\/05\/wired-outline-475-rescue-safety-ring-help-2.svg\" alt=\"\" class=\"wp-image-918\"\/><\/figure>\n<\/div>\n\n\n<p class=\"has-text-align-center\">ASSISTANCE AUX BAIGNEURS <\/p>\n\n<\/div>\n\n<div class=\"grids-area service-box animated slideInUp delay-500ms\" style=\"--_ga-column:7\/9;--_ga-row:4\/7;--_ga-m-desktop:0 0 0 0;--_ga-p-desktop:0 0 0 0;--_ga-bg-desktop:transparent none;--_ga-zi-desktop:auto;--_ga-d-desktop:flex;--_ga-mw-desktop:calc(100% - 0 - 0);--_ga-m-tablet:0 0 0 0;--_ga-p-tablet:0 0 0 0;--_ga-bg-tablet:transparent none;--_ga-zi-tablet:auto;--_ga-d-tablet:flex;--_ga-mw-tablet:calc(100% - 0 - 0);--_ga-m-mobile:0 0 0 0;--_ga-p-mobile:0 0 0 0;--_ga-bg-mobile:transparent none;--_ga-zi-mobile:auto;--_ga-d-mobile:flex;--_ga-mw-mobile:calc(100% - 0 - 0)\">\n<div class=\"wp-block-image\">\n<figure class=\"aligncenter size-full\"><img decoding=\"async\" src=\"https:\/\/www.villaggiosanpaolo.com\/wp-content\/uploads\/2023\/05\/wired-outline-1684-beach-ball.svg\" alt=\"\" class=\"wp-image-871\"\/><\/figure>\n<\/div>\n\n\n<p class=\"has-text-align-center\">TERRAIN DE BEACH VOLLEY ET DE BEACH SOCCER <\/p>\n\n<\/div>\n\n<div class=\"grids-area service-box animated slideInUp delay-1s\" style=\"--_ga-column:9\/11;--_ga-row:4\/7;--_ga-m-desktop:0 0 0 0;--_ga-p-desktop:0 0 0 0;--_ga-bg-desktop:transparent none;--_ga-zi-desktop:auto;--_ga-d-desktop:flex;--_ga-mw-desktop:calc(100% - 0 - 0);--_ga-m-tablet:0 0 0 0;--_ga-p-tablet:0 0 0 0;--_ga-bg-tablet:transparent none;--_ga-zi-tablet:auto;--_ga-d-tablet:flex;--_ga-mw-tablet:calc(100% - 0 - 0);--_ga-m-mobile:0 0 0 0;--_ga-p-mobile:0 0 0 0;--_ga-bg-mobile:transparent none;--_ga-zi-mobile:auto;--_ga-d-mobile:flex;--_ga-mw-mobile:calc(100% - 0 - 0)\">\n<div class=\"wp-block-image\">\n<figure class=\"aligncenter size-full\"><img decoding=\"async\" src=\"https:\/\/www.villaggiosanpaolo.com\/wp-content\/uploads\/2023\/05\/wired-outline-1099-yard-playground.svg\" alt=\"\" class=\"wp-image-923\"\/><\/figure>\n<\/div>\n\n\n<p class=\"has-text-align-center\">ANIMATION ET ZONE DE JEUX POUR ENFANTS <\/p>\n\n<\/div>\n\n<div class=\"grids-area service-box animated slideInUp delay-2s\" style=\"--_ga-column:11\/13;--_ga-row:4\/7;--_ga-m-desktop:0 0 0 0;--_ga-p-desktop:0 0 0 0;--_ga-bg-desktop:transparent none;--_ga-zi-desktop:auto;--_ga-d-desktop:flex;--_ga-mw-desktop:calc(100% - 0 - 0);--_ga-m-tablet:0 0 0 0;--_ga-p-tablet:0 0 0 0;--_ga-bg-tablet:transparent none;--_ga-zi-tablet:auto;--_ga-d-tablet:flex;--_ga-mw-tablet:calc(100% - 0 - 0);--_ga-m-mobile:0 0 0 0;--_ga-p-mobile:0 0 0 0;--_ga-bg-mobile:transparent none;--_ga-zi-mobile:auto;--_ga-d-mobile:flex;--_ga-mw-mobile:calc(100% - 0 - 0)\">\n<div class=\"wp-block-image\">\n<figure class=\"aligncenter size-full\"><img decoding=\"async\" src=\"https:\/\/www.villaggiosanpaolo.com\/wp-content\/uploads\/2023\/05\/wired-outline-663-swimming.svg\" alt=\"\" class=\"wp-image-927\"\/><\/figure>\n<\/div>\n\n\n<p class=\"has-text-align-center\">A\u00c9ROBIC AQUATIQUE ET COURS DE R\u00c9VEIL MUSCULAIRE SUR LE SABLE <\/p>\n\n<\/div>\n<\/div><\/div>\n\n<div  class=\"grids-section swiper-cards-row grids-is-advanced alignwide\" style=\"--_gs-gap-desktop:0px 0px;--_gs-m-desktop:0 0 0 0;--_gs-p-desktop:0 0 0 0;--_gs-bg-desktop:#e8f1ea none;--_gs-bg-xp-desktop:0px;--_gs-zi-desktop:auto;--_gs-d-desktop:block;--_gs-mw-desktop:calc(100% - 0 - 0);--_gs-gap-tablet:0px 0px;--_gs-m-tablet:0 0 0 0;--_gs-p-tablet:0 0 0 0;--_gs-bg-tablet:#e8f1ea none;--_gs-bg-xp-tablet:0px;--_gs-zi-tablet:auto;--_gs-d-tablet:block;--_gs-mw-tablet:calc(100% - 0 - 0);--_gs-gap-mobile:0px 0px;--_gs-m-mobile:0 0 0 0;--_gs-p-mobile:0 0 0 0;--_gs-bg-mobile:#e8f1ea none;--_gs-bg-xp-mobile:0px;--_gs-zi-mobile:auto;--_gs-d-mobile:block;--_gs-mw-mobile:calc(100% - 0 - 0);--_gs-columns:12;--_gs-rows:6\"><div class=\"grids-s-w_i\">\n<div class=\"grids-area animated slideInRight\" style=\"--_ga-column:7\/13;--_ga-row:1\/7;--_ga-va:center;--_ga-m-desktop:0 0 0 0;--_ga-p-desktop:0 0 0 0;--_ga-bg-desktop:transparent none;--_ga-zi-desktop:auto;--_ga-d-desktop:flex;--_ga-mw-desktop:calc(100% - 0 - 0);--_ga-m-tablet:0 0 0 0;--_ga-p-tablet:0 0 0 0;--_ga-bg-tablet:transparent none;--_ga-zi-tablet:auto;--_ga-d-tablet:flex;--_ga-mw-tablet:calc(100% - 0 - 0);--_ga-m-mobile:0 0 0 0;--_ga-p-mobile:0 0 0 0;--_ga-bg-mobile:transparent none;--_ga-zi-mobile:auto;--_ga-d-mobile:flex;--_ga-mw-mobile:calc(100% - 0 - 0)\">\n\n<h3 class=\"wp-block-heading petal-top\">Zone de jeux et d&rsquo;animation sur la plage <\/h3>\n\n\n\n<p>De grandes \u00e9tendues de sable sont d\u00e9di\u00e9es aux jeux tels que l&rsquo;<strong>espace enfants<\/strong>, le <strong>beach volley<\/strong>, le <strong>beach soccer<\/strong> et toutes les autres activit\u00e9s organis\u00e9es par notre \u00e9quipe d&rsquo;animation. <\/p>\n\n<\/div>\n\n<div class=\"grids-area animated slideInLeft \" style=\"--_ga-column:1\/7;--_ga-row:1\/7;--_ga-va:center;--_ga-m-desktop:0 0 0 0;--_ga-p-desktop:0 0 0 0;--_ga-bg-desktop:transparent none;--_ga-zi-desktop:auto;--_ga-d-desktop:flex;--_ga-mw-desktop:calc(100% - 0 - 0);--_ga-m-tablet:0 0 0 0;--_ga-p-tablet:0 0 0 0;--_ga-bg-tablet:transparent none;--_ga-zi-tablet:auto;--_ga-d-tablet:flex;--_ga-mw-tablet:calc(100% - 0 - 0);--_ga-m-mobile:0 0 0 0;--_ga-p-mobile:0 0 0 0;--_ga-bg-mobile:transparent none;--_ga-zi-mobile:auto;--_ga-d-mobile:flex;--_ga-mw-mobile:calc(100% - 0 - 0)\">\n\n    <div class=\"pages-cards-container pages-cards-1\" id=\"pageCards_4\">\n        <div class=\"slider\">\n            <div class=\"swiper-wrapper\">\n                                                        <div class=\"pages-cards-single swiper-slide\">\n                        \n                            <figure class=\"full-width\">\n                                <img decoding=\"async\" src=\"https:\/\/www.villaggiosanpaolo.com\/wp-content\/uploads\/2023\/05\/villaggio-san-paolo-cavallino-spiaggia-giochi.jpg\" title=\"villaggio-san-paolo-cavallino-spiaggia-giochi\" alt=\"\" \/>\n                            <\/figure>\n                            <span><\/span>\n\n                                            <\/div>\n                                                        <div class=\"pages-cards-single swiper-slide\">\n                        \n                            <figure class=\"full-width\">\n                                <img decoding=\"async\" src=\"https:\/\/www.villaggiosanpaolo.com\/wp-content\/uploads\/2023\/05\/villaggio-san-paolo-cavallino-spiaggia-05.jpg\" title=\"villaggio-san-paolo-cavallino-spiaggia-05\" alt=\"\" \/>\n                            <\/figure>\n                            <span><\/span>\n\n                                            <\/div>\n                                                        <div class=\"pages-cards-single swiper-slide\">\n                        \n                            <figure class=\"full-width\">\n                                <img decoding=\"async\" src=\"https:\/\/www.villaggiosanpaolo.com\/wp-content\/uploads\/2023\/05\/villaggio-san-paolo-cavallino-spiaggia-area-bimbi.jpg\" title=\"villaggio-san-paolo-cavallino-spiaggia-area-bimbi\" alt=\"\" \/>\n                            <\/figure>\n                            <span><\/span>\n\n                                            <\/div>\n                            <\/div>\n        <\/div>\n        \n                    <div class=\"slider-list-navigation\">\n                <div class=\"swiper-button-prev\"><\/div>\n                <div class=\"swiper-pagination\"><\/div>\n                <div class=\"swiper-button-next\"><\/div>\n            <\/div>\n            <\/div>\n\n<script type=\"text\/javascript\">\n    jQuery(document).ready(function () {\n        var pageCards_4 = new Swiper ('#pageCards_4 .slider', {\n            slidesPerView: 1,\n\t\t\tloop: true,\n            centeredSlides: true,\n            centeredSlidesBounds: true,\n            pagination: {\n                el: '#pageCards_4 .slider-list-navigation .swiper-pagination',\n                clickable: true\n            },\n\t\t\tnavigation: {\n                nextEl: '#pageCards_4 .slider-list-navigation .swiper-button-next',\n\t\t\t\tprevEl: '#pageCards_4 .slider-list-navigation .swiper-button-prev'\n\t\t\t}\n        });\n    });\n<\/script>\n\n<\/div>\n<\/div><\/div>","protected":false},"excerpt":{"rendered":"","protected":false},"author":1,"featured_media":2743,"parent":0,"menu_order":0,"comment_status":"closed","ping_status":"closed","template":"","meta":{"_acf_changed":false,"_seopress_robots_primary_cat":"","_seopress_titles_title":"Station baln\u00e9aire avec plage \u00e9quip\u00e9e Cavallino-Treporti %%sep%% %%sitetitle%% ","_seopress_titles_desc":"Station baln\u00e9aire avec plage \u00e9quip\u00e9e \u00e0 Cavallino-Treporti.  Id\u00e9ale pour les familles et les groupes d'amis, \u00e9quip\u00e9e pour les personnes handicap\u00e9es. ","_seopress_robots_index":"","advgb_blocks_editor_width":"","advgb_blocks_columns_visual_guide":"","footnotes":""},"class_list":["post-3777","page","type-page","status-publish","has-post-thumbnail","hentry","entry"],"acf":[],"coauthors":[],"author_meta":{"author_link":"https:\/\/www.villaggiosanpaolo.com\/fr\/author\/ales-ckgmi8c90\/","display_name":"ales-ckgmi8c90"},"relative_dates":{"created":"Publi\u00e9 3 ans il y a","modified":"Mis \u00e0 jour 3 mois il y a"},"absolute_dates":{"created":"Publi\u00e9 le juillet 20, 2023","modified":"Mise \u00e0 jour le janvier 14, 2026"},"absolute_dates_time":{"created":"Publi\u00e9 le juillet 20, 2023 12:13 pm","modified":"Mise \u00e0 jour le janvier 14, 2026 5:07 pm"},"featured_img_caption":"","featured_img":"https:\/\/www.villaggiosanpaolo.com\/wp-content\/uploads\/2023\/05\/villaggio-san-paolo-cavallino-spiaggia-banner-1568x784.jpg","series_order":"","_links":{"self":[{"href":"https:\/\/www.villaggiosanpaolo.com\/fr\/wp-json\/wp\/v2\/pages\/3777","targetHints":{"allow":["GET"]}}],"collection":[{"href":"https:\/\/www.villaggiosanpaolo.com\/fr\/wp-json\/wp\/v2\/pages"}],"about":[{"href":"https:\/\/www.villaggiosanpaolo.com\/fr\/wp-json\/wp\/v2\/types\/page"}],"author":[{"embeddable":true,"href":"https:\/\/www.villaggiosanpaolo.com\/fr\/wp-json\/wp\/v2\/users\/1"}],"replies":[{"embeddable":true,"href":"https:\/\/www.villaggiosanpaolo.com\/fr\/wp-json\/wp\/v2\/comments?post=3777"}],"version-history":[{"count":3,"href":"https:\/\/www.villaggiosanpaolo.com\/fr\/wp-json\/wp\/v2\/pages\/3777\/revisions"}],"predecessor-version":[{"id":6861,"href":"https:\/\/www.villaggiosanpaolo.com\/fr\/wp-json\/wp\/v2\/pages\/3777\/revisions\/6861"}],"wp:featuredmedia":[{"embeddable":true,"href":"https:\/\/www.villaggiosanpaolo.com\/fr\/wp-json\/wp\/v2\/media\/2743"}],"wp:attachment":[{"href":"https:\/\/www.villaggiosanpaolo.com\/fr\/wp-json\/wp\/v2\/media?parent=3777"}],"curies":[{"name":"wp","href":"https:\/\/api.w.org\/{rel}","templated":true}]}}