{"id":3905,"date":"2023-07-20T12:13:20","date_gmt":"2023-07-20T10:13:20","guid":{"rendered":"https:\/\/www.villaggiosanpaolo.com\/le-musee\/"},"modified":"2024-03-25T15:22:30","modified_gmt":"2024-03-25T14:22:30","slug":"le-musee","status":"publish","type":"page","link":"https:\/\/www.villaggiosanpaolo.com\/fr\/le-musee\/","title":{"rendered":"Le mus\u00e9e"},"content":{"rendered":"<div  class=\"grids-section four-servces-boxes grids-is-advanced alignwide\" style=\"--_gs-gap-desktop:0px 0px;--_gs-m-desktop:0 0 0 0;--_gs-p-desktop:0 0 0 0;--_gs-bg-desktop:transparent none;--_gs-bg-xp-desktop:0px;--_gs-zi-desktop:auto;--_gs-d-desktop:block;--_gs-mw-desktop:calc(100% - 0 - 0);--_gs-gap-tablet:0px 0px;--_gs-m-tablet:0 0 0 0;--_gs-p-tablet:0 0 0 0;--_gs-bg-tablet:transparent none;--_gs-bg-xp-tablet:0px;--_gs-zi-tablet:auto;--_gs-d-tablet:block;--_gs-mw-tablet:calc(100% - 0 - 0);--_gs-gap-mobile:0px 0px;--_gs-m-mobile:0 0 0 0;--_gs-p-mobile:0 0 0 0;--_gs-bg-mobile:transparent none;--_gs-bg-xp-mobile:0px;--_gs-zi-mobile:auto;--_gs-d-mobile:block;--_gs-mw-mobile:calc(100% - 0 - 0);--_gs-columns:12;--_gs-rows:6\"><div class=\"grids-s-w_i\">\n<div class=\"grids-area\" style=\"--_ga-column:1\/13;--_ga-row:1\/7;--_ga-m-desktop:0 0 0 0;--_ga-p-desktop:0 0 0 0;--_ga-bg-desktop:transparent none;--_ga-zi-desktop:auto;--_ga-d-desktop:flex;--_ga-mw-desktop:calc(100% - 0 - 0);--_ga-m-tablet:0 0 0 0;--_ga-p-tablet:0 0 0 0;--_ga-bg-tablet:transparent none;--_ga-zi-tablet:auto;--_ga-d-tablet:flex;--_ga-mw-tablet:calc(100% - 0 - 0);--_ga-m-mobile:0 0 0 0;--_ga-p-mobile:0 0 0 0;--_ga-bg-mobile:transparent none;--_ga-zi-mobile:auto;--_ga-d-mobile:flex;--_ga-mw-mobile:calc(100% - 0 - 0)\">\n\n<h2 class=\"wp-block-heading has-text-align-center\">Le mus\u00e9e <\/h2>\n\n\n\n<p class=\"has-text-align-center\">Visitez le mus\u00e9e du Villaggio San Paolo, situ\u00e9 dans l&rsquo;historique Batteria Radaelli \u00e0 Cavallino-Treporti. <br>Ce complexe fortifi\u00e9 datant de la Premi\u00e8re Guerre mondiale conserve de pr\u00e9cieuses reliques, images et vid\u00e9os de l&rsquo;\u00e9poque.  <br>Le long de la Via dei Forti, vous pourrez d\u00e9couvrir le patrimoine historico-militaire de la r\u00e9gion et profiter de vues spectaculaires sur la mer Adriatique et la lagune de Venise. <\/p>\n\n<\/div>\n<\/div><\/div>\n\n<div  id=\"batteria\" class=\"grids-section white-image-background-row blue-bg grids-is-advanced alignwide\" style=\"--_gs-gap-desktop:0px 0px;--_gs-m-desktop:0 0 0 0;--_gs-p-desktop:0 0 0 0;--_gs-bg-desktop:transparent url(https:\/\/www.villaggiosanpaolo.com\/wp-content\/uploads\/2023\/06\/villagio-san-paolo-cavallino-il-museo-01.jpg) no-repeat 50% 50%  \/ cover;--_gs-bg-xp-desktop:0px;--_gs-zi-desktop:auto;--_gs-d-desktop:block;--_gs-mw-desktop:calc(100% - 0 - 0);--_gs-gap-tablet:0px 0px;--_gs-m-tablet:0 0 0 0;--_gs-p-tablet:0 0 0 0;--_gs-bg-tablet:transparent url(https:\/\/www.villaggiosanpaolo.com\/wp-content\/uploads\/2023\/06\/villagio-san-paolo-cavallino-il-museo-01.jpg) no-repeat 50% 50%  \/ cover;--_gs-bg-xp-tablet:0px;--_gs-zi-tablet:auto;--_gs-d-tablet:block;--_gs-mw-tablet:calc(100% - 0 - 0);--_gs-gap-mobile:0px 0px;--_gs-m-mobile:0 0 0 0;--_gs-p-mobile:0 0 0 0;--_gs-bg-mobile:transparent url(https:\/\/www.villaggiosanpaolo.com\/wp-content\/uploads\/2023\/06\/villagio-san-paolo-cavallino-il-museo-01.jpg) no-repeat 50% 50%  \/ cover;--_gs-bg-xp-mobile:0px;--_gs-zi-mobile:auto;--_gs-d-mobile:block;--_gs-mw-mobile:calc(100% - 0 - 0);--_gs-columns:12;--_gs-rows:6\"><div class=\"grids-s-w_i\">\n<div class=\"grids-area animated slideInLeft\" style=\"--_ga-column:1\/7;--_ga-row:1\/7;--_ga-va:center;--_ga-m-desktop:0 0 0 0;--_ga-p-desktop:0 0 0 0;--_ga-bg-desktop:#28303D none;--_ga-zi-desktop:auto;--_ga-d-desktop:flex;--_ga-mw-desktop:calc(100% - 0 - 0);--_ga-m-tablet:0 0 0 0;--_ga-p-tablet:0 0 0 0;--_ga-bg-tablet:#28303D none;--_ga-zi-tablet:auto;--_ga-d-tablet:flex;--_ga-mw-tablet:calc(100% - 0 - 0);--_ga-m-mobile:0 0 0 0;--_ga-p-mobile:0 0 0 0;--_ga-bg-mobile:#28303D none;--_ga-zi-mobile:auto;--_ga-d-mobile:flex;--_ga-mw-mobile:calc(100% - 0 - 0)\">\n\n<span class=\"label\">LE MUS\u00c9E DU VILLAGGIO SAN PAOLO <\/span>\n\n\n\n<h2 class=\"wp-block-heading petal-top petal-white has-white-color has-text-color\">La Batteria Radaelli <\/h2>\n\n\n\n<p class=\"has-white-color has-text-color\">La <strong>Batteria Radaelli<\/strong> est un site historique important situ\u00e9 dans la ville de Cavallino-Treporti.  Ce complexe fortifi\u00e9 datant de la <strong>Premi\u00e8re Guerre mondiale<\/strong> faisait partie du syst\u00e8me de d\u00e9fense c\u00f4ti\u00e8re italien.  <\/p>\n\n\n\n<p class=\"has-white-color has-text-color\">Aujourd&rsquo;hui, la Batteria Radaelli abrite le <strong>mus\u00e9e du Villaggio San Paolo<\/strong> et une vaste collection de <strong>photographies<\/strong>, de <strong>vid\u00e9os<\/strong> et de <strong>souvenirs de l&rsquo;\u00e9poque<\/strong>.  Gr\u00e2ce aux expositions et aux activit\u00e9s du mus\u00e9e, les visiteurs peuvent se plonger dans l&rsquo;histoire et mieux comprendre l&rsquo;importance strat\u00e9gique de la Batteria Radaelli pendant les conflits du XXe si\u00e8cle. <\/p>\n\n<\/div>\n<\/div><\/div>\n\n<div  id=\"storia\" class=\"grids-section center-box-row grids-is-advanced alignwide\" style=\"--_gs-gap-desktop:0px 0px;--_gs-m-desktop:0 0 0 0;--_gs-p-desktop:0 0 0 0;--_gs-bg-desktop:transparent url(https:\/\/www.villaggiosanpaolo.com\/wp-content\/uploads\/2023\/06\/villagio-san-paolo-cavallino-il-museo-banner-01-1.jpg) no-repeat 50% 50%  \/ cover;--_gs-bg-xp-desktop:0px;--_gs-zi-desktop:auto;--_gs-d-desktop:none;--_gs-mw-desktop:calc(100% - 0 - 0);--_gs-gap-tablet:0px 0px;--_gs-m-tablet:0 0 0 0;--_gs-p-tablet:0 0 0 0;--_gs-bg-tablet:transparent url(https:\/\/www.villaggiosanpaolo.com\/wp-content\/uploads\/2023\/06\/villagio-san-paolo-cavallino-il-museo-banner-01-1.jpg) no-repeat 50% 50%  \/ cover;--_gs-bg-xp-tablet:0px;--_gs-zi-tablet:auto;--_gs-d-tablet:none;--_gs-mw-tablet:calc(100% - 0 - 0);--_gs-gap-mobile:0px 0px;--_gs-m-mobile:0 0 0 0;--_gs-p-mobile:0 0 0 0;--_gs-bg-mobile:transparent url(https:\/\/www.villaggiosanpaolo.com\/wp-content\/uploads\/2023\/06\/villagio-san-paolo-cavallino-il-museo-banner-01-1.jpg) no-repeat 50% 50%  \/ cover;--_gs-bg-xp-mobile:0px;--_gs-zi-mobile:auto;--_gs-d-mobile:none;--_gs-mw-mobile:calc(100% - 0 - 0);--_gs-columns:12;--_gs-rows:6\"><div class=\"grids-s-w_i\">\n<div class=\"grids-area animated slideInUp\" style=\"--_ga-column:1\/13;--_ga-row:1\/7;--_ga-m-desktop:0 0 0 0;--_ga-p-desktop:0 0 0 0;--_ga-bg-desktop:#FFFFFF none;--_ga-zi-desktop:auto;--_ga-d-desktop:flex;--_ga-mw-desktop:calc(100% - 0 - 0);--_ga-m-tablet:0 0 0 0;--_ga-p-tablet:0 0 0 0;--_ga-bg-tablet:#FFFFFF none;--_ga-zi-tablet:auto;--_ga-d-tablet:flex;--_ga-mw-tablet:calc(100% - 0 - 0);--_ga-m-mobile:0 0 0 0;--_ga-p-mobile:0 0 0 0;--_ga-bg-mobile:#FFFFFF none;--_ga-zi-mobile:auto;--_ga-d-mobile:flex;--_ga-mw-mobile:calc(100% - 0 - 0)\">\n\n<h2 class=\"wp-block-heading has-text-align-center petal-before\">L&rsquo;histoire de la Batteria Radaelli <\/h2>\n\n\n\n<p class=\"has-text-align-center\">Un voyage dans l&rsquo;histoire qui se fond dans le magnifique paysage lagunaire environnant et qui constitue \u00e9galement un pr\u00e9cieux t\u00e9moignage de notre station.  Parmi les nombreuses commodit\u00e9s offertes, il y a la <strong>possibilit\u00e9 de d\u00eener dans un lieu vraiment unique&nbsp;: notre mus\u00e9e<\/strong>.  On y d\u00e9guste des plats inspir\u00e9s de la Premi\u00e8re Guerre mondiale, plong\u00e9s dans l&rsquo;histoire et la culture de l&rsquo;\u00e9poque.  <\/p>\n\n\n\n<p class=\"has-text-align-center\">Le d\u00eener au mus\u00e9e <strong>offre une exp\u00e9rience culinaire unique en son genre<\/strong>&nbsp;: vous profiterez de plats pr\u00e9par\u00e9s avec des ingr\u00e9dients frais et s\u00e9lectionn\u00e9s, accompagn\u00e9s d&rsquo;une large s\u00e9lection de vins.  Et, cerise sur le g\u00e2teau, le charme et l&rsquo;atmosph\u00e8re du mus\u00e9e cr\u00e9ent une exp\u00e9rience inoubliable pour tous ceux qui choisissent d&rsquo;y d\u00eener (<a href=\"https:\/\/www.youtube.com\/watch?v=QGEFxuBQRro&amp;ab_channel=VillaggioSanPaolo\" target=\"_blank\" rel=\"noreferrer noopener\">d\u00e9couvrez la magie d&rsquo;un d\u00eener au mus\u00e9e<\/a>). <\/p>\n\n\n\n<div class=\"wp-block-buttons is-content-justification-center is-layout-flex wp-container-core-buttons-is-layout-16018d1d wp-block-buttons-is-layout-flex\">\n<div class=\"wp-block-button\"><a class=\"wp-block-button__link wp-element-button\" href=\"https:\/\/www.villaggiosanpaolo.com\/wp-content\/uploads\/2023\/05\/menu-cena-al-museo-villaggio-san-paolo-cavallino-ITA.pdf\" target=\"_blank\" rel=\"noreferrer noopener\">D\u00c9COUVREZ LE MENU <\/a><\/div>\n<\/div>\n\n<\/div>\n<\/div><\/div>\n\n<div  class=\"grids-section swiper-cards-row grids-is-advanced alignwide\" style=\"--_gs-gap-desktop:0px 0px;--_gs-m-desktop:0 0 0 0;--_gs-p-desktop:0 0 0 0;--_gs-bg-desktop:transparent none;--_gs-bg-xp-desktop:0px;--_gs-zi-desktop:auto;--_gs-d-desktop:block;--_gs-mw-desktop:calc(100% - 0 - 0);--_gs-gap-tablet:0px 0px;--_gs-m-tablet:0 0 0 0;--_gs-p-tablet:0 0 0 0;--_gs-bg-tablet:transparent none;--_gs-bg-xp-tablet:0px;--_gs-zi-tablet:auto;--_gs-d-tablet:block;--_gs-mw-tablet:calc(100% - 0 - 0);--_gs-gap-mobile:0px 0px;--_gs-m-mobile:0 0 0 0;--_gs-p-mobile:0 0 0 0;--_gs-bg-mobile:transparent none;--_gs-bg-xp-mobile:0px;--_gs-zi-mobile:auto;--_gs-d-mobile:block;--_gs-mw-mobile:calc(100% - 0 - 0);--_gs-columns:12;--_gs-rows:6\"><div class=\"grids-s-w_i\">\n<div class=\"grids-area animated slideInLeft\" style=\"--_ga-column:1\/7;--_ga-row:1\/7;--_ga-va:center;--_ga-m-desktop:0 0 0 0;--_ga-p-desktop:0 0 0 0;--_ga-bg-desktop:transparent none;--_ga-zi-desktop:auto;--_ga-d-desktop:flex;--_ga-mw-desktop:calc(100% - 0 - 0);--_ga-m-tablet:0 0 0 0;--_ga-p-tablet:0 0 0 0;--_ga-bg-tablet:transparent none;--_ga-zi-tablet:auto;--_ga-d-tablet:flex;--_ga-mw-tablet:calc(100% - 0 - 0);--_ga-m-mobile:0 0 0 0;--_ga-p-mobile:0 0 0 0;--_ga-bg-mobile:transparent none;--_ga-zi-mobile:auto;--_ga-d-mobile:flex;--_ga-mw-mobile:calc(100% - 0 - 0)\">\n\n<h2 class=\"wp-block-heading has-text-align-left petal-top\">La Via dei Forti <\/h2>\n\n\n\n<p>La Via dei Forti \u00e0 Cavallino-Treporti est un parcours mus\u00e9al cr\u00e9\u00e9 pour metter en valeur le <strong>patrimoine historique et militaire<\/strong> de la r\u00e9gion.  Autrefois un front important pendant la Premi\u00e8re Guerre mondiale, il offre aujourd&rsquo;hui une <strong>vue splendide sur la mer Adriatique et la lagune de Venise<\/strong>.  La Via dei Forti se confirme comme une destination id\u00e9ale pour les amateurs d&rsquo;histoire, de nature et de culture locale. <\/p>\n\n\n\n<div class=\"wp-block-buttons is-content-justification-left is-layout-flex wp-container-core-buttons-is-layout-fdcfc74e wp-block-buttons-is-layout-flex\">\n<div class=\"wp-block-button\"><a class=\"wp-block-button__link wp-element-button\" href=\"https:\/\/www.viadeiforti.it\/it\/\" target=\"_blank\" rel=\"noreferrer noopener\">EN SAVOIR PLUS <\/a><\/div>\n<\/div>\n\n<\/div>\n\n<div class=\"grids-area animated slideInRight\" style=\"--_ga-column:7\/13;--_ga-row:1\/7;--_ga-va:center;--_ga-m-desktop:0 0 0 0;--_ga-p-desktop:0 0 0 0;--_ga-bg-desktop:transparent none;--_ga-zi-desktop:auto;--_ga-d-desktop:flex;--_ga-mw-desktop:calc(100% - 0 - 0);--_ga-m-tablet:0 0 0 0;--_ga-p-tablet:0 0 0 0;--_ga-bg-tablet:transparent none;--_ga-zi-tablet:auto;--_ga-d-tablet:flex;--_ga-mw-tablet:calc(100% - 0 - 0);--_ga-m-mobile:0 0 0 0;--_ga-p-mobile:0 0 0 0;--_ga-bg-mobile:transparent none;--_ga-zi-mobile:auto;--_ga-d-mobile:flex;--_ga-mw-mobile:calc(100% - 0 - 0)\">\n\n    <div class=\"pages-cards-container pages-cards-0\" id=\"pageCards_2\">\n        <div class=\"slider\">\n            <div class=\"swiper-wrapper\">\n                                                        <div class=\"pages-cards-single swiper-slide\">\n                        \n                            <figure class=\"full-width\">\n                                <img decoding=\"async\" src=\"https:\/\/www.villaggiosanpaolo.com\/wp-content\/uploads\/2023\/06\/villagio-san-paolo-cavallino-il-museo-05.jpg\" title=\"Arte e storia prendono vita\" alt=\"\" \/>\n                            <\/figure>\n                            <span><\/span>\n\n                                            <\/div>\n                                                        <div class=\"pages-cards-single swiper-slide\">\n                        \n                            <figure class=\"full-width\">\n                                <img decoding=\"async\" src=\"https:\/\/www.villaggiosanpaolo.com\/wp-content\/uploads\/2023\/06\/villagio-san-paolo-cavallino-il-museo-04.jpg\" title=\"Passato che racconta storie senza parole\" alt=\"\" \/>\n                            <\/figure>\n                            <span><\/span>\n\n                                            <\/div>\n                                                        <div class=\"pages-cards-single swiper-slide\">\n                        \n                            <figure class=\"full-width\">\n                                <img decoding=\"async\" src=\"https:\/\/www.villaggiosanpaolo.com\/wp-content\/uploads\/2023\/06\/villagio-san-paolo-cavallino-il-museo-03.jpg\" title=\"Arte antica che incanta gli occhi\" alt=\"\" \/>\n                            <\/figure>\n                            <span><\/span>\n\n                                            <\/div>\n                                                        <div class=\"pages-cards-single swiper-slide\">\n                        \n                            <figure class=\"full-width\">\n                                <img decoding=\"async\" src=\"https:\/\/www.villaggiosanpaolo.com\/wp-content\/uploads\/2023\/06\/villagio-san-paolo-cavallino-il-museo-02.jpg\" title=\"Storia e cultura in esposizione artistica\" alt=\"\" \/>\n                            <\/figure>\n                            <span><\/span>\n\n                                            <\/div>\n                            <\/div>\n        <\/div>\n        \n                    <div class=\"slider-list-navigation\">\n                <div class=\"swiper-button-prev\"><\/div>\n                <div class=\"swiper-pagination\"><\/div>\n                <div class=\"swiper-button-next\"><\/div>\n            <\/div>\n            <\/div>\n\n<script type=\"text\/javascript\">\n    jQuery(document).ready(function () {\n        var pageCards_2 = new Swiper ('#pageCards_2 .slider', {\n            slidesPerView: 1,\n\t\t\tloop: true,\n            centeredSlides: true,\n            centeredSlidesBounds: true,\n            pagination: {\n                el: '#pageCards_2 .slider-list-navigation .swiper-pagination',\n                clickable: true\n            },\n\t\t\tnavigation: {\n                nextEl: '#pageCards_2 .slider-list-navigation .swiper-button-next',\n\t\t\t\tprevEl: '#pageCards_2 .slider-list-navigation .swiper-button-prev'\n\t\t\t}\n        });\n    });\n<\/script>\n\n<\/div>\n<\/div><\/div>","protected":false},"excerpt":{"rendered":"","protected":false},"author":1,"featured_media":3315,"parent":0,"menu_order":0,"comment_status":"closed","ping_status":"closed","template":"","meta":{"_acf_changed":false,"_seopress_robots_primary_cat":"","_seopress_titles_title":"La Batteria Radaelli, le mus\u00e9e du Villaggio San Paolo, Cavallino-Treporti %%sep%% %%sitetitle%% ","_seopress_titles_desc":"La Batteria Radaelli abrite le mus\u00e9e du Villaggio San Paolo, qui poss\u00e8de une vaste collection de photographies, de vid\u00e9os et de souvenirs de la Premi\u00e8re Guerre mondiale. ","_seopress_robots_index":"","advgb_blocks_editor_width":"","advgb_blocks_columns_visual_guide":"","footnotes":""},"class_list":["post-3905","page","type-page","status-publish","has-post-thumbnail","hentry","entry"],"acf":[],"coauthors":[],"author_meta":{"author_link":"https:\/\/www.villaggiosanpaolo.com\/fr\/author\/ales-ckgmi8c90\/","display_name":"ales-ckgmi8c90"},"relative_dates":{"created":"Publi\u00e9 3 ans il y a","modified":"Mis \u00e0 jour 2 ans il y a"},"absolute_dates":{"created":"Publi\u00e9 le juillet 20, 2023","modified":"Mise \u00e0 jour le mars 25, 2024"},"absolute_dates_time":{"created":"Publi\u00e9 le juillet 20, 2023 12:13 pm","modified":"Mise \u00e0 jour le mars 25, 2024 3:22 pm"},"featured_img_caption":"","featured_img":"https:\/\/www.villaggiosanpaolo.com\/wp-content\/uploads\/2023\/06\/villagio-san-paolo-cavallino-il-museo-banner-1-1568x784.jpg","series_order":"","_links":{"self":[{"href":"https:\/\/www.villaggiosanpaolo.com\/fr\/wp-json\/wp\/v2\/pages\/3905","targetHints":{"allow":["GET"]}}],"collection":[{"href":"https:\/\/www.villaggiosanpaolo.com\/fr\/wp-json\/wp\/v2\/pages"}],"about":[{"href":"https:\/\/www.villaggiosanpaolo.com\/fr\/wp-json\/wp\/v2\/types\/page"}],"author":[{"embeddable":true,"href":"https:\/\/www.villaggiosanpaolo.com\/fr\/wp-json\/wp\/v2\/users\/1"}],"replies":[{"embeddable":true,"href":"https:\/\/www.villaggiosanpaolo.com\/fr\/wp-json\/wp\/v2\/comments?post=3905"}],"version-history":[{"count":2,"href":"https:\/\/www.villaggiosanpaolo.com\/fr\/wp-json\/wp\/v2\/pages\/3905\/revisions"}],"predecessor-version":[{"id":4957,"href":"https:\/\/www.villaggiosanpaolo.com\/fr\/wp-json\/wp\/v2\/pages\/3905\/revisions\/4957"}],"wp:featuredmedia":[{"embeddable":true,"href":"https:\/\/www.villaggiosanpaolo.com\/fr\/wp-json\/wp\/v2\/media\/3315"}],"wp:attachment":[{"href":"https:\/\/www.villaggiosanpaolo.com\/fr\/wp-json\/wp\/v2\/media?parent=3905"}],"curies":[{"name":"wp","href":"https:\/\/api.w.org\/{rel}","templated":true}]}}