{"id":3926,"date":"2023-07-20T12:13:22","date_gmt":"2023-07-20T10:13:22","guid":{"rendered":"https:\/\/www.villaggiosanpaolo.com\/hotel\/"},"modified":"2026-03-17T11:04:33","modified_gmt":"2026-03-17T10:04:33","slug":"hotel","status":"publish","type":"page","link":"https:\/\/www.villaggiosanpaolo.com\/fr\/hotel\/","title":{"rendered":"Chambres"},"content":{"rendered":"<div  class=\"grids-section four-servces-boxes grids-is-advanced alignwide\" style=\"--_gs-gap-desktop:0px 0px;--_gs-m-desktop:0 0 0 0;--_gs-p-desktop:0 0 0 0;--_gs-bg-desktop:transparent none;--_gs-bg-xp-desktop:0px;--_gs-zi-desktop:auto;--_gs-d-desktop:block;--_gs-mw-desktop:calc(100% - 0 - 0);--_gs-gap-tablet:0px 0px;--_gs-m-tablet:0 0 0 0;--_gs-p-tablet:0 0 0 0;--_gs-bg-tablet:transparent none;--_gs-bg-xp-tablet:0px;--_gs-zi-tablet:auto;--_gs-d-tablet:block;--_gs-mw-tablet:calc(100% - 0 - 0);--_gs-gap-mobile:0px 0px;--_gs-m-mobile:0 0 0 0;--_gs-p-mobile:0 0 0 0;--_gs-bg-mobile:transparent none;--_gs-bg-xp-mobile:0px;--_gs-zi-mobile:auto;--_gs-d-mobile:block;--_gs-mw-mobile:calc(100% - 0 - 0);--_gs-columns:12;--_gs-rows:6\"><div class=\"grids-s-w_i\">\n<div class=\"grids-area\" style=\"--_ga-column:1\/13;--_ga-row:1\/7;--_ga-m-desktop:0 0 0 0;--_ga-p-desktop:0 0 0 0;--_ga-bg-desktop:transparent none;--_ga-zi-desktop:auto;--_ga-d-desktop:flex;--_ga-mw-desktop:calc(100% - 0 - 0);--_ga-m-tablet:0 0 0 0;--_ga-p-tablet:0 0 0 0;--_ga-bg-tablet:transparent none;--_ga-zi-tablet:auto;--_ga-d-tablet:flex;--_ga-mw-tablet:calc(100% - 0 - 0);--_ga-m-mobile:0 0 0 0;--_ga-p-mobile:0 0 0 0;--_ga-bg-mobile:transparent none;--_ga-zi-mobile:auto;--_ga-d-mobile:flex;--_ga-mw-mobile:calc(100% - 0 - 0)\">\n\n<h1 class=\"wp-block-heading has-text-align-center\">Chambres Bellavista<\/h1>\n\n\n\n<h2 class=\"wp-block-heading has-text-align-center\">Des chambres spacieuses avec vue sur la mer et la pin\u00e8de <\/h2>\n\n\n\n<p class=\"has-text-align-center\">Le b\u00e2timent Bellavista propose des <strong>chambres spacieuses<\/strong> avec <strong>vue sur la mer<\/strong> et <strong>la pin\u00e8de<\/strong> environnante. En plus d&rsquo;une vue spectaculaire, les chambres sont dot\u00e9es de tous les <strong>\u00e9quipements<\/strong> n\u00e9cessaires pour garantir un s\u00e9jour relaxant et sans stress. Plusieurs types de chambres sont disponibles, toutes d\u00e9cor\u00e9es avec go\u00fbt et avec le souci du d\u00e9tail pour garantir un s\u00e9jour inoubliable.<\/p>\n\n<\/div>\n<\/div><\/div>\n\n<div  id=\"bungalow\" class=\"grids-section grids-is-advanced alignwide\" style=\"--_gs-gap-desktop:0px 0px;--_gs-m-desktop:0 0 0 0;--_gs-p-desktop:0 0 0 0;--_gs-bg-desktop:transparent none;--_gs-bg-xp-desktop:0px;--_gs-zi-desktop:auto;--_gs-d-desktop:block;--_gs-mw-desktop:calc(100% - 0 - 0);--_gs-gap-tablet:0px 0px;--_gs-m-tablet:0 0 0 0;--_gs-p-tablet:0 0 0 0;--_gs-bg-tablet:transparent none;--_gs-bg-xp-tablet:0px;--_gs-zi-tablet:auto;--_gs-d-tablet:block;--_gs-mw-tablet:calc(100% - 0 - 0);--_gs-gap-mobile:0px 0px;--_gs-m-mobile:0 0 0 0;--_gs-p-mobile:0 0 0 0;--_gs-bg-mobile:transparent none;--_gs-bg-xp-mobile:0px;--_gs-zi-mobile:auto;--_gs-d-mobile:block;--_gs-mw-mobile:calc(100% - 0 - 0);--_gs-columns:12;--_gs-rows:6\"><div class=\"grids-s-w_i\">\n<div class=\"grids-area\" style=\"--_ga-column:1\/13;--_ga-row:1\/7;--_ga-m-desktop:0 0 0 0;--_ga-p-desktop:0 0 0 0;--_ga-bg-desktop:transparent none;--_ga-zi-desktop:auto;--_ga-d-desktop:flex;--_ga-mw-desktop:calc(100% - 0 - 0);--_ga-m-tablet:0 0 0 0;--_ga-p-tablet:0 0 0 0;--_ga-bg-tablet:transparent none;--_ga-zi-tablet:auto;--_ga-d-tablet:flex;--_ga-mw-tablet:calc(100% - 0 - 0);--_ga-m-mobile:0 0 0 0;--_ga-p-mobile:0 0 0 0;--_ga-bg-mobile:transparent none;--_ga-zi-mobile:auto;--_ga-d-mobile:flex;--_ga-mw-mobile:calc(100% - 0 - 0)\">\n\n<h2 class=\"wp-block-heading\">Les chambres <\/h2>\n\n\n\n<div class=\"accommodations-list-container\" style=\"--accommodations-list-container-columns: 3\">\n\t\t\t\t\t<div class=\"accommodations-list-container-single \" onclick=\"location.href='https:\/\/www.villaggiosanpaolo.com\/fr\/accommodation\/chambres-avec-vue-sur-la-mer\/'\">\n\t\t\t\t\t\t\t\t\n\t\t\t\t\t\t\t\t\t<a href=\"https:\/\/www.villaggiosanpaolo.com\/fr\/accommodation\/chambres-avec-vue-sur-la-mer\/\" class=\"accommodations-list-container-single-img\" title=\"Chambres avec vue sur la mer\">\n\t\t\t\t\t\t<figure class=\"full-width\">\n\t\t\t\t\t\t\t<img decoding=\"async\" src=\"https:\/\/www.villaggiosanpaolo.com\/wp-content\/uploads\/2023\/05\/villagio-san-paolo-cavallino-camere-bellavista-frontemare-banner.jpg\" \/>\n\t\t\t\t\t\t<\/figure>\n\t\t\t\t\t<\/a>\n\t\t\t\t\t\t\t\t\n\t\t\t\t<div class=\"accommodations-list-container-single-title\">\n\t\t\t\t\t<span>FRONT DE MER <\/span>\n\t\t\t\t\t<h3>Chambres avec vue sur la mer<\/h3>\n\t\t\t\t<\/div>\n\n\t\t\t\t<div class=\"accommodations-list-container-single-features\">\n\t\t\t\t\t\t\t\t\t\t\t<span class=\"feature-box feature-box-occupancy\">\n\t\t\t\t\t\t\t<i class=\"fa-regular fa-user-group\"><\/i>\n\t\t\t\t\t\t\t1-4\t\t\t\t\t\t<\/span>\n\t\t\t\t\t\n\t\t\t\t\t\t\t\t\t<\/div>\n\t\t\t\t\n\t\t\t\t<div class=\"accommodations-list-container-single-short-description\">\n\t\t\t\t\t<p>Chambres du b\u00e2timent Bellavista situ\u00e9es face \u00e0 la mer <\/p>\n\t\t\t\t<\/div>\n\n\t\t\t\t<a href=\"https:\/\/www.villaggiosanpaolo.com\/fr\/accommodation\/chambres-avec-vue-sur-la-mer\/\" title=\"Chambres avec vue sur la mer\" class=\"btn btn-center accommodations-list-container-single-button\">\n\t\t\t\t\tVoir les d\u00e9tails\t\t\t\t<\/a>\n\t\t\t<\/div>\n\t\t\t\t\t\t<div class=\"accommodations-list-container-single \" onclick=\"location.href='https:\/\/www.villaggiosanpaolo.com\/fr\/accommodation\/chambres-avec-vue-sur-la-pinede\/'\">\n\t\t\t\t\t\t\t\t\n\t\t\t\t\t\t\t\t\t<a href=\"https:\/\/www.villaggiosanpaolo.com\/fr\/accommodation\/chambres-avec-vue-sur-la-pinede\/\" class=\"accommodations-list-container-single-img\" title=\"Chambres avec vue sur la pin\u00e8de\">\n\t\t\t\t\t\t<figure class=\"full-width\">\n\t\t\t\t\t\t\t<img decoding=\"async\" src=\"https:\/\/www.villaggiosanpaolo.com\/wp-content\/uploads\/2023\/05\/villagio-san-paolo-cavallino-camere-bellavista-pineta-banner.jpg\" \/>\n\t\t\t\t\t\t<\/figure>\n\t\t\t\t\t<\/a>\n\t\t\t\t\t\t\t\t\n\t\t\t\t<div class=\"accommodations-list-container-single-title\">\n\t\t\t\t\t<span>FRONT DE MER <\/span>\n\t\t\t\t\t<h3>Chambres avec vue sur la pin\u00e8de<\/h3>\n\t\t\t\t<\/div>\n\n\t\t\t\t<div class=\"accommodations-list-container-single-features\">\n\t\t\t\t\t\t\t\t\t\t\t<span class=\"feature-box feature-box-occupancy\">\n\t\t\t\t\t\t\t<i class=\"fa-regular fa-user-group\"><\/i>\n\t\t\t\t\t\t\t1-6\t\t\t\t\t\t<\/span>\n\t\t\t\t\t\n\t\t\t\t\t\t\t\t\t<\/div>\n\t\t\t\t\n\t\t\t\t<div class=\"accommodations-list-container-single-short-description\">\n\t\t\t\t\t<p>Chambres Bellavista donnant sur la pin\u00e8de <\/p>\n\t\t\t\t<\/div>\n\n\t\t\t\t<a href=\"https:\/\/www.villaggiosanpaolo.com\/fr\/accommodation\/chambres-avec-vue-sur-la-pinede\/\" title=\"Chambres avec vue sur la pin\u00e8de\" class=\"btn btn-center accommodations-list-container-single-button\">\n\t\t\t\t\tVoir les d\u00e9tails\t\t\t\t<\/a>\n\t\t\t<\/div>\n\t\t\t\n\t<\/div>\n\n\n\n<\/div>\n<\/div><\/div>","protected":false},"excerpt":{"rendered":"","protected":false},"author":1,"featured_media":2858,"parent":0,"menu_order":0,"comment_status":"closed","ping_status":"closed","template":"","meta":{"_acf_changed":false,"_seopress_robots_primary_cat":"","_seopress_titles_title":"Chambres en bord de mer pour des vacances Italie\u00a0: visitez les beaut\u00e9s de l'Adriatique %%sep%% %%sitetitle%% ","_seopress_titles_desc":"Des vacances au bord de la mer Adriatique en Italie.  Choisissez Villaggio San Paolo \u00e0 Cavallino-Treporti, pr\u00e8s de Venise\u00a0!  Des chambres spacieuses avec vue sur la mer et la pin\u00e8de. ","_seopress_robots_index":"","advgb_blocks_editor_width":"","advgb_blocks_columns_visual_guide":"","footnotes":""},"class_list":["post-3926","page","type-page","status-publish","has-post-thumbnail","hentry","entry"],"acf":[],"coauthors":[],"author_meta":{"author_link":"https:\/\/www.villaggiosanpaolo.com\/fr\/author\/ales-ckgmi8c90\/","display_name":"ales-ckgmi8c90"},"relative_dates":{"created":"Publi\u00e9 3 ans il y a","modified":"Mis \u00e0 jour 1 mois il y a"},"absolute_dates":{"created":"Publi\u00e9 le juillet 20, 2023","modified":"Mise \u00e0 jour le mars 17, 2026"},"absolute_dates_time":{"created":"Publi\u00e9 le juillet 20, 2023 12:13 pm","modified":"Mise \u00e0 jour le mars 17, 2026 11:04 am"},"featured_img_caption":"","featured_img":"https:\/\/www.villaggiosanpaolo.com\/wp-content\/uploads\/2023\/05\/villagio-san-paolo-cavallino-camere-bellavista-frontemare-banner-1568x784.jpg","series_order":"","_links":{"self":[{"href":"https:\/\/www.villaggiosanpaolo.com\/fr\/wp-json\/wp\/v2\/pages\/3926","targetHints":{"allow":["GET"]}}],"collection":[{"href":"https:\/\/www.villaggiosanpaolo.com\/fr\/wp-json\/wp\/v2\/pages"}],"about":[{"href":"https:\/\/www.villaggiosanpaolo.com\/fr\/wp-json\/wp\/v2\/types\/page"}],"author":[{"embeddable":true,"href":"https:\/\/www.villaggiosanpaolo.com\/fr\/wp-json\/wp\/v2\/users\/1"}],"replies":[{"embeddable":true,"href":"https:\/\/www.villaggiosanpaolo.com\/fr\/wp-json\/wp\/v2\/comments?post=3926"}],"version-history":[{"count":4,"href":"https:\/\/www.villaggiosanpaolo.com\/fr\/wp-json\/wp\/v2\/pages\/3926\/revisions"}],"predecessor-version":[{"id":6981,"href":"https:\/\/www.villaggiosanpaolo.com\/fr\/wp-json\/wp\/v2\/pages\/3926\/revisions\/6981"}],"wp:featuredmedia":[{"embeddable":true,"href":"https:\/\/www.villaggiosanpaolo.com\/fr\/wp-json\/wp\/v2\/media\/2858"}],"wp:attachment":[{"href":"https:\/\/www.villaggiosanpaolo.com\/fr\/wp-json\/wp\/v2\/media?parent=3926"}],"curies":[{"name":"wp","href":"https:\/\/api.w.org\/{rel}","templated":true}]}}