{"id":1419,"date":"2023-05-31T16:56:51","date_gmt":"2023-05-31T14:56:51","guid":{"rendered":"https:\/\/www.villaggiosanpaolo.com\/?page_id=1419"},"modified":"2025-04-10T09:23:35","modified_gmt":"2025-04-10T07:23:35","slug":"accessibilita","status":"publish","type":"page","link":"https:\/\/www.villaggiosanpaolo.com\/it\/accessibilita\/","title":{"rendered":"Accessibilit\u00e0"},"content":{"rendered":"<div  class=\"grids-section four-servces-boxes grids-is-advanced alignwide\" style=\"--_gs-gap-desktop:0px 0px;--_gs-m-desktop:0 0 -100px 0;--_gs-p-desktop:0 0 0 0;--_gs-bg-desktop:transparent none;--_gs-bg-xp-desktop:0px;--_gs-zi-desktop:auto;--_gs-d-desktop:block;--_gs-mw-desktop:calc(100% - 0 - 0);--_gs-gap-tablet:0px 0px;--_gs-m-tablet:0 0 -100px 0;--_gs-p-tablet:0 0 0 0;--_gs-bg-tablet:transparent none;--_gs-bg-xp-tablet:0px;--_gs-zi-tablet:auto;--_gs-d-tablet:block;--_gs-mw-tablet:calc(100% - 0 - 0);--_gs-gap-mobile:0px 0px;--_gs-m-mobile:0 0 -100px 0;--_gs-p-mobile:0 0 0 0;--_gs-bg-mobile:transparent none;--_gs-bg-xp-mobile:0px;--_gs-zi-mobile:auto;--_gs-d-mobile:block;--_gs-mw-mobile:calc(100% - 0 - 0);--_gs-columns:12;--_gs-rows:6\"><div class=\"grids-s-w_i\">\n<div class=\"grids-area\" style=\"--_ga-column:1\/13;--_ga-row:1\/4;--_ga-m-desktop:0 0 0 0;--_ga-p-desktop:0 0 0 0;--_ga-bg-desktop:transparent none;--_ga-zi-desktop:auto;--_ga-d-desktop:flex;--_ga-mw-desktop:calc(100% - 0 - 0);--_ga-m-tablet:0 0 0 0;--_ga-p-tablet:0 0 0 0;--_ga-bg-tablet:transparent none;--_ga-zi-tablet:auto;--_ga-d-tablet:flex;--_ga-mw-tablet:calc(100% - 0 - 0);--_ga-m-mobile:0 0 0 0;--_ga-p-mobile:0 0 0 0;--_ga-bg-mobile:transparent none;--_ga-zi-mobile:auto;--_ga-d-mobile:flex;--_ga-mw-mobile:calc(100% - 0 - 0)\">\n\n<h2 class=\"wp-block-heading has-text-align-center\">Villaggio accessibile senza barriere a Cavallino-Treporti<\/h2>\n\n\n\n<h3 class=\"wp-block-heading has-text-align-center\">Un villaggio vacanze per tutti<\/h3>\n\n\n\n<p class=\"has-text-align-center\">Il Villaggio San Paolo accoglie tutti i visitatori, inclusi quelli con <strong>esigenze particolari<\/strong>! Grazie alla sua attenzione <strong>all&#8217;accessibilit\u00e0<\/strong>, il Villaggio garantisce a tutti i suoi ospiti una <strong>vacanza serena<\/strong> e priva di <strong>barriere architettoniche<\/strong>.<\/p>\n\n<\/div>\n<\/div><\/div>\n\n<div  class=\"grids-section trasparent-box-row grids-is-advanced alignwide\" style=\"--_gs-gap-desktop:0px 0px;--_gs-m-desktop:0 0 0 0;--_gs-p-desktop:0 0 0 0;--_gs-bg-desktop:transparent url(https:\/\/www.villaggiosanpaolo.com\/wp-content\/uploads\/2023\/05\/villagio-san-paolo-cavallino-bungalow-delladriatico-05.jpg) no-repeat 50% 50%  \/ cover;--_gs-bg-xp-desktop:0px;--_gs-zi-desktop:auto;--_gs-d-desktop:block;--_gs-mw-desktop:calc(100% - 0 - 0);--_gs-gap-tablet:0px 0px;--_gs-m-tablet:0 0 0 0;--_gs-p-tablet:0 0 0 0;--_gs-bg-tablet:transparent url(https:\/\/www.villaggiosanpaolo.com\/wp-content\/uploads\/2023\/05\/villagio-san-paolo-cavallino-bungalow-delladriatico-05.jpg) no-repeat 50% 50%  \/ cover;--_gs-bg-xp-tablet:0px;--_gs-zi-tablet:auto;--_gs-d-tablet:block;--_gs-mw-tablet:calc(100% - 0 - 0);--_gs-gap-mobile:0px 0px;--_gs-m-mobile:0 0 0 0;--_gs-p-mobile:0 0 0 0;--_gs-bg-mobile:transparent url(https:\/\/www.villaggiosanpaolo.com\/wp-content\/uploads\/2023\/05\/villagio-san-paolo-cavallino-bungalow-delladriatico-05.jpg) no-repeat 50% 50%  \/ cover;--_gs-bg-xp-mobile:0px;--_gs-zi-mobile:auto;--_gs-d-mobile:block;--_gs-mw-mobile:calc(100% - 0 - 0);--_gs-columns:12;--_gs-rows:6\"><div class=\"grids-s-w_i\">\n<div class=\"grids-area animated slideInUp\" style=\"--_ga-column:1\/13;--_ga-row:1\/7;--_ga-m-desktop:0 0 0 0;--_ga-p-desktop:0 0 0 0;--_ga-bg-desktop:transparent none;--_ga-zi-desktop:auto;--_ga-d-desktop:flex;--_ga-mw-desktop:calc(100% - 0 - 0);--_ga-m-tablet:0 0 0 0;--_ga-p-tablet:0 0 0 0;--_ga-bg-tablet:transparent none;--_ga-zi-tablet:auto;--_ga-d-tablet:flex;--_ga-mw-tablet:calc(100% - 0 - 0);--_ga-m-mobile:0 0 0 0;--_ga-p-mobile:0 0 0 0;--_ga-bg-mobile:transparent none;--_ga-zi-mobile:auto;--_ga-d-mobile:flex;--_ga-mw-mobile:calc(100% - 0 - 0)\">\n\n<h2 class=\"wp-block-heading has-text-align-center\">Alloggi accessibili<\/h2>\n\n\n\n<h3 class=\"wp-block-heading has-text-align-center\">30% degli alloggi accessibili<\/h3>\n\n\n\n<p class=\"has-text-align-center\">Molti dei nostri alloggi e tutte le camere ad uso hotel sono <strong>facilmente accessibili<\/strong> per le persone con <strong>disabilit\u00e0<\/strong> e con <strong>ridotta mobilit\u00e0<\/strong>. L\u2019intero Villaggio San Paolo \u00e8 pensato per regalare giorni <strong>spensierati<\/strong> e <strong>sereni<\/strong>, lasciando a tutti il ricordo indelebile di una vacanza all\u2019insegna dell\u2019inclusione.<\/p>\n\n<\/div>\n<\/div><\/div>\n\n<div  class=\"grids-section swiper-cards-row grids-is-advanced alignwide\" style=\"--_gs-gap-desktop:0px 0px;--_gs-m-desktop:0 0 0 0;--_gs-p-desktop:0 0 0 0;--_gs-bg-desktop:#e8f1ea none;--_gs-bg-xp-desktop:0px;--_gs-zi-desktop:auto;--_gs-d-desktop:block;--_gs-mw-desktop:calc(100% - 0 - 0);--_gs-gap-tablet:0px 0px;--_gs-m-tablet:0 0 0 0;--_gs-p-tablet:0 0 0 0;--_gs-bg-tablet:#e8f1ea none;--_gs-bg-xp-tablet:0px;--_gs-zi-tablet:auto;--_gs-d-tablet:block;--_gs-mw-tablet:calc(100% - 0 - 0);--_gs-gap-mobile:0px 0px;--_gs-m-mobile:0 0 0 0;--_gs-p-mobile:0 0 0 0;--_gs-bg-mobile:#e8f1ea none;--_gs-bg-xp-mobile:0px;--_gs-zi-mobile:auto;--_gs-d-mobile:block;--_gs-mw-mobile:calc(100% - 0 - 0);--_gs-columns:12;--_gs-rows:6\"><div class=\"grids-s-w_i\">\n<div class=\"grids-area animated slideInLeft \" style=\"--_ga-column:1\/7;--_ga-row:1\/7;--_ga-va:center;--_ga-m-desktop:0 0 0 0;--_ga-p-desktop:0 0 0 0;--_ga-bg-desktop:transparent none;--_ga-zi-desktop:auto;--_ga-d-desktop:flex;--_ga-mw-desktop:calc(100% - 0 - 0);--_ga-m-tablet:0 0 0 0;--_ga-p-tablet:0 0 0 0;--_ga-bg-tablet:transparent none;--_ga-zi-tablet:auto;--_ga-d-tablet:flex;--_ga-mw-tablet:calc(100% - 0 - 0);--_ga-m-mobile:0 0 0 0;--_ga-p-mobile:0 0 0 0;--_ga-bg-mobile:transparent none;--_ga-zi-mobile:auto;--_ga-d-mobile:flex;--_ga-mw-mobile:calc(100% - 0 - 0)\">\n\n<h3 class=\"wp-block-heading petal-top\">Una spiaggia per tutti<\/h3>\n\n\n\n<p><strong>Attrezzature<\/strong> e <strong>ausili<\/strong> per accedere alla spiaggia e per l\u2019ingresso in acqua permettono di vivere il mare in libert\u00e0, assaporandone la gioia e il benessere.<\/p>\n\n\n\n<p>Le <strong>postazioni in spiaggia<\/strong> sono <strong>facilmente<\/strong> <strong>raggiungibili<\/strong> anche con carrozzine, passeggini o deambulatori, e i comodi bagni con doccia direttamente sulla spiaggia assicurano comfort e semplicit\u00e0 nel vivere le vostre giornate al mare.<\/p>\n\n<\/div>\n\n<div class=\"grids-area animated slideInRight\" style=\"--_ga-column:7\/13;--_ga-row:1\/7;--_ga-va:center;--_ga-m-desktop:0 0 0 0;--_ga-p-desktop:0 0 0 0;--_ga-bg-desktop:transparent none;--_ga-zi-desktop:auto;--_ga-d-desktop:flex;--_ga-mw-desktop:calc(100% - 0 - 0);--_ga-m-tablet:0 0 0 0;--_ga-p-tablet:0 0 0 0;--_ga-bg-tablet:transparent none;--_ga-zi-tablet:auto;--_ga-d-tablet:flex;--_ga-mw-tablet:calc(100% - 0 - 0);--_ga-m-mobile:0 0 0 0;--_ga-p-mobile:0 0 0 0;--_ga-bg-mobile:transparent none;--_ga-zi-mobile:auto;--_ga-d-mobile:flex;--_ga-mw-mobile:calc(100% - 0 - 0)\">\n\n    <div class=\"pages-cards-container pages-cards-1\" id=\"pageCards_2\">\n        <div class=\"slider\">\n            <div class=\"swiper-wrapper\">\n                                                        <div class=\"pages-cards-single swiper-slide\">\n                        \n                            <figure class=\"full-width\">\n                                <img decoding=\"async\" src=\"https:\/\/www.villaggiosanpaolo.com\/wp-content\/uploads\/2024\/03\/Ausili-in-spiaggia.jpg\" title=\"Ausili-in-spiaggia\" alt=\"\" \/>\n                            <\/figure>\n                            <span><\/span>\n\n                                            <\/div>\n                            <\/div>\n        <\/div>\n        \n            <\/div>\n\n<script type=\"text\/javascript\">\n    jQuery(document).ready(function () {\n        var pageCards_2 = new Swiper ('#pageCards_2 .slider', {\n            slidesPerView: 1,\n\t\t\tloop: true,\n            centeredSlides: true,\n            centeredSlidesBounds: true,\n            pagination: {\n                el: '#pageCards_2 .slider-list-navigation .swiper-pagination',\n                clickable: true\n            },\n\t\t\tnavigation: {\n                nextEl: '#pageCards_2 .slider-list-navigation .swiper-button-next',\n\t\t\t\tprevEl: '#pageCards_2 .slider-list-navigation .swiper-button-prev'\n\t\t\t}\n        });\n    });\n<\/script>\n\n<\/div>\n<\/div><\/div>\n\n<div  class=\"grids-section four-servces-boxes grids-is-advanced alignwide\" style=\"--_gs-gap-desktop:0px 0px;--_gs-m-desktop:0 0 0 0;--_gs-p-desktop:35px 0 0 0;--_gs-bg-desktop:transparent none;--_gs-bg-xp-desktop:0px;--_gs-zi-desktop:auto;--_gs-d-desktop:block;--_gs-mw-desktop:calc(100% - 0 - 0);--_gs-gap-tablet:0px 0px;--_gs-m-tablet:0 0 0 0;--_gs-p-tablet:35px 0 0 0;--_gs-bg-tablet:transparent none;--_gs-bg-xp-tablet:0px;--_gs-zi-tablet:auto;--_gs-d-tablet:block;--_gs-mw-tablet:calc(100% - 0 - 0);--_gs-gap-mobile:0px 0px;--_gs-m-mobile:0 0 0 0;--_gs-p-mobile:25px 0 0 0;--_gs-bg-mobile:transparent none;--_gs-bg-xp-mobile:0px;--_gs-zi-mobile:auto;--_gs-d-mobile:block;--_gs-mw-mobile:calc(100% - 0 - 0);--_gs-columns:12;--_gs-rows:6\"><div class=\"grids-s-w_i\">\n<div class=\"grids-area\" style=\"--_ga-column:1\/13;--_ga-row:1\/4;--_ga-m-desktop:0 0 0 0;--_ga-p-desktop:0 0 0 0;--_ga-bg-desktop:transparent none;--_ga-zi-desktop:auto;--_ga-d-desktop:flex;--_ga-mw-desktop:calc(100% - 0 - 0);--_ga-m-tablet:0 0 0 0;--_ga-p-tablet:0 0 0 0;--_ga-bg-tablet:transparent none;--_ga-zi-tablet:auto;--_ga-d-tablet:flex;--_ga-mw-tablet:calc(100% - 0 - 0);--_ga-m-mobile:0 0 0 0;--_ga-p-mobile:0 0 0 0;--_ga-bg-mobile:transparent none;--_ga-zi-mobile:auto;--_ga-d-mobile:flex;--_ga-mw-mobile:calc(100% - 0 - 0)\">\n\n<h2 class=\"wp-block-heading has-text-align-center\">Accessibilit\u00e0 in spiaggia<\/h2>\n\n\n\n<p class=\"has-text-align-center\">Accoglienza al Villaggio San Paolo non significa soltanto mettere a disposizione dei nostri ospiti con disabilit\u00e0 strumenti e servizi dedicati. Significa aprire il nostro cuore ad una visione della vacanza che <strong>mette al centro la persona<\/strong> e che ci permette di vivere esperienze uniche di <strong>inclusione<\/strong>, di essere <strong>stay different<\/strong>.<\/p>\n\n<\/div>\n\n<div class=\"grids-area service-box animated slideInUp\" style=\"--_ga-column:1\/4;--_ga-row:4\/7;--_ga-m-desktop:0 0 0 0;--_ga-p-desktop:0 0 0 0;--_ga-bg-desktop:transparent none;--_ga-zi-desktop:auto;--_ga-d-desktop:flex;--_ga-mw-desktop:calc(100% - 0 - 0);--_ga-m-tablet:0 0 0 0;--_ga-p-tablet:0 0 0 0;--_ga-bg-tablet:transparent none;--_ga-zi-tablet:auto;--_ga-d-tablet:flex;--_ga-mw-tablet:calc(100% - 0 - 0);--_ga-m-mobile:0 0 0 0;--_ga-p-mobile:0 0 0 0;--_ga-bg-mobile:transparent none;--_ga-zi-mobile:auto;--_ga-d-mobile:flex;--_ga-mw-mobile:calc(100% - 0 - 0)\">\n<div class=\"wp-block-image\">\n<figure class=\"aligncenter size-full\"><img decoding=\"async\" src=\"https:\/\/www.villaggiosanpaolo.com\/wp-content\/uploads\/2023\/05\/carozzina.svg\" alt=\"\" class=\"wp-image-1437\"\/><\/figure>\n<\/div>\n\n\n<p class=\"has-text-align-center\">CARROZZINE E SEDIE JOB<\/p>\n\n<\/div>\n\n<div class=\"grids-area service-box animated slideInUp delay-100ms\" style=\"--_ga-column:4\/7;--_ga-row:4\/7;--_ga-m-desktop:0 0 0 0;--_ga-p-desktop:0 0 0 0;--_ga-bg-desktop:transparent none;--_ga-zi-desktop:auto;--_ga-d-desktop:flex;--_ga-mw-desktop:calc(100% - 0 - 0);--_ga-m-tablet:0 0 0 0;--_ga-p-tablet:0 0 0 0;--_ga-bg-tablet:transparent none;--_ga-zi-tablet:auto;--_ga-d-tablet:flex;--_ga-mw-tablet:calc(100% - 0 - 0);--_ga-m-mobile:0 0 0 0;--_ga-p-mobile:0 0 0 0;--_ga-bg-mobile:transparent none;--_ga-zi-mobile:auto;--_ga-d-mobile:flex;--_ga-mw-mobile:calc(100% - 0 - 0)\">\n<div class=\"wp-block-image\">\n<figure class=\"aligncenter size-full\"><img decoding=\"async\" src=\"https:\/\/www.villaggiosanpaolo.com\/wp-content\/uploads\/2023\/05\/passerella.svg\" alt=\"\" class=\"wp-image-1439\"\/><\/figure>\n<\/div>\n\n\n<p class=\"has-text-align-center\">PASSERELLE<\/p>\n\n<\/div>\n\n<div class=\"grids-area service-box animated slideInUp delay-200ms\" style=\"--_ga-column:7\/10;--_ga-row:4\/7;--_ga-m-desktop:0 0 0 0;--_ga-p-desktop:0 0 0 0;--_ga-bg-desktop:transparent none;--_ga-zi-desktop:auto;--_ga-d-desktop:flex;--_ga-mw-desktop:calc(100% - 0 - 0);--_ga-m-tablet:0 0 0 0;--_ga-p-tablet:0 0 0 0;--_ga-bg-tablet:transparent none;--_ga-zi-tablet:auto;--_ga-d-tablet:flex;--_ga-mw-tablet:calc(100% - 0 - 0);--_ga-m-mobile:0 0 0 0;--_ga-p-mobile:0 0 0 0;--_ga-bg-mobile:transparent none;--_ga-zi-mobile:auto;--_ga-d-mobile:flex;--_ga-mw-mobile:calc(100% - 0 - 0)\">\n<div class=\"wp-block-image\">\n<figure class=\"aligncenter size-full\"><img decoding=\"async\" src=\"https:\/\/www.villaggiosanpaolo.com\/wp-content\/uploads\/2023\/05\/shower.svg\" alt=\"\" class=\"wp-image-1441\"\/><\/figure>\n<\/div>\n\n\n<p class=\"has-text-align-center\">BAGNI CON DOCCIA IN SPIAGGIA<\/p>\n\n<\/div>\n\n<div class=\"grids-area service-box animated slideInUp delay-500ms\" style=\"--_ga-column:10\/13;--_ga-row:4\/7;--_ga-m-desktop:0 0 0 0;--_ga-p-desktop:0 0 0 0;--_ga-bg-desktop:transparent none;--_ga-zi-desktop:auto;--_ga-d-desktop:flex;--_ga-mw-desktop:calc(100% - 0 - 0);--_ga-m-tablet:0 0 0 0;--_ga-p-tablet:0 0 0 0;--_ga-bg-tablet:transparent none;--_ga-zi-tablet:auto;--_ga-d-tablet:flex;--_ga-mw-tablet:calc(100% - 0 - 0);--_ga-m-mobile:0 0 0 0;--_ga-p-mobile:0 0 0 0;--_ga-bg-mobile:transparent none;--_ga-zi-mobile:auto;--_ga-d-mobile:flex;--_ga-mw-mobile:calc(100% - 0 - 0)\">\n<div class=\"wp-block-image\">\n<figure class=\"aligncenter size-full\"><img decoding=\"async\" src=\"https:\/\/www.villaggiosanpaolo.com\/wp-content\/uploads\/2023\/05\/lettino.svg\" alt=\"\" class=\"wp-image-1443\"\/><\/figure>\n<\/div>\n\n\n<p class=\"has-text-align-center\">LETTINI RIALZATI E POSTAZIONI ACCESSIBILI<\/p>\n\n<\/div>\n<\/div><\/div>\n\n<div  class=\"grids-section trasparent-box-row grids-is-advanced alignwide\" style=\"--_gs-gap-desktop:0px 0px;--_gs-m-desktop:0 0 0 0;--_gs-p-desktop:0 0 0 0;--_gs-bg-desktop:transparent none;--_gs-bg-xp-desktop:0px;--_gs-zi-desktop:auto;--_gs-d-desktop:block;--_gs-mw-desktop:calc(100% - 0 - 0);--_gs-gap-tablet:0px 0px;--_gs-m-tablet:0 0 0 0;--_gs-p-tablet:0 0 0 0;--_gs-bg-tablet:transparent none;--_gs-bg-xp-tablet:0px;--_gs-zi-tablet:auto;--_gs-d-tablet:block;--_gs-mw-tablet:calc(100% - 0 - 0);--_gs-gap-mobile:0px 0px;--_gs-m-mobile:0 0 0 0;--_gs-p-mobile:0 0 0 0;--_gs-bg-mobile:transparent none;--_gs-bg-xp-mobile:0px;--_gs-zi-mobile:auto;--_gs-d-mobile:block;--_gs-mw-mobile:calc(100% - 0 - 0);--_gs-columns:12;--_gs-rows:6\"><div class=\"grids-s-w_i\">\n<div class=\"grids-area animated slideInUp\" style=\"--_ga-column:1\/13;--_ga-row:1\/7;--_ga-m-desktop:0 0 0 0;--_ga-p-desktop:0 0 0 0;--_ga-bg-desktop:transparent none;--_ga-zi-desktop:auto;--_ga-d-desktop:flex;--_ga-mw-desktop:calc(100% - 0 - 0);--_ga-m-tablet:0 0 0 0;--_ga-p-tablet:0 0 0 0;--_ga-bg-tablet:transparent none;--_ga-zi-tablet:auto;--_ga-d-tablet:flex;--_ga-mw-tablet:calc(100% - 0 - 0);--_ga-m-mobile:0 0 0 0;--_ga-p-mobile:0 0 0 0;--_ga-bg-mobile:transparent none;--_ga-zi-mobile:auto;--_ga-d-mobile:flex;--_ga-mw-mobile:calc(100% - 0 - 0)\">\n\n<h2 class=\"wp-block-heading has-text-align-center\">Altri servizi<\/h2>\n\n\n\n<p class=\"has-text-align-center\">Lo staff del Villaggio San Paolo \u00e8 sempre disponibile ad assistere e supportare i visitatori con <strong>esigenze particolari<\/strong>, per garantire loro una vacanza <strong>confortevole<\/strong> e <strong>sicura<\/strong>.<\/p>\n\n<\/div>\n<\/div><\/div>\n\n<div  class=\"grids-section swiper-cards-row grids-is-advanced alignwide\" style=\"--_gs-gap-desktop:0px 0px;--_gs-m-desktop:0 0 0 0;--_gs-p-desktop:0 0 0 0;--_gs-bg-desktop:transparent none;--_gs-bg-xp-desktop:0px;--_gs-zi-desktop:auto;--_gs-d-desktop:block;--_gs-mw-desktop:calc(100% - 0 - 0);--_gs-gap-tablet:0px 0px;--_gs-m-tablet:0 0 0 0;--_gs-p-tablet:0 0 0 0;--_gs-bg-tablet:transparent none;--_gs-bg-xp-tablet:0px;--_gs-zi-tablet:auto;--_gs-d-tablet:block;--_gs-mw-tablet:calc(100% - 0 - 0);--_gs-gap-mobile:0px 0px;--_gs-m-mobile:0 0 0 0;--_gs-p-mobile:0 0 0 0;--_gs-bg-mobile:transparent none;--_gs-bg-xp-mobile:0px;--_gs-zi-mobile:auto;--_gs-d-mobile:block;--_gs-mw-mobile:calc(100% - 0 - 0);--_gs-columns:12;--_gs-rows:6\"><div class=\"grids-s-w_i\">\n<div class=\"grids-area animated slideInRight\" style=\"--_ga-column:7\/13;--_ga-row:1\/7;--_ga-va:center;--_ga-m-desktop:0 0 0 0;--_ga-p-desktop:0 0 0 0;--_ga-bg-desktop:transparent none;--_ga-zi-desktop:auto;--_ga-d-desktop:flex;--_ga-mw-desktop:calc(100% - 0 - 0);--_ga-m-tablet:0 0 0 0;--_ga-p-tablet:0 0 0 0;--_ga-bg-tablet:transparent none;--_ga-zi-tablet:auto;--_ga-d-tablet:flex;--_ga-mw-tablet:calc(100% - 0 - 0);--_ga-m-mobile:0 0 0 0;--_ga-p-mobile:0 0 0 0;--_ga-bg-mobile:transparent none;--_ga-zi-mobile:auto;--_ga-d-mobile:flex;--_ga-mw-mobile:calc(100% - 0 - 0)\">\n\n<h3 class=\"wp-block-heading petal-top\">Navetta<\/h3>\n\n\n\n<p>Completamente accessibile alle persone con disabilit\u00e0, consente di muoversi agevolmente nella vicina localit\u00e0 di Cavallino-Treporti. La navetta \u00e8 attrezzata per il trasporto di persone con disabilit\u00e0 motorie e lo staff del Villaggio \u00e8 sempre a disposizione per assistere i passeggeri.<\/p>\n\n<\/div>\n\n<div class=\"grids-area animated slideInLeft\" style=\"--_ga-column:1\/7;--_ga-row:1\/7;--_ga-va:center;--_ga-m-desktop:0 0 0 0;--_ga-p-desktop:0 0 0 0;--_ga-bg-desktop:transparent none;--_ga-zi-desktop:auto;--_ga-d-desktop:flex;--_ga-mw-desktop:calc(100% - 0 - 0);--_ga-m-tablet:0 0 0 0;--_ga-p-tablet:0 0 0 0;--_ga-bg-tablet:transparent none;--_ga-zi-tablet:auto;--_ga-d-tablet:flex;--_ga-mw-tablet:calc(100% - 0 - 0);--_ga-m-mobile:0 0 0 0;--_ga-p-mobile:0 0 0 0;--_ga-bg-mobile:transparent none;--_ga-zi-mobile:auto;--_ga-d-mobile:flex;--_ga-mw-mobile:calc(100% - 0 - 0)\">\n\n    <div class=\"pages-cards-container pages-cards-0\" id=\"pageCards_3\">\n        <div class=\"slider\">\n            <div class=\"swiper-wrapper\">\n                                                        <div class=\"pages-cards-single swiper-slide\">\n                        \n                            <figure class=\"full-width\">\n                                <img decoding=\"async\" src=\"https:\/\/www.villaggiosanpaolo.com\/wp-content\/uploads\/2023\/06\/villagio-san-paolo-cavallino-accessibilita-01.jpg\" title=\"Inclusione e accessibilit\u00e0 per tutti\" alt=\"Inclusione e accessibilit\u00e0 per tutti\" \/>\n                            <\/figure>\n                            <span><\/span>\n\n                                            <\/div>\n                            <\/div>\n        <\/div>\n        \n            <\/div>\n\n<script type=\"text\/javascript\">\n    jQuery(document).ready(function () {\n        var pageCards_3 = new Swiper ('#pageCards_3 .slider', {\n            slidesPerView: 1,\n\t\t\tloop: true,\n            centeredSlides: true,\n            centeredSlidesBounds: true,\n            pagination: {\n                el: '#pageCards_3 .slider-list-navigation .swiper-pagination',\n                clickable: true\n            },\n\t\t\tnavigation: {\n                nextEl: '#pageCards_3 .slider-list-navigation .swiper-button-next',\n\t\t\t\tprevEl: '#pageCards_3 .slider-list-navigation .swiper-button-prev'\n\t\t\t}\n        });\n    });\n<\/script>\n\n<\/div>\n<\/div><\/div>\n\n<div  class=\"grids-section swiper-cards-row grids-is-advanced alignwide\" style=\"--_gs-gap-desktop:0px 0px;--_gs-m-desktop:0 0 0 0;--_gs-p-desktop:0 0 0 0;--_gs-bg-desktop:transparent none;--_gs-bg-xp-desktop:0px;--_gs-zi-desktop:auto;--_gs-d-desktop:block;--_gs-mw-desktop:calc(100% - 0 - 0);--_gs-gap-tablet:0px 0px;--_gs-m-tablet:0 0 0 0;--_gs-p-tablet:0 0 0 0;--_gs-bg-tablet:transparent none;--_gs-bg-xp-tablet:0px;--_gs-zi-tablet:auto;--_gs-d-tablet:block;--_gs-mw-tablet:calc(100% - 0 - 0);--_gs-gap-mobile:0px 0px;--_gs-m-mobile:0 0 0 0;--_gs-p-mobile:0 0 0 0;--_gs-bg-mobile:transparent none;--_gs-bg-xp-mobile:0px;--_gs-zi-mobile:auto;--_gs-d-mobile:block;--_gs-mw-mobile:calc(100% - 0 - 0);--_gs-columns:12;--_gs-rows:6\"><div class=\"grids-s-w_i\">\n<div class=\"grids-area animated slideInRight\" style=\"--_ga-column:1\/7;--_ga-row:1\/7;--_ga-va:center;--_ga-m-desktop:0 0 0 0;--_ga-p-desktop:0 0 0 0;--_ga-bg-desktop:transparent none;--_ga-zi-desktop:auto;--_ga-d-desktop:flex;--_ga-mw-desktop:calc(100% - 0 - 0);--_ga-m-tablet:0 0 0 0;--_ga-p-tablet:0 0 0 0;--_ga-bg-tablet:transparent none;--_ga-zi-tablet:auto;--_ga-d-tablet:flex;--_ga-mw-tablet:calc(100% - 0 - 0);--_ga-m-mobile:0 0 0 0;--_ga-p-mobile:0 0 0 0;--_ga-bg-mobile:transparent none;--_ga-zi-mobile:auto;--_ga-d-mobile:flex;--_ga-mw-mobile:calc(100% - 0 - 0)\">\n\n<h3 class=\"wp-block-heading petal-top\">Infermeria<\/h3>\n\n\n\n<p>Durante la stagione estiva \u00e8 presente un infermiere nei seguenti orari:<br>dal luned\u00ec al sabato dalle ore 9:00 alle ore 12:00 e dalle 17:00 alle 19:00<br>domenica dalle ore 9:00 alle ore 12:00<\/p>\n\n<\/div>\n\n<div class=\"grids-area animated slideInLeft\" style=\"--_ga-column:7\/13;--_ga-row:1\/7;--_ga-va:center;--_ga-m-desktop:0 0 0 0;--_ga-p-desktop:0 0 0 0;--_ga-bg-desktop:transparent none;--_ga-zi-desktop:auto;--_ga-d-desktop:flex;--_ga-mw-desktop:calc(100% - 0 - 0);--_ga-m-tablet:0 0 0 0;--_ga-p-tablet:0 0 0 0;--_ga-bg-tablet:transparent none;--_ga-zi-tablet:auto;--_ga-d-tablet:flex;--_ga-mw-tablet:calc(100% - 0 - 0);--_ga-m-mobile:0 0 0 0;--_ga-p-mobile:0 0 0 0;--_ga-bg-mobile:transparent none;--_ga-zi-mobile:auto;--_ga-d-mobile:flex;--_ga-mw-mobile:calc(100% - 0 - 0)\">\n\n    <div class=\"pages-cards-container pages-cards-3\" id=\"pageCards_4\">\n        <div class=\"slider\">\n            <div class=\"swiper-wrapper\">\n                                                        <div class=\"pages-cards-single swiper-slide\">\n                        \n                            <figure class=\"full-width\">\n                                <img decoding=\"async\" src=\"https:\/\/www.villaggiosanpaolo.com\/wp-content\/uploads\/2023\/06\/villagio-san-paolo-cavallino-accessibilita-03.jpg\" title=\"Inclusione: servizi accessibili per tutti.\" alt=\"Inclusione: servizi accessibili per tutti\" \/>\n                            <\/figure>\n                            <span><\/span>\n\n                                            <\/div>\n                            <\/div>\n        <\/div>\n        \n            <\/div>\n\n<script type=\"text\/javascript\">\n    jQuery(document).ready(function () {\n        var pageCards_4 = new Swiper ('#pageCards_4 .slider', {\n            slidesPerView: 1,\n\t\t\tloop: true,\n            centeredSlides: true,\n            centeredSlidesBounds: true,\n            pagination: {\n                el: '#pageCards_4 .slider-list-navigation .swiper-pagination',\n                clickable: true\n            },\n\t\t\tnavigation: {\n                nextEl: '#pageCards_4 .slider-list-navigation .swiper-button-next',\n\t\t\t\tprevEl: '#pageCards_4 .slider-list-navigation .swiper-button-prev'\n\t\t\t}\n        });\n    });\n<\/script>\n\n<\/div>\n<\/div><\/div>","protected":false},"excerpt":{"rendered":"","protected":false},"author":1,"featured_media":4967,"parent":0,"menu_order":0,"comment_status":"closed","ping_status":"closed","template":"","meta":{"_acf_changed":false,"_seopress_robots_primary_cat":"","_seopress_titles_title":"Villaggio accessibile senza barriere a Cavallino-Treporti %%sep%% %%sitetitle%%","_seopress_titles_desc":"Spiaggia attrezzata e alloggi accessibili ai disabili: Villaggio San Paolo vuole garantire la possibilit\u00e0 di una vacanza a chiunque.\n\n","_seopress_robots_index":"","advgb_blocks_editor_width":"","advgb_blocks_columns_visual_guide":"","footnotes":""},"class_list":["post-1419","page","type-page","status-publish","has-post-thumbnail","hentry","entry"],"acf":[],"coauthors":[],"author_meta":{"author_link":"https:\/\/www.villaggiosanpaolo.com\/it\/author\/ales-ckgmi8c90\/","display_name":"ales-ckgmi8c90"},"relative_dates":{"created":"Pubblicato 3 anni fa","modified":"Aggiornato 1 anno fa"},"absolute_dates":{"created":"Pubblicato il Maggio 31, 2023","modified":"Aggiornato il Aprile 10, 2025"},"absolute_dates_time":{"created":"Pubblicato il Maggio 31, 2023 4:56 pm","modified":"Aggiornato il Aprile 10, 2025 9:23 am"},"featured_img_caption":"","featured_img":"https:\/\/www.villaggiosanpaolo.com\/wp-content\/uploads\/2024\/03\/villagio-san-paolo-cavallino-accessibilita.jpg","series_order":"","_links":{"self":[{"href":"https:\/\/www.villaggiosanpaolo.com\/it\/wp-json\/wp\/v2\/pages\/1419","targetHints":{"allow":["GET"]}}],"collection":[{"href":"https:\/\/www.villaggiosanpaolo.com\/it\/wp-json\/wp\/v2\/pages"}],"about":[{"href":"https:\/\/www.villaggiosanpaolo.com\/it\/wp-json\/wp\/v2\/types\/page"}],"author":[{"embeddable":true,"href":"https:\/\/www.villaggiosanpaolo.com\/it\/wp-json\/wp\/v2\/users\/1"}],"replies":[{"embeddable":true,"href":"https:\/\/www.villaggiosanpaolo.com\/it\/wp-json\/wp\/v2\/comments?post=1419"}],"version-history":[{"count":45,"href":"https:\/\/www.villaggiosanpaolo.com\/it\/wp-json\/wp\/v2\/pages\/1419\/revisions"}],"predecessor-version":[{"id":5912,"href":"https:\/\/www.villaggiosanpaolo.com\/it\/wp-json\/wp\/v2\/pages\/1419\/revisions\/5912"}],"wp:featuredmedia":[{"embeddable":true,"href":"https:\/\/www.villaggiosanpaolo.com\/it\/wp-json\/wp\/v2\/media\/4967"}],"wp:attachment":[{"href":"https:\/\/www.villaggiosanpaolo.com\/it\/wp-json\/wp\/v2\/media?parent=1419"}],"curies":[{"name":"wp","href":"https:\/\/api.w.org\/{rel}","templated":true}]}}